{"id":17907,"date":"2019-10-25T16:46:04","date_gmt":"2019-10-25T14:46:04","guid":{"rendered":"https:\/\/www.sfsic.org\/contact\/"},"modified":"2021-05-18T10:28:03","modified_gmt":"2021-05-18T08:28:03","slug":"contact","status":"publish","type":"page","link":"https:\/\/www.sfsic.org\/en\/contact\/","title":{"rendered":"Contact us"},"content":{"rendered":"<p><!-- flzn:textblock --><\/p>\n<div class=\"zone zn-textblock\" id=\"flzn-textblock-1\">\n<div class=\"zone-block zn-textblock-block va-top\">\n<div class=\"row mw-content-zone\">\n<div class=\"columns large-12\">\n<div class=\"row large-up-1 with-nice-alignment nbloc-1\">\n<div class=\"column zn-textblock-col\">\n<div class=\"column-inner\">\n<div class=\"wig-content mw-content\">\n<p>Elected among the members for a four-year term, renewable once, the members of the Board of Directors are volunteers and meet every two months during the academic year to coordinate the implementation of the association&rsquo;s projects. The commissions are the pillars of the SFSIC&rsquo;s functioning. They are led by the vice-presidents, who are in charge of thematic actions.<\/p>\n<p>Depending on your needs, you can contact the team at the following addresses:<\/p>\n<ul>\n<li><strong>President:<\/strong> <a href=\"mailto:presidence@sfsic.org\">presidence@sfsic.org<\/a><\/li>\n<li><strong>Secretary General:<\/strong> <a href=\"mailto:secretariat-general@sfsic.org\">secretariat-general@sfsic.org<\/a><\/li>\n<li><strong>Treasurer:<\/strong> <a href=\"mailto:tresorerie@sfsic.org\">tresorerie@sfsic.org<\/a><br \/>\nFor any request related to membership follow-up<\/li>\n<li><strong>VP Research:<\/strong> <a href=\"mailto:vp-recherche@sfsic.org\">vp-recherche@sfsic.org<\/a><\/li>\n<li><strong>VP Education:<\/strong> <a href=\"mailto:vp-formation@sfsic.org\">vp-formation@sfsic.org<\/a><\/li>\n<li><strong>VP International Relations:<\/strong> <a href=\"mailto:vp-ri@sfsic.org\">vp-ri@sfsic.org<\/a><\/li>\n<li><strong>VP Professional Relations:<\/strong> <a href=\"mailto:vp-rp@sfsic.org\">vp-rp@sfsic.org<\/a><\/li>\n<li><strong>VP Communication and promotion:<\/strong> <a href=\"mailto:vp-communication@sfsic.org\">vp-communication@sfsic.org<\/a><\/li>\n<\/ul>\n<p>For all requests concerning this site, such as technical problems or content updates.<\/p>\n<p>Our postal address is:<\/p>\n<p><strong>SFSIC<\/strong><\/p>\n<p><strong>77 rue de Villiers<\/strong><\/p>\n<p><strong>92200 Neuilly sur Seine<\/strong><\/p>\n<\/p><\/div>\n<\/p><\/div>\n<\/p><\/div>\n<\/p><\/div>\n<\/p><\/div>\n<\/p><\/div>\n<\/p><\/div>\n<\/div>\n<p><!-- \/flzn:textblock --><\/p>\n","protected":false},"excerpt":{"rendered":"<p>Elected among the members for a four-year term, renewable once, the members of the Board of Directors are volunteers and meet every two months during the academic year to coordinate [&hellip;]<\/p>\n","protected":false},"author":959,"featured_media":0,"parent":0,"menu_order":50,"comment_status":"closed","ping_status":"closed","template":"","meta":{"_acf_changed":false,"footnotes":""},"class_list":["post-17907","page","type-page","status-publish","hentry","wp-sticky"],"acf":[],"yoast_head":"<!-- This site is optimized with the Yoast SEO plugin v27.3 - https:\/\/yoast.com\/product\/yoast-seo-wordpress\/ -->\n<title>Contact us<\/title>\n<meta name=\"robots\" content=\"index, follow, max-snippet:-1, max-image-preview:large, max-video-preview:-1\" \/>\n<link rel=\"canonical\" href=\"https:\/\/www.sfsic.org\/en\/contact\/\" \/>\n<meta property=\"og:locale\" content=\"en_US\" \/>\n<meta property=\"og:type\" content=\"article\" \/>\n<meta property=\"og:title\" content=\"Contact us\" \/>\n<meta property=\"og:description\" content=\"Elected among the members for a four-year term, renewable once, the members of the Board of Directors are volunteers and meet every two months during the academic year to coordinate [&hellip;]\" \/>\n<meta property=\"og:url\" content=\"https:\/\/www.sfsic.org\/en\/contact\/\" \/>\n<meta property=\"og:site_name\" content=\"SFSIC\" \/>\n<meta property=\"article:modified_time\" content=\"2021-05-18T08:28:03+00:00\" \/>\n<meta name=\"twitter:card\" content=\"summary_large_image\" \/>\n<script type=\"application\/ld+json\" class=\"yoast-schema-graph\">{\"@context\":\"https:\\\/\\\/schema.org\",\"@graph\":[{\"@type\":[\"WebPage\",\"ContactPage\"],\"@id\":\"https:\\\/\\\/www.sfsic.org\\\/en\\\/contact\\\/\",\"url\":\"https:\\\/\\\/www.sfsic.org\\\/en\\\/contact\\\/\",\"name\":\"Contact us\",\"isPartOf\":{\"@id\":\"https:\\\/\\\/www.sfsic.org\\\/en\\\/#website\"},\"datePublished\":\"2019-10-25T14:46:04+00:00\",\"dateModified\":\"2021-05-18T08:28:03+00:00\",\"breadcrumb\":{\"@id\":\"https:\\\/\\\/www.sfsic.org\\\/en\\\/contact\\\/#breadcrumb\"},\"inLanguage\":\"en-US\",\"potentialAction\":[{\"@type\":\"ReadAction\",\"target\":[\"https:\\\/\\\/www.sfsic.org\\\/en\\\/contact\\\/\"]}]},{\"@type\":\"BreadcrumbList\",\"@id\":\"https:\\\/\\\/www.sfsic.org\\\/en\\\/contact\\\/#breadcrumb\",\"itemListElement\":[{\"@type\":\"ListItem\",\"position\":1,\"name\":\"Accueil\",\"item\":\"https:\\\/\\\/www.sfsic.org\\\/en\\\/\"},{\"@type\":\"ListItem\",\"position\":2,\"name\":\"Contact us\"}]},{\"@type\":\"WebSite\",\"@id\":\"https:\\\/\\\/www.sfsic.org\\\/en\\\/#website\",\"url\":\"https:\\\/\\\/www.sfsic.org\\\/en\\\/\",\"name\":\"SFSIC\",\"description\":\"Soci\u00e9t\u00e9 Fran\u00e7aise des Sciences de l&#039;Information &amp; de la Communication\",\"publisher\":{\"@id\":\"https:\\\/\\\/www.sfsic.org\\\/en\\\/#organization\"},\"potentialAction\":[{\"@type\":\"SearchAction\",\"target\":{\"@type\":\"EntryPoint\",\"urlTemplate\":\"https:\\\/\\\/www.sfsic.org\\\/en\\\/?s={search_term_string}\"},\"query-input\":{\"@type\":\"PropertyValueSpecification\",\"valueRequired\":true,\"valueName\":\"search_term_string\"}}],\"inLanguage\":\"en-US\"},{\"@type\":\"Organization\",\"@id\":\"https:\\\/\\\/www.sfsic.org\\\/en\\\/#organization\",\"name\":\"SFSIC\",\"url\":\"https:\\\/\\\/www.sfsic.org\\\/en\\\/\",\"logo\":{\"@type\":\"ImageObject\",\"inLanguage\":\"en-US\",\"@id\":\"https:\\\/\\\/www.sfsic.org\\\/en\\\/#\\\/schema\\\/logo\\\/image\\\/\",\"url\":\"https:\\\/\\\/www.sfsic.org\\\/wp-inside\\\/uploads\\\/2020\\\/05\\\/logo-sfsic.jpg\",\"contentUrl\":\"https:\\\/\\\/www.sfsic.org\\\/wp-inside\\\/uploads\\\/2020\\\/05\\\/logo-sfsic.jpg\",\"width\":1085,\"height\":1080,\"caption\":\"SFSIC\"},\"image\":{\"@id\":\"https:\\\/\\\/www.sfsic.org\\\/en\\\/#\\\/schema\\\/logo\\\/image\\\/\"}}]}<\/script>\n<!-- \/ Yoast SEO plugin. -->","yoast_head_json":{"title":"Contact us","robots":{"index":"index","follow":"follow","max-snippet":"max-snippet:-1","max-image-preview":"max-image-preview:large","max-video-preview":"max-video-preview:-1"},"canonical":"https:\/\/www.sfsic.org\/en\/contact\/","og_locale":"en_US","og_type":"article","og_title":"Contact us","og_description":"Elected among the members for a four-year term, renewable once, the members of the Board of Directors are volunteers and meet every two months during the academic year to coordinate [&hellip;]","og_url":"https:\/\/www.sfsic.org\/en\/contact\/","og_site_name":"SFSIC","article_modified_time":"2021-05-18T08:28:03+00:00","twitter_card":"summary_large_image","schema":{"@context":"https:\/\/schema.org","@graph":[{"@type":["WebPage","ContactPage"],"@id":"https:\/\/www.sfsic.org\/en\/contact\/","url":"https:\/\/www.sfsic.org\/en\/contact\/","name":"Contact us","isPartOf":{"@id":"https:\/\/www.sfsic.org\/en\/#website"},"datePublished":"2019-10-25T14:46:04+00:00","dateModified":"2021-05-18T08:28:03+00:00","breadcrumb":{"@id":"https:\/\/www.sfsic.org\/en\/contact\/#breadcrumb"},"inLanguage":"en-US","potentialAction":[{"@type":"ReadAction","target":["https:\/\/www.sfsic.org\/en\/contact\/"]}]},{"@type":"BreadcrumbList","@id":"https:\/\/www.sfsic.org\/en\/contact\/#breadcrumb","itemListElement":[{"@type":"ListItem","position":1,"name":"Accueil","item":"https:\/\/www.sfsic.org\/en\/"},{"@type":"ListItem","position":2,"name":"Contact us"}]},{"@type":"WebSite","@id":"https:\/\/www.sfsic.org\/en\/#website","url":"https:\/\/www.sfsic.org\/en\/","name":"SFSIC","description":"Soci\u00e9t\u00e9 Fran\u00e7aise des Sciences de l&#039;Information &amp; de la Communication","publisher":{"@id":"https:\/\/www.sfsic.org\/en\/#organization"},"potentialAction":[{"@type":"SearchAction","target":{"@type":"EntryPoint","urlTemplate":"https:\/\/www.sfsic.org\/en\/?s={search_term_string}"},"query-input":{"@type":"PropertyValueSpecification","valueRequired":true,"valueName":"search_term_string"}}],"inLanguage":"en-US"},{"@type":"Organization","@id":"https:\/\/www.sfsic.org\/en\/#organization","name":"SFSIC","url":"https:\/\/www.sfsic.org\/en\/","logo":{"@type":"ImageObject","inLanguage":"en-US","@id":"https:\/\/www.sfsic.org\/en\/#\/schema\/logo\/image\/","url":"https:\/\/www.sfsic.org\/wp-inside\/uploads\/2020\/05\/logo-sfsic.jpg","contentUrl":"https:\/\/www.sfsic.org\/wp-inside\/uploads\/2020\/05\/logo-sfsic.jpg","width":1085,"height":1080,"caption":"SFSIC"},"image":{"@id":"https:\/\/www.sfsic.org\/en\/#\/schema\/logo\/image\/"}}]}},"_links":{"self":[{"href":"https:\/\/www.sfsic.org\/en\/wp-json\/wp\/v2\/pages\/17907","targetHints":{"allow":["GET"]}}],"collection":[{"href":"https:\/\/www.sfsic.org\/en\/wp-json\/wp\/v2\/pages"}],"about":[{"href":"https:\/\/www.sfsic.org\/en\/wp-json\/wp\/v2\/types\/page"}],"author":[{"embeddable":true,"href":"https:\/\/www.sfsic.org\/en\/wp-json\/wp\/v2\/users\/959"}],"replies":[{"embeddable":true,"href":"https:\/\/www.sfsic.org\/en\/wp-json\/wp\/v2\/comments?post=17907"}],"version-history":[{"count":3,"href":"https:\/\/www.sfsic.org\/en\/wp-json\/wp\/v2\/pages\/17907\/revisions"}],"predecessor-version":[{"id":17910,"href":"https:\/\/www.sfsic.org\/en\/wp-json\/wp\/v2\/pages\/17907\/revisions\/17910"}],"wp:attachment":[{"href":"https:\/\/www.sfsic.org\/en\/wp-json\/wp\/v2\/media?parent=17907"}],"curies":[{"name":"wp","href":"https:\/\/api.w.org\/{rel}","templated":true}]}}