{"id":17904,"date":"2020-03-27T17:05:48","date_gmt":"2020-03-27T16:05:48","guid":{"rendered":"https:\/\/www.sfsic.org\/services\/ressources-utiles\/"},"modified":"2021-05-18T10:20:05","modified_gmt":"2021-05-18T08:20:05","slug":"ressources-utiles","status":"publish","type":"page","link":"https:\/\/www.sfsic.org\/en\/services\/ressources-utiles\/","title":{"rendered":"Useful resources"},"content":{"rendered":"<p>In this \u00a0\u00bb Useful Resources \u00a0\u00bb section, the SFSIC provides you with a series of framework documents, notes and archives which can be used in your daily activities in information and communication sciences. Some resources are only available to SFSIC members. Other resources are available to the general public.<\/p>\n<p>Do not hesitate to let us know if you think some resources are missing. Contact us at the following address: <a href=\"mailto:vp-communication@sfsic.org\">vp-communication@sfsic.org<\/a><\/p>\n<p>&nbsp;<\/p>\n<p><!-- flzn:textblock --><\/p>\n<div class=\"zone zn-textblock\" id=\"flzn-textblock-1\">\n<div class=\"zone-block zn-textblock-block va-top\">\n<div class=\"row mw-content-zone\">\n<div class=\"columns large-12\">\n<div class=\"row large-up-1 with-nice-alignment nbloc-1\">\n<div class=\"column zn-textblock-col empty-content\">\n<div class=\"column-inner\">\n<div class=\"wig-content mw-content empty-content\">\n<p>Contenu texte \u00e0 venir&#8230;<\/p>\n<\/p><\/div>\n<\/p><\/div>\n<\/p><\/div>\n<\/p><\/div>\n<\/p><\/div>\n<\/p><\/div>\n<\/p><\/div>\n<\/div>\n<p><!-- \/flzn:textblock --><\/p>\n","protected":false},"excerpt":{"rendered":"<p>In this \u00a0\u00bb Useful Resources \u00a0\u00bb section, the SFSIC provides you with a series of framework documents, notes and archives which can be used in your daily activities in information [&hellip;]<\/p>\n","protected":false},"author":959,"featured_media":0,"parent":17534,"menu_order":30,"comment_status":"closed","ping_status":"closed","template":"page-tpl-archive.php","meta":{"_acf_changed":false,"footnotes":""},"class_list":["post-17904","page","type-page","status-publish","hentry","wp-sticky"],"acf":[],"yoast_head":"<!-- This site is optimized with the Yoast SEO plugin v27.4 - https:\/\/yoast.com\/product\/yoast-seo-wordpress\/ -->\n<title>Useful resources<\/title>\n<meta name=\"description\" content=\"Avec cette section \u00ab\u00a0Ressources utiles\u00a0\u00bb, la SFSIC met \u00e0 votre disposition un ensemble de documents de cadrage, de notes et d\u2019archives mobilisables dans la pratique quotidienne de la recherche en Sciences de l\u2019Information et de la Communication (SIC).\" \/>\n<meta name=\"robots\" content=\"index, follow, max-snippet:-1, max-image-preview:large, max-video-preview:-1\" \/>\n<link rel=\"canonical\" href=\"https:\/\/www.sfsic.org\/en\/services\/ressources-utiles\/\" \/>\n<meta property=\"og:locale\" content=\"en_US\" \/>\n<meta property=\"og:type\" content=\"article\" \/>\n<meta property=\"og:title\" content=\"Useful resources\" \/>\n<meta property=\"og:description\" content=\"Avec cette section \u00ab\u00a0Ressources utiles\u00a0\u00bb, la SFSIC met \u00e0 votre disposition un ensemble de documents de cadrage, de notes et d\u2019archives mobilisables dans la pratique quotidienne de la recherche en Sciences de l\u2019Information et de la Communication (SIC).\" \/>\n<meta property=\"og:url\" content=\"https:\/\/www.sfsic.org\/en\/services\/ressources-utiles\/\" \/>\n<meta property=\"og:site_name\" content=\"SFSIC\" \/>\n<meta property=\"article:modified_time\" content=\"2021-05-18T08:20:05+00:00\" \/>\n<meta name=\"twitter:card\" content=\"summary_large_image\" \/>\n<script type=\"application\/ld+json\" class=\"yoast-schema-graph\">{\"@context\":\"https:\\\/\\\/schema.org\",\"@graph\":[{\"@type\":\"WebPage\",\"@id\":\"https:\\\/\\\/www.sfsic.org\\\/en\\\/services\\\/ressources-utiles\\\/\",\"url\":\"https:\\\/\\\/www.sfsic.org\\\/en\\\/services\\\/ressources-utiles\\\/\",\"name\":\"Useful resources\",\"isPartOf\":{\"@id\":\"https:\\\/\\\/www.sfsic.org\\\/en\\\/#website\"},\"datePublished\":\"2020-03-27T16:05:48+00:00\",\"dateModified\":\"2021-05-18T08:20:05+00:00\",\"description\":\"Avec cette section \u00ab\u00a0Ressources utiles\u00a0\u00bb, la SFSIC met \u00e0 votre disposition un ensemble de documents de cadrage, de notes et d\u2019archives mobilisables dans la pratique quotidienne de la recherche en Sciences de l\u2019Information et de la Communication (SIC).\",\"breadcrumb\":{\"@id\":\"https:\\\/\\\/www.sfsic.org\\\/en\\\/services\\\/ressources-utiles\\\/#breadcrumb\"},\"inLanguage\":\"en-US\",\"potentialAction\":[{\"@type\":\"ReadAction\",\"target\":[\"https:\\\/\\\/www.sfsic.org\\\/en\\\/services\\\/ressources-utiles\\\/\"]}]},{\"@type\":\"BreadcrumbList\",\"@id\":\"https:\\\/\\\/www.sfsic.org\\\/en\\\/services\\\/ressources-utiles\\\/#breadcrumb\",\"itemListElement\":[{\"@type\":\"ListItem\",\"position\":1,\"name\":\"Accueil\",\"item\":\"https:\\\/\\\/www.sfsic.org\\\/en\\\/\"},{\"@type\":\"ListItem\",\"position\":2,\"name\":\"Services\",\"item\":\"https:\\\/\\\/www.sfsic.org\\\/en\\\/services\\\/\"},{\"@type\":\"ListItem\",\"position\":3,\"name\":\"Useful resources\"}]},{\"@type\":\"WebSite\",\"@id\":\"https:\\\/\\\/www.sfsic.org\\\/en\\\/#website\",\"url\":\"https:\\\/\\\/www.sfsic.org\\\/en\\\/\",\"name\":\"SFSIC\",\"description\":\"Soci\u00e9t\u00e9 Fran\u00e7aise des Sciences de l&#039;Information &amp; de la Communication\",\"publisher\":{\"@id\":\"https:\\\/\\\/www.sfsic.org\\\/en\\\/#organization\"},\"potentialAction\":[{\"@type\":\"SearchAction\",\"target\":{\"@type\":\"EntryPoint\",\"urlTemplate\":\"https:\\\/\\\/www.sfsic.org\\\/en\\\/?s={search_term_string}\"},\"query-input\":{\"@type\":\"PropertyValueSpecification\",\"valueRequired\":true,\"valueName\":\"search_term_string\"}}],\"inLanguage\":\"en-US\"},{\"@type\":\"Organization\",\"@id\":\"https:\\\/\\\/www.sfsic.org\\\/en\\\/#organization\",\"name\":\"SFSIC\",\"url\":\"https:\\\/\\\/www.sfsic.org\\\/en\\\/\",\"logo\":{\"@type\":\"ImageObject\",\"inLanguage\":\"en-US\",\"@id\":\"https:\\\/\\\/www.sfsic.org\\\/en\\\/#\\\/schema\\\/logo\\\/image\\\/\",\"url\":\"https:\\\/\\\/www.sfsic.org\\\/wp-inside\\\/uploads\\\/2020\\\/05\\\/logo-sfsic.jpg\",\"contentUrl\":\"https:\\\/\\\/www.sfsic.org\\\/wp-inside\\\/uploads\\\/2020\\\/05\\\/logo-sfsic.jpg\",\"width\":1085,\"height\":1080,\"caption\":\"SFSIC\"},\"image\":{\"@id\":\"https:\\\/\\\/www.sfsic.org\\\/en\\\/#\\\/schema\\\/logo\\\/image\\\/\"}}]}<\/script>\n<!-- \/ Yoast SEO plugin. -->","yoast_head_json":{"title":"Useful resources","description":"Avec cette section \u00ab\u00a0Ressources utiles\u00a0\u00bb, la SFSIC met \u00e0 votre disposition un ensemble de documents de cadrage, de notes et d\u2019archives mobilisables dans la pratique quotidienne de la recherche en Sciences de l\u2019Information et de la Communication (SIC).","robots":{"index":"index","follow":"follow","max-snippet":"max-snippet:-1","max-image-preview":"max-image-preview:large","max-video-preview":"max-video-preview:-1"},"canonical":"https:\/\/www.sfsic.org\/en\/services\/ressources-utiles\/","og_locale":"en_US","og_type":"article","og_title":"Useful resources","og_description":"Avec cette section \u00ab\u00a0Ressources utiles\u00a0\u00bb, la SFSIC met \u00e0 votre disposition un ensemble de documents de cadrage, de notes et d\u2019archives mobilisables dans la pratique quotidienne de la recherche en Sciences de l\u2019Information et de la Communication (SIC).","og_url":"https:\/\/www.sfsic.org\/en\/services\/ressources-utiles\/","og_site_name":"SFSIC","article_modified_time":"2021-05-18T08:20:05+00:00","twitter_card":"summary_large_image","schema":{"@context":"https:\/\/schema.org","@graph":[{"@type":"WebPage","@id":"https:\/\/www.sfsic.org\/en\/services\/ressources-utiles\/","url":"https:\/\/www.sfsic.org\/en\/services\/ressources-utiles\/","name":"Useful resources","isPartOf":{"@id":"https:\/\/www.sfsic.org\/en\/#website"},"datePublished":"2020-03-27T16:05:48+00:00","dateModified":"2021-05-18T08:20:05+00:00","description":"Avec cette section \u00ab\u00a0Ressources utiles\u00a0\u00bb, la SFSIC met \u00e0 votre disposition un ensemble de documents de cadrage, de notes et d\u2019archives mobilisables dans la pratique quotidienne de la recherche en Sciences de l\u2019Information et de la Communication (SIC).","breadcrumb":{"@id":"https:\/\/www.sfsic.org\/en\/services\/ressources-utiles\/#breadcrumb"},"inLanguage":"en-US","potentialAction":[{"@type":"ReadAction","target":["https:\/\/www.sfsic.org\/en\/services\/ressources-utiles\/"]}]},{"@type":"BreadcrumbList","@id":"https:\/\/www.sfsic.org\/en\/services\/ressources-utiles\/#breadcrumb","itemListElement":[{"@type":"ListItem","position":1,"name":"Accueil","item":"https:\/\/www.sfsic.org\/en\/"},{"@type":"ListItem","position":2,"name":"Services","item":"https:\/\/www.sfsic.org\/en\/services\/"},{"@type":"ListItem","position":3,"name":"Useful resources"}]},{"@type":"WebSite","@id":"https:\/\/www.sfsic.org\/en\/#website","url":"https:\/\/www.sfsic.org\/en\/","name":"SFSIC","description":"Soci\u00e9t\u00e9 Fran\u00e7aise des Sciences de l&#039;Information &amp; de la Communication","publisher":{"@id":"https:\/\/www.sfsic.org\/en\/#organization"},"potentialAction":[{"@type":"SearchAction","target":{"@type":"EntryPoint","urlTemplate":"https:\/\/www.sfsic.org\/en\/?s={search_term_string}"},"query-input":{"@type":"PropertyValueSpecification","valueRequired":true,"valueName":"search_term_string"}}],"inLanguage":"en-US"},{"@type":"Organization","@id":"https:\/\/www.sfsic.org\/en\/#organization","name":"SFSIC","url":"https:\/\/www.sfsic.org\/en\/","logo":{"@type":"ImageObject","inLanguage":"en-US","@id":"https:\/\/www.sfsic.org\/en\/#\/schema\/logo\/image\/","url":"https:\/\/www.sfsic.org\/wp-inside\/uploads\/2020\/05\/logo-sfsic.jpg","contentUrl":"https:\/\/www.sfsic.org\/wp-inside\/uploads\/2020\/05\/logo-sfsic.jpg","width":1085,"height":1080,"caption":"SFSIC"},"image":{"@id":"https:\/\/www.sfsic.org\/en\/#\/schema\/logo\/image\/"}}]}},"_links":{"self":[{"href":"https:\/\/www.sfsic.org\/en\/wp-json\/wp\/v2\/pages\/17904","targetHints":{"allow":["GET"]}}],"collection":[{"href":"https:\/\/www.sfsic.org\/en\/wp-json\/wp\/v2\/pages"}],"about":[{"href":"https:\/\/www.sfsic.org\/en\/wp-json\/wp\/v2\/types\/page"}],"author":[{"embeddable":true,"href":"https:\/\/www.sfsic.org\/en\/wp-json\/wp\/v2\/users\/959"}],"replies":[{"embeddable":true,"href":"https:\/\/www.sfsic.org\/en\/wp-json\/wp\/v2\/comments?post=17904"}],"version-history":[{"count":1,"href":"https:\/\/www.sfsic.org\/en\/wp-json\/wp\/v2\/pages\/17904\/revisions"}],"predecessor-version":[{"id":17905,"href":"https:\/\/www.sfsic.org\/en\/wp-json\/wp\/v2\/pages\/17904\/revisions\/17905"}],"up":[{"embeddable":true,"href":"https:\/\/www.sfsic.org\/en\/wp-json\/wp\/v2\/pages\/17534"}],"wp:attachment":[{"href":"https:\/\/www.sfsic.org\/en\/wp-json\/wp\/v2\/media?parent=17904"}],"curies":[{"name":"wp","href":"https:\/\/api.w.org\/{rel}","templated":true}]}}