{"id":17900,"date":"2020-02-06T17:34:53","date_gmt":"2020-02-06T16:34:53","guid":{"rendered":"https:\/\/www.sfsic.org\/services\/labellisation-evenement\/"},"modified":"2021-05-26T09:53:54","modified_gmt":"2021-05-26T07:53:54","slug":"labellisation-evenement","status":"publish","type":"page","link":"https:\/\/www.sfsic.org\/en\/sfsic-events\/evenements-labellises-sfsic\/labellisation-evenement\/","title":{"rendered":"Label your event"},"content":{"rendered":"<p>Les adh\u00e9rents de la SFSIC peuvent solliciter la labellisation par notre association des manifestations scientifiques qu&rsquo;ils coordonnent.<\/p>\n<p>Le <strong>label SFSIC<\/strong> permet d&rsquo;associer une marque forte de reconnaissance et d\u2019int\u00e9r\u00eat \u00e0 une op\u00e9ration port\u00e9e par des acteurs op\u00e9rationnels de la recherche. Il valorise la participation au dynamisme de la communaut\u00e9 des chercheurs en Sciences de l\u2019Information et de la Communication (SIC) autour de th\u00e8mes innovants ou structurants.<\/p>\n<p>La labellisation SFSIC assure une mise en visibilit\u00e9, gr\u00e2ce aux diff\u00e9rents canaux d&rsquo;information de notre association, \u00e0 destination de l&rsquo;ensemble de la communaut\u00e9 scientifique.<\/p>\n<p><!-- flzn:textblock --><\/p>\n<div class=\"zone zn-textblock\" id=\"flzn-textblock-1\">\n<div class=\"zone-block zn-textblock-block va-top\">\n<div class=\"row mw-content-zone\">\n<div class=\"columns large-12\">\n<div class=\"row large-up-1 with-nice-alignment nbloc-1\">\n<div class=\"column zn-textblock-col\">\n<div class=\"column-inner\">\n<div class=\"wig-content mw-content\">\n<p>SFSIC members can solicit SFSIC&rsquo;s labeling of scientific events they are coordinating.<\/p>\n<p>The <strong>SFSIC label<\/strong> provides strong recognition of the importance of an operation carried out by operational research actors. The label highlights the contribution to the dynamism of the community of researchers in Information and Communication Sciences around innovating or structuring themes.<\/p>\n<p>The SFSIC label guarantees visibility to the entire scientific community through the various information channels of our association.<\/p>\n<\/p><\/div>\n<\/p><\/div>\n<\/p><\/div>\n<\/p><\/div>\n<\/p><\/div>\n<\/p><\/div>\n<\/p><\/div>\n<\/div>\n<p><!-- \/flzn:textblock --><br \/>\n<!-- flzn:textblock --><\/p>\n<div class=\"zone zn-textblock\" id=\"flzn-textblock-2\">\n<div class=\"zone-block zn-textblock-block pdd-top-off pdd-bottom-off va-top\">\n<div class=\"row mw-content-zone\">\n<div class=\"columns large-12\">\n<div class=\"row large-up-1 with-nice-alignment nbloc-1\">\n<div class=\"column zn-textblock-col\">\n<div class=\"column-inner\">\n<div class=\"wig-content mw-content\">\n<h2 style=\"text-align: center;\"><strong>Do you wish to apply for the labeling of a scientific event?<\/strong><\/h2>\n<p>&nbsp;<\/p>\n<p>SFSIC&rsquo;s <a href=\"https:\/\/www.sfsic.org\/en\/the-sfsic\/research-commission\/\">Research Commission<\/a> manages the labeling process by issuing an assessment based on a submitted application. The Commission then holds a vote with the Board of Directors, the only competent authority for this decision type.<\/p>\n<\/p><\/div>\n<\/p><\/div>\n<\/p><\/div>\n<\/p><\/div>\n<\/p><\/div>\n<\/p><\/div>\n<\/p><\/div>\n<\/div>\n<p><!-- \/flzn:textblock --><br \/>\n<!-- flzn:textblock --><\/p>\n<div class=\"zone zn-textblock with-frame with-2-blocs\" id=\"flzn-textblock-3\">\n<div class=\"zone-block zn-textblock-block pdd-top pdd-bottom-big alignwide va-top\">\n<div class=\"row mw-content-zone\">\n<div class=\"columns large-12\">\n<div class=\"row with-nice-alignment nbloc-2 blocs-with-frame collapse va-top\">\n<div class=\"columns large-6 zn-textblock-col\">\n<div class=\"columns-inner\" data-aos=\"fade-up\" data-aos-once=\"false\" data-aos-anchor=\"#flzn-textblock-3\" data-aos-anchor-placement=\"top-bottom\" data-aos-delay=\"150\">\n<div class=\"wig-content mw-content\">\n<p><strong>Requirements for consideration of the labeling request:<\/strong><\/p>\n<ul>\n<li>The event organizer must send a written application to the SFSIC Research Vice-presidency: <a href=\"mailto:vp-recherche@sfsic.org\">vp-recherche@sfsic.org<\/a>.<\/li>\n<li>The event must be carried out by a laboratory or a research team in Information and Communication Sciences.<\/li>\n<li>The scientific committee must be significantly composed of teacher-researchers and researchers in Information and Communication Sciences.<\/li>\n<li>The laboratory must be an institutional member of the SFSIC, or the event organizers must be individual members of the SFSIC.<\/li>\n<li>In the case of a colloquium, it must be subject to a double-blind evaluation by a scientific committee.<\/li>\n<\/ul><\/div>\n<\/p><\/div>\n<\/p><\/div>\n<div class=\"columns large-6 zn-textblock-col\">\n<div class=\"columns-inner\" data-aos=\"fade-up\" data-aos-once=\"false\" data-aos-anchor=\"#flzn-textblock-3\" data-aos-anchor-placement=\"top-bottom\" data-aos-delay=\"300\">\n<div class=\"wig-content mw-content\">\n<p><strong>If the scientific event is labeled:<\/strong><\/p>\n<ul>\n<li>The SFSIC label must be mentioned in any communication regarding the event. The \u00ab\u00a0Label SFSIC\u00a0\u00bb logo needs to be accompanied by the mention \u00a0\u00bb SFSIC-labeled event \u00ab\u00a0.<\/li>\n<li>A post-event report of one or two pages, which will be published on the SFSIC&rsquo;s website, must be sent to the Vice-President of Research (<a href=\"mailto:vp-recherche@sfsic.org\">vp-recherche@sfsic.org<\/a>) and the Vice-President of Communication (<a href=\"mailto:vp-communication@sfsic.org\">vp-communication@sfsic.org<\/a>) within one month following the end of the event. It shall evoke the highlights, the main issues and provide a summary. It must be in Word format and accompanied by two or three illustrations (copyright-free photos).<\/li>\n<\/ul><\/div>\n<\/p><\/div>\n<\/p><\/div>\n<\/p><\/div>\n<\/p><\/div>\n<\/p><\/div>\n<\/p><\/div>\n<\/div>\n<p><!-- \/flzn:textblock --><\/p>\n","protected":false},"excerpt":{"rendered":"<p>Les adh\u00e9rents de la SFSIC peuvent solliciter la labellisation par notre association des manifestations scientifiques qu&rsquo;ils coordonnent. Le label SFSIC permet d&rsquo;associer une marque forte de reconnaissance et d\u2019int\u00e9r\u00eat \u00e0 [&hellip;]<\/p>\n","protected":false},"author":959,"featured_media":0,"parent":17380,"menu_order":10,"comment_status":"closed","ping_status":"closed","template":"","meta":{"_acf_changed":false,"footnotes":""},"class_list":["post-17900","page","type-page","status-publish","hentry","wp-sticky"],"acf":[],"yoast_head":"<!-- This site is optimized with the Yoast SEO plugin v27.3 - https:\/\/yoast.com\/product\/yoast-seo-wordpress\/ -->\n<title>Labellisation \u00e9v\u00e9nement SIC, Label SFSIC pour \u00e9v\u00e9nement SIC<\/title>\n<meta name=\"description\" content=\"Les adh\u00e9rents de la SFSIC peuvent solliciter la labellisation par notre association des manifestations scientifiques qu&#039;ils coordonnent. Plus d&#039;informations sur notre site !\" \/>\n<meta name=\"robots\" content=\"index, follow, max-snippet:-1, max-image-preview:large, max-video-preview:-1\" \/>\n<link rel=\"canonical\" href=\"https:\/\/www.sfsic.org\/en\/sfsic-events\/evenements-labellises-sfsic\/labellisation-evenement\/\" \/>\n<meta property=\"og:locale\" content=\"en_US\" \/>\n<meta property=\"og:type\" content=\"article\" \/>\n<meta property=\"og:title\" content=\"Labellisation \u00e9v\u00e9nement SIC, Label SFSIC pour \u00e9v\u00e9nement SIC\" \/>\n<meta property=\"og:description\" content=\"Les adh\u00e9rents de la SFSIC peuvent solliciter la labellisation par notre association des manifestations scientifiques qu&#039;ils coordonnent. Plus d&#039;informations sur notre site !\" \/>\n<meta property=\"og:url\" content=\"https:\/\/www.sfsic.org\/en\/sfsic-events\/evenements-labellises-sfsic\/labellisation-evenement\/\" \/>\n<meta property=\"og:site_name\" content=\"SFSIC\" \/>\n<meta property=\"article:modified_time\" content=\"2021-05-26T07:53:54+00:00\" \/>\n<meta name=\"twitter:card\" content=\"summary_large_image\" \/>\n<script type=\"application\/ld+json\" class=\"yoast-schema-graph\">{\"@context\":\"https:\\\/\\\/schema.org\",\"@graph\":[{\"@type\":\"WebPage\",\"@id\":\"https:\\\/\\\/www.sfsic.org\\\/en\\\/sfsic-events\\\/evenements-labellises-sfsic\\\/labellisation-evenement\\\/\",\"url\":\"https:\\\/\\\/www.sfsic.org\\\/en\\\/sfsic-events\\\/evenements-labellises-sfsic\\\/labellisation-evenement\\\/\",\"name\":\"Labellisation \u00e9v\u00e9nement SIC, Label SFSIC pour \u00e9v\u00e9nement SIC\",\"isPartOf\":{\"@id\":\"https:\\\/\\\/www.sfsic.org\\\/en\\\/#website\"},\"datePublished\":\"2020-02-06T16:34:53+00:00\",\"dateModified\":\"2021-05-26T07:53:54+00:00\",\"description\":\"Les adh\u00e9rents de la SFSIC peuvent solliciter la labellisation par notre association des manifestations scientifiques qu'ils coordonnent. Plus d'informations sur notre site !\",\"breadcrumb\":{\"@id\":\"https:\\\/\\\/www.sfsic.org\\\/en\\\/sfsic-events\\\/evenements-labellises-sfsic\\\/labellisation-evenement\\\/#breadcrumb\"},\"inLanguage\":\"en-US\",\"potentialAction\":[{\"@type\":\"ReadAction\",\"target\":[\"https:\\\/\\\/www.sfsic.org\\\/en\\\/sfsic-events\\\/evenements-labellises-sfsic\\\/labellisation-evenement\\\/\"]}]},{\"@type\":\"BreadcrumbList\",\"@id\":\"https:\\\/\\\/www.sfsic.org\\\/en\\\/sfsic-events\\\/evenements-labellises-sfsic\\\/labellisation-evenement\\\/#breadcrumb\",\"itemListElement\":[{\"@type\":\"ListItem\",\"position\":1,\"name\":\"Accueil\",\"item\":\"https:\\\/\\\/www.sfsic.org\\\/en\\\/\"},{\"@type\":\"ListItem\",\"position\":2,\"name\":\"Services\",\"item\":\"https:\\\/\\\/www.sfsic.org\\\/en\\\/services\\\/\"},{\"@type\":\"ListItem\",\"position\":3,\"name\":\"Label your event\"}]},{\"@type\":\"WebSite\",\"@id\":\"https:\\\/\\\/www.sfsic.org\\\/en\\\/#website\",\"url\":\"https:\\\/\\\/www.sfsic.org\\\/en\\\/\",\"name\":\"SFSIC\",\"description\":\"Soci\u00e9t\u00e9 Fran\u00e7aise des Sciences de l&#039;Information &amp; de la Communication\",\"publisher\":{\"@id\":\"https:\\\/\\\/www.sfsic.org\\\/en\\\/#organization\"},\"potentialAction\":[{\"@type\":\"SearchAction\",\"target\":{\"@type\":\"EntryPoint\",\"urlTemplate\":\"https:\\\/\\\/www.sfsic.org\\\/en\\\/?s={search_term_string}\"},\"query-input\":{\"@type\":\"PropertyValueSpecification\",\"valueRequired\":true,\"valueName\":\"search_term_string\"}}],\"inLanguage\":\"en-US\"},{\"@type\":\"Organization\",\"@id\":\"https:\\\/\\\/www.sfsic.org\\\/en\\\/#organization\",\"name\":\"SFSIC\",\"url\":\"https:\\\/\\\/www.sfsic.org\\\/en\\\/\",\"logo\":{\"@type\":\"ImageObject\",\"inLanguage\":\"en-US\",\"@id\":\"https:\\\/\\\/www.sfsic.org\\\/en\\\/#\\\/schema\\\/logo\\\/image\\\/\",\"url\":\"https:\\\/\\\/www.sfsic.org\\\/wp-inside\\\/uploads\\\/2020\\\/05\\\/logo-sfsic.jpg\",\"contentUrl\":\"https:\\\/\\\/www.sfsic.org\\\/wp-inside\\\/uploads\\\/2020\\\/05\\\/logo-sfsic.jpg\",\"width\":1085,\"height\":1080,\"caption\":\"SFSIC\"},\"image\":{\"@id\":\"https:\\\/\\\/www.sfsic.org\\\/en\\\/#\\\/schema\\\/logo\\\/image\\\/\"}}]}<\/script>\n<!-- \/ Yoast SEO plugin. -->","yoast_head_json":{"title":"Labellisation \u00e9v\u00e9nement SIC, Label SFSIC pour \u00e9v\u00e9nement SIC","description":"Les adh\u00e9rents de la SFSIC peuvent solliciter la labellisation par notre association des manifestations scientifiques qu'ils coordonnent. Plus d'informations sur notre site !","robots":{"index":"index","follow":"follow","max-snippet":"max-snippet:-1","max-image-preview":"max-image-preview:large","max-video-preview":"max-video-preview:-1"},"canonical":"https:\/\/www.sfsic.org\/en\/sfsic-events\/evenements-labellises-sfsic\/labellisation-evenement\/","og_locale":"en_US","og_type":"article","og_title":"Labellisation \u00e9v\u00e9nement SIC, Label SFSIC pour \u00e9v\u00e9nement SIC","og_description":"Les adh\u00e9rents de la SFSIC peuvent solliciter la labellisation par notre association des manifestations scientifiques qu'ils coordonnent. Plus d'informations sur notre site !","og_url":"https:\/\/www.sfsic.org\/en\/sfsic-events\/evenements-labellises-sfsic\/labellisation-evenement\/","og_site_name":"SFSIC","article_modified_time":"2021-05-26T07:53:54+00:00","twitter_card":"summary_large_image","schema":{"@context":"https:\/\/schema.org","@graph":[{"@type":"WebPage","@id":"https:\/\/www.sfsic.org\/en\/sfsic-events\/evenements-labellises-sfsic\/labellisation-evenement\/","url":"https:\/\/www.sfsic.org\/en\/sfsic-events\/evenements-labellises-sfsic\/labellisation-evenement\/","name":"Labellisation \u00e9v\u00e9nement SIC, Label SFSIC pour \u00e9v\u00e9nement SIC","isPartOf":{"@id":"https:\/\/www.sfsic.org\/en\/#website"},"datePublished":"2020-02-06T16:34:53+00:00","dateModified":"2021-05-26T07:53:54+00:00","description":"Les adh\u00e9rents de la SFSIC peuvent solliciter la labellisation par notre association des manifestations scientifiques qu'ils coordonnent. Plus d'informations sur notre site !","breadcrumb":{"@id":"https:\/\/www.sfsic.org\/en\/sfsic-events\/evenements-labellises-sfsic\/labellisation-evenement\/#breadcrumb"},"inLanguage":"en-US","potentialAction":[{"@type":"ReadAction","target":["https:\/\/www.sfsic.org\/en\/sfsic-events\/evenements-labellises-sfsic\/labellisation-evenement\/"]}]},{"@type":"BreadcrumbList","@id":"https:\/\/www.sfsic.org\/en\/sfsic-events\/evenements-labellises-sfsic\/labellisation-evenement\/#breadcrumb","itemListElement":[{"@type":"ListItem","position":1,"name":"Accueil","item":"https:\/\/www.sfsic.org\/en\/"},{"@type":"ListItem","position":2,"name":"Services","item":"https:\/\/www.sfsic.org\/en\/services\/"},{"@type":"ListItem","position":3,"name":"Label your event"}]},{"@type":"WebSite","@id":"https:\/\/www.sfsic.org\/en\/#website","url":"https:\/\/www.sfsic.org\/en\/","name":"SFSIC","description":"Soci\u00e9t\u00e9 Fran\u00e7aise des Sciences de l&#039;Information &amp; de la Communication","publisher":{"@id":"https:\/\/www.sfsic.org\/en\/#organization"},"potentialAction":[{"@type":"SearchAction","target":{"@type":"EntryPoint","urlTemplate":"https:\/\/www.sfsic.org\/en\/?s={search_term_string}"},"query-input":{"@type":"PropertyValueSpecification","valueRequired":true,"valueName":"search_term_string"}}],"inLanguage":"en-US"},{"@type":"Organization","@id":"https:\/\/www.sfsic.org\/en\/#organization","name":"SFSIC","url":"https:\/\/www.sfsic.org\/en\/","logo":{"@type":"ImageObject","inLanguage":"en-US","@id":"https:\/\/www.sfsic.org\/en\/#\/schema\/logo\/image\/","url":"https:\/\/www.sfsic.org\/wp-inside\/uploads\/2020\/05\/logo-sfsic.jpg","contentUrl":"https:\/\/www.sfsic.org\/wp-inside\/uploads\/2020\/05\/logo-sfsic.jpg","width":1085,"height":1080,"caption":"SFSIC"},"image":{"@id":"https:\/\/www.sfsic.org\/en\/#\/schema\/logo\/image\/"}}]}},"_links":{"self":[{"href":"https:\/\/www.sfsic.org\/en\/wp-json\/wp\/v2\/pages\/17900","targetHints":{"allow":["GET"]}}],"collection":[{"href":"https:\/\/www.sfsic.org\/en\/wp-json\/wp\/v2\/pages"}],"about":[{"href":"https:\/\/www.sfsic.org\/en\/wp-json\/wp\/v2\/types\/page"}],"author":[{"embeddable":true,"href":"https:\/\/www.sfsic.org\/en\/wp-json\/wp\/v2\/users\/959"}],"replies":[{"embeddable":true,"href":"https:\/\/www.sfsic.org\/en\/wp-json\/wp\/v2\/comments?post=17900"}],"version-history":[{"count":3,"href":"https:\/\/www.sfsic.org\/en\/wp-json\/wp\/v2\/pages\/17900\/revisions"}],"predecessor-version":[{"id":18165,"href":"https:\/\/www.sfsic.org\/en\/wp-json\/wp\/v2\/pages\/17900\/revisions\/18165"}],"up":[{"embeddable":true,"href":"https:\/\/www.sfsic.org\/en\/wp-json\/wp\/v2\/pages\/17380"}],"wp:attachment":[{"href":"https:\/\/www.sfsic.org\/en\/wp-json\/wp\/v2\/media?parent=17900"}],"curies":[{"name":"wp","href":"https:\/\/api.w.org\/{rel}","templated":true}]}}