{"id":17893,"date":"2020-04-24T15:53:51","date_gmt":"2020-04-24T13:53:51","guid":{"rendered":"https:\/\/www.sfsic.org\/services\/publication-dune-information-sur-le-site\/diffuser-un-avis-de-publication\/"},"modified":"2021-05-18T10:09:56","modified_gmt":"2021-05-18T08:09:56","slug":"diffuser-un-avis-de-publication","status":"publish","type":"page","link":"https:\/\/www.sfsic.org\/en\/services\/publication-dune-information-sur-le-site\/diffuser-un-avis-de-publication\/","title":{"rendered":"Publish a notice of publication"},"content":{"rendered":"<p><!-- flzn:textblock --><\/p>\n<div class=\"zone zn-textblock\" id=\"flzn-textblock-1\">\n<div class=\"zone-block zn-textblock-block va-top\">\n<div class=\"row mw-content-zone\">\n<div class=\"columns large-12\">\n<div class=\"row large-up-1 with-nice-alignment nbloc-1\">\n<div class=\"column zn-textblock-col\">\n<div class=\"column-inner\">\n<div class=\"wig-content mw-content\">\n<p>Vous publiez une production individuelle ou collective dans le champ des Sciences de l&rsquo;Information et de la Communication (SIC). En tant qu&rsquo;adh\u00e9rent de la SFSIC, vous pouvez l&rsquo;annoncer \u00e0 la communaut\u00e9 scientifique \u00e0 travers nos diff\u00e9rents supports de communication.<\/p>\n<p>Merci de compl\u00e9ter le formulaire suivant. La pr\u00e9cision des informations transmises nous permettra de diffuser votre avis de publication efficacement sur ce site et via notre syst\u00e8me de notifications.<\/p>\n<\/p><\/div>\n<\/p><\/div>\n<\/p><\/div>\n<\/p><\/div>\n<\/p><\/div>\n<\/p><\/div>\n<\/p><\/div>\n<\/div>\n<p><!-- \/flzn:textblock --><\/p>\n","protected":false},"excerpt":{"rendered":"<p>Vous publiez une production individuelle ou collective dans le champ des Sciences de l&rsquo;Information et de la Communication (SIC). En tant qu&rsquo;adh\u00e9rent de la SFSIC, vous pouvez l&rsquo;annoncer \u00e0 la [&hellip;]<\/p>\n","protected":false},"author":959,"featured_media":0,"parent":17880,"menu_order":42,"comment_status":"closed","ping_status":"closed","template":"","meta":{"_acf_changed":false,"footnotes":""},"class_list":["post-17893","page","type-page","status-publish","hentry","wp-sticky"],"acf":[],"yoast_head":"<!-- This site is optimized with the Yoast SEO plugin v27.4 - https:\/\/yoast.com\/product\/yoast-seo-wordpress\/ -->\n<title>Publish a notice of publication<\/title>\n<meta name=\"robots\" content=\"index, follow, max-snippet:-1, max-image-preview:large, max-video-preview:-1\" \/>\n<link rel=\"canonical\" href=\"https:\/\/www.sfsic.org\/en\/services\/publication-dune-information-sur-le-site\/diffuser-un-avis-de-publication\/\" \/>\n<meta property=\"og:locale\" content=\"en_US\" \/>\n<meta property=\"og:type\" content=\"article\" \/>\n<meta property=\"og:title\" content=\"Publish a notice of publication\" \/>\n<meta property=\"og:description\" content=\"Vous publiez une production individuelle ou collective dans le champ des Sciences de l&rsquo;Information et de la Communication (SIC). En tant qu&rsquo;adh\u00e9rent de la SFSIC, vous pouvez l&rsquo;annoncer \u00e0 la [&hellip;]\" \/>\n<meta property=\"og:url\" content=\"https:\/\/www.sfsic.org\/en\/services\/publication-dune-information-sur-le-site\/diffuser-un-avis-de-publication\/\" \/>\n<meta property=\"og:site_name\" content=\"SFSIC\" \/>\n<meta property=\"article:modified_time\" content=\"2021-05-18T08:09:56+00:00\" \/>\n<meta name=\"twitter:card\" content=\"summary_large_image\" \/>\n<script type=\"application\/ld+json\" class=\"yoast-schema-graph\">{\"@context\":\"https:\\\/\\\/schema.org\",\"@graph\":[{\"@type\":\"WebPage\",\"@id\":\"https:\\\/\\\/www.sfsic.org\\\/en\\\/services\\\/publication-dune-information-sur-le-site\\\/diffuser-un-avis-de-publication\\\/\",\"url\":\"https:\\\/\\\/www.sfsic.org\\\/en\\\/services\\\/publication-dune-information-sur-le-site\\\/diffuser-un-avis-de-publication\\\/\",\"name\":\"Publish a notice of publication\",\"isPartOf\":{\"@id\":\"https:\\\/\\\/www.sfsic.org\\\/en\\\/#website\"},\"datePublished\":\"2020-04-24T13:53:51+00:00\",\"dateModified\":\"2021-05-18T08:09:56+00:00\",\"breadcrumb\":{\"@id\":\"https:\\\/\\\/www.sfsic.org\\\/en\\\/services\\\/publication-dune-information-sur-le-site\\\/diffuser-un-avis-de-publication\\\/#breadcrumb\"},\"inLanguage\":\"en-US\",\"potentialAction\":[{\"@type\":\"ReadAction\",\"target\":[\"https:\\\/\\\/www.sfsic.org\\\/en\\\/services\\\/publication-dune-information-sur-le-site\\\/diffuser-un-avis-de-publication\\\/\"]}]},{\"@type\":\"BreadcrumbList\",\"@id\":\"https:\\\/\\\/www.sfsic.org\\\/en\\\/services\\\/publication-dune-information-sur-le-site\\\/diffuser-un-avis-de-publication\\\/#breadcrumb\",\"itemListElement\":[{\"@type\":\"ListItem\",\"position\":1,\"name\":\"Accueil\",\"item\":\"https:\\\/\\\/www.sfsic.org\\\/en\\\/\"},{\"@type\":\"ListItem\",\"position\":2,\"name\":\"Services\",\"item\":\"https:\\\/\\\/www.sfsic.org\\\/en\\\/services\\\/\"},{\"@type\":\"ListItem\",\"position\":3,\"name\":\"Publish your information\",\"item\":\"https:\\\/\\\/www.sfsic.org\\\/en\\\/services\\\/publication-dune-information-sur-le-site\\\/\"},{\"@type\":\"ListItem\",\"position\":4,\"name\":\"Publish a notice of publication\"}]},{\"@type\":\"WebSite\",\"@id\":\"https:\\\/\\\/www.sfsic.org\\\/en\\\/#website\",\"url\":\"https:\\\/\\\/www.sfsic.org\\\/en\\\/\",\"name\":\"SFSIC\",\"description\":\"Soci\u00e9t\u00e9 Fran\u00e7aise des Sciences de l&#039;Information &amp; de la Communication\",\"publisher\":{\"@id\":\"https:\\\/\\\/www.sfsic.org\\\/en\\\/#organization\"},\"potentialAction\":[{\"@type\":\"SearchAction\",\"target\":{\"@type\":\"EntryPoint\",\"urlTemplate\":\"https:\\\/\\\/www.sfsic.org\\\/en\\\/?s={search_term_string}\"},\"query-input\":{\"@type\":\"PropertyValueSpecification\",\"valueRequired\":true,\"valueName\":\"search_term_string\"}}],\"inLanguage\":\"en-US\"},{\"@type\":\"Organization\",\"@id\":\"https:\\\/\\\/www.sfsic.org\\\/en\\\/#organization\",\"name\":\"SFSIC\",\"url\":\"https:\\\/\\\/www.sfsic.org\\\/en\\\/\",\"logo\":{\"@type\":\"ImageObject\",\"inLanguage\":\"en-US\",\"@id\":\"https:\\\/\\\/www.sfsic.org\\\/en\\\/#\\\/schema\\\/logo\\\/image\\\/\",\"url\":\"https:\\\/\\\/www.sfsic.org\\\/wp-inside\\\/uploads\\\/2020\\\/05\\\/logo-sfsic.jpg\",\"contentUrl\":\"https:\\\/\\\/www.sfsic.org\\\/wp-inside\\\/uploads\\\/2020\\\/05\\\/logo-sfsic.jpg\",\"width\":1085,\"height\":1080,\"caption\":\"SFSIC\"},\"image\":{\"@id\":\"https:\\\/\\\/www.sfsic.org\\\/en\\\/#\\\/schema\\\/logo\\\/image\\\/\"}}]}<\/script>\n<!-- \/ Yoast SEO plugin. -->","yoast_head_json":{"title":"Publish a notice of publication","robots":{"index":"index","follow":"follow","max-snippet":"max-snippet:-1","max-image-preview":"max-image-preview:large","max-video-preview":"max-video-preview:-1"},"canonical":"https:\/\/www.sfsic.org\/en\/services\/publication-dune-information-sur-le-site\/diffuser-un-avis-de-publication\/","og_locale":"en_US","og_type":"article","og_title":"Publish a notice of publication","og_description":"Vous publiez une production individuelle ou collective dans le champ des Sciences de l&rsquo;Information et de la Communication (SIC). En tant qu&rsquo;adh\u00e9rent de la SFSIC, vous pouvez l&rsquo;annoncer \u00e0 la [&hellip;]","og_url":"https:\/\/www.sfsic.org\/en\/services\/publication-dune-information-sur-le-site\/diffuser-un-avis-de-publication\/","og_site_name":"SFSIC","article_modified_time":"2021-05-18T08:09:56+00:00","twitter_card":"summary_large_image","schema":{"@context":"https:\/\/schema.org","@graph":[{"@type":"WebPage","@id":"https:\/\/www.sfsic.org\/en\/services\/publication-dune-information-sur-le-site\/diffuser-un-avis-de-publication\/","url":"https:\/\/www.sfsic.org\/en\/services\/publication-dune-information-sur-le-site\/diffuser-un-avis-de-publication\/","name":"Publish a notice of publication","isPartOf":{"@id":"https:\/\/www.sfsic.org\/en\/#website"},"datePublished":"2020-04-24T13:53:51+00:00","dateModified":"2021-05-18T08:09:56+00:00","breadcrumb":{"@id":"https:\/\/www.sfsic.org\/en\/services\/publication-dune-information-sur-le-site\/diffuser-un-avis-de-publication\/#breadcrumb"},"inLanguage":"en-US","potentialAction":[{"@type":"ReadAction","target":["https:\/\/www.sfsic.org\/en\/services\/publication-dune-information-sur-le-site\/diffuser-un-avis-de-publication\/"]}]},{"@type":"BreadcrumbList","@id":"https:\/\/www.sfsic.org\/en\/services\/publication-dune-information-sur-le-site\/diffuser-un-avis-de-publication\/#breadcrumb","itemListElement":[{"@type":"ListItem","position":1,"name":"Accueil","item":"https:\/\/www.sfsic.org\/en\/"},{"@type":"ListItem","position":2,"name":"Services","item":"https:\/\/www.sfsic.org\/en\/services\/"},{"@type":"ListItem","position":3,"name":"Publish your information","item":"https:\/\/www.sfsic.org\/en\/services\/publication-dune-information-sur-le-site\/"},{"@type":"ListItem","position":4,"name":"Publish a notice of publication"}]},{"@type":"WebSite","@id":"https:\/\/www.sfsic.org\/en\/#website","url":"https:\/\/www.sfsic.org\/en\/","name":"SFSIC","description":"Soci\u00e9t\u00e9 Fran\u00e7aise des Sciences de l&#039;Information &amp; de la Communication","publisher":{"@id":"https:\/\/www.sfsic.org\/en\/#organization"},"potentialAction":[{"@type":"SearchAction","target":{"@type":"EntryPoint","urlTemplate":"https:\/\/www.sfsic.org\/en\/?s={search_term_string}"},"query-input":{"@type":"PropertyValueSpecification","valueRequired":true,"valueName":"search_term_string"}}],"inLanguage":"en-US"},{"@type":"Organization","@id":"https:\/\/www.sfsic.org\/en\/#organization","name":"SFSIC","url":"https:\/\/www.sfsic.org\/en\/","logo":{"@type":"ImageObject","inLanguage":"en-US","@id":"https:\/\/www.sfsic.org\/en\/#\/schema\/logo\/image\/","url":"https:\/\/www.sfsic.org\/wp-inside\/uploads\/2020\/05\/logo-sfsic.jpg","contentUrl":"https:\/\/www.sfsic.org\/wp-inside\/uploads\/2020\/05\/logo-sfsic.jpg","width":1085,"height":1080,"caption":"SFSIC"},"image":{"@id":"https:\/\/www.sfsic.org\/en\/#\/schema\/logo\/image\/"}}]}},"_links":{"self":[{"href":"https:\/\/www.sfsic.org\/en\/wp-json\/wp\/v2\/pages\/17893","targetHints":{"allow":["GET"]}}],"collection":[{"href":"https:\/\/www.sfsic.org\/en\/wp-json\/wp\/v2\/pages"}],"about":[{"href":"https:\/\/www.sfsic.org\/en\/wp-json\/wp\/v2\/types\/page"}],"author":[{"embeddable":true,"href":"https:\/\/www.sfsic.org\/en\/wp-json\/wp\/v2\/users\/959"}],"replies":[{"embeddable":true,"href":"https:\/\/www.sfsic.org\/en\/wp-json\/wp\/v2\/comments?post=17893"}],"version-history":[{"count":1,"href":"https:\/\/www.sfsic.org\/en\/wp-json\/wp\/v2\/pages\/17893\/revisions"}],"predecessor-version":[{"id":17894,"href":"https:\/\/www.sfsic.org\/en\/wp-json\/wp\/v2\/pages\/17893\/revisions\/17894"}],"up":[{"embeddable":true,"href":"https:\/\/www.sfsic.org\/en\/wp-json\/wp\/v2\/pages\/17880"}],"wp:attachment":[{"href":"https:\/\/www.sfsic.org\/en\/wp-json\/wp\/v2\/media?parent=17893"}],"curies":[{"name":"wp","href":"https:\/\/api.w.org\/{rel}","templated":true}]}}