{"id":17880,"date":"2020-02-06T17:34:29","date_gmt":"2020-02-06T16:34:29","guid":{"rendered":"https:\/\/www.sfsic.org\/services\/publication-dune-information-sur-le-site\/"},"modified":"2021-05-26T09:52:49","modified_gmt":"2021-05-26T07:52:49","slug":"publication-dune-information-sur-le-site","status":"publish","type":"page","link":"https:\/\/www.sfsic.org\/en\/services\/publication-dune-information-sur-le-site\/","title":{"rendered":"Publish your information"},"content":{"rendered":"<p>En tant qu&rsquo;adh\u00e9rent de la SFSIC, vous pouvez vous appuyer sur ce site pour diffuser<br \/>\ndes informations relatives \u00e0 vos projets. Vous pouvez ainsi partager des appels \u00e0 communications en vue d&rsquo;un <a href=\"https:\/\/www.sfsic.org\/evenements-sfsic\/\">\u00e9v\u00e9nement<\/a> ou d&rsquo;une <a href=\"https:\/\/www.sfsic.org\/publications-sfsic\/\">publication<\/a>, des <a href=\"https:\/\/www.sfsic.org\/services\/labellisation-evenement\/\">annonces d&rsquo;\u00e9v\u00e9nements<\/a> , des <span style=\"text-decoration: underline;\">avis de publication<\/span>\u00a0ou des <span style=\"text-decoration: underline;\">offres d&#8217;emploi<\/span>\u00a0avec l&rsquo;ensemble de la communaut\u00e9 scientifique des Sciences de l&rsquo;Information et de la Communication.<\/p>\n<p><!-- flzn:textblock --><\/p>\n<div class=\"zone zn-textblock with-2-blocs\" id=\"flzn-textblock-1\">\n<div class=\"zone-block zn-textblock-block pdd-bottom-off alignwide va-top\">\n<div class=\"row mw-content-zone\">\n<div class=\"columns large-12\">\n<div class=\"row with-nice-alignment nbloc-2 va-top\">\n<div class=\"columns large-6 zn-textblock-col\">\n<div class=\"columns-inner\">\n<div class=\"wig-content mw-content\">\n<p>As a member of the SFSIC, you can rely on this site to publish information about your projects. You can therefore share calls for papers for events or publications, announcements of upcoming events, publication notices, job offers with the entire scientific community of Information and Communication Sciences.<\/p>\n<p>&nbsp;<\/p>\n<\/p><\/div>\n<\/p><\/div>\n<\/p><\/div>\n<div class=\"columns large-6 zn-textblock-col\">\n<div class=\"columns-inner\">\n<div class=\"wig-content mw-content\">\n<p>In addition to displaying information on this site, the SFSIC also ensures its diffusion via a service of personalized newsletters. For this service to be fully effective, we suggest that you fill out forms adapted to the different types of information that we can distribute. Upon validation of the form, the SFSIC communication team will check the provided content and approve it for distribution.<\/p>\n<\/p><\/div>\n<\/p><\/div>\n<\/p><\/div>\n<\/p><\/div>\n<\/p><\/div>\n<\/p><\/div>\n<\/p><\/div>\n<\/div>\n<p><!-- \/flzn:textblock --><\/p>\n","protected":false},"excerpt":{"rendered":"<p>En tant qu&rsquo;adh\u00e9rent de la SFSIC, vous pouvez vous appuyer sur ce site pour diffuser des informations relatives \u00e0 vos projets. Vous pouvez ainsi partager des appels \u00e0 communications en [&hellip;]<\/p>\n","protected":false},"author":959,"featured_media":0,"parent":17534,"menu_order":5,"comment_status":"closed","ping_status":"closed","template":"page-tpl-carrefour.php","meta":{"_acf_changed":false,"footnotes":""},"class_list":["post-17880","page","type-page","status-publish","hentry","wp-sticky"],"acf":[],"yoast_head":"<!-- This site is optimized with the Yoast SEO plugin v27.3 - https:\/\/yoast.com\/product\/yoast-seo-wordpress\/ -->\n<title>Publication information SIC, Information communaut\u00e9 scientifique des SIC<\/title>\n<meta name=\"description\" content=\"En tant qu&#039;adh\u00e9rent de la SFSIC, vous pouvez vous appuyer sur ce site pour diffuserdes informations relatives \u00e0 vos projets. Partagez des appels \u00e0 communications en vue d&#039;un \u00e9v\u00e9nement, publication, annonces d&#039;\u00e9v\u00e9nements , avis de publication\u00a0ou des offres d&#039;emploi !\" \/>\n<meta name=\"robots\" content=\"index, follow, max-snippet:-1, max-image-preview:large, max-video-preview:-1\" \/>\n<link rel=\"canonical\" href=\"https:\/\/www.sfsic.org\/en\/services\/publication-dune-information-sur-le-site\/\" \/>\n<meta property=\"og:locale\" content=\"en_US\" \/>\n<meta property=\"og:type\" content=\"article\" \/>\n<meta property=\"og:title\" content=\"Publication information SIC, Information communaut\u00e9 scientifique des SIC\" \/>\n<meta property=\"og:description\" content=\"En tant qu&#039;adh\u00e9rent de la SFSIC, vous pouvez vous appuyer sur ce site pour diffuserdes informations relatives \u00e0 vos projets. Partagez des appels \u00e0 communications en vue d&#039;un \u00e9v\u00e9nement, publication, annonces d&#039;\u00e9v\u00e9nements , avis de publication\u00a0ou des offres d&#039;emploi !\" \/>\n<meta property=\"og:url\" content=\"https:\/\/www.sfsic.org\/en\/services\/publication-dune-information-sur-le-site\/\" \/>\n<meta property=\"og:site_name\" content=\"SFSIC\" \/>\n<meta property=\"article:modified_time\" content=\"2021-05-26T07:52:49+00:00\" \/>\n<meta name=\"twitter:card\" content=\"summary_large_image\" \/>\n<script type=\"application\/ld+json\" class=\"yoast-schema-graph\">{\"@context\":\"https:\\\/\\\/schema.org\",\"@graph\":[{\"@type\":\"WebPage\",\"@id\":\"https:\\\/\\\/www.sfsic.org\\\/en\\\/services\\\/publication-dune-information-sur-le-site\\\/\",\"url\":\"https:\\\/\\\/www.sfsic.org\\\/en\\\/services\\\/publication-dune-information-sur-le-site\\\/\",\"name\":\"Publication information SIC, Information communaut\u00e9 scientifique des SIC\",\"isPartOf\":{\"@id\":\"https:\\\/\\\/www.sfsic.org\\\/en\\\/#website\"},\"datePublished\":\"2020-02-06T16:34:29+00:00\",\"dateModified\":\"2021-05-26T07:52:49+00:00\",\"description\":\"En tant qu'adh\u00e9rent de la SFSIC, vous pouvez vous appuyer sur ce site pour diffuserdes informations relatives \u00e0 vos projets. Partagez des appels \u00e0 communications en vue d'un \u00e9v\u00e9nement, publication, annonces d'\u00e9v\u00e9nements , avis de publication\u00a0ou des offres d'emploi !\",\"breadcrumb\":{\"@id\":\"https:\\\/\\\/www.sfsic.org\\\/en\\\/services\\\/publication-dune-information-sur-le-site\\\/#breadcrumb\"},\"inLanguage\":\"en-US\",\"potentialAction\":[{\"@type\":\"ReadAction\",\"target\":[\"https:\\\/\\\/www.sfsic.org\\\/en\\\/services\\\/publication-dune-information-sur-le-site\\\/\"]}]},{\"@type\":\"BreadcrumbList\",\"@id\":\"https:\\\/\\\/www.sfsic.org\\\/en\\\/services\\\/publication-dune-information-sur-le-site\\\/#breadcrumb\",\"itemListElement\":[{\"@type\":\"ListItem\",\"position\":1,\"name\":\"Accueil\",\"item\":\"https:\\\/\\\/www.sfsic.org\\\/en\\\/\"},{\"@type\":\"ListItem\",\"position\":2,\"name\":\"Services\",\"item\":\"https:\\\/\\\/www.sfsic.org\\\/en\\\/services\\\/\"},{\"@type\":\"ListItem\",\"position\":3,\"name\":\"Publish your information\"}]},{\"@type\":\"WebSite\",\"@id\":\"https:\\\/\\\/www.sfsic.org\\\/en\\\/#website\",\"url\":\"https:\\\/\\\/www.sfsic.org\\\/en\\\/\",\"name\":\"SFSIC\",\"description\":\"Soci\u00e9t\u00e9 Fran\u00e7aise des Sciences de l&#039;Information &amp; de la Communication\",\"publisher\":{\"@id\":\"https:\\\/\\\/www.sfsic.org\\\/en\\\/#organization\"},\"potentialAction\":[{\"@type\":\"SearchAction\",\"target\":{\"@type\":\"EntryPoint\",\"urlTemplate\":\"https:\\\/\\\/www.sfsic.org\\\/en\\\/?s={search_term_string}\"},\"query-input\":{\"@type\":\"PropertyValueSpecification\",\"valueRequired\":true,\"valueName\":\"search_term_string\"}}],\"inLanguage\":\"en-US\"},{\"@type\":\"Organization\",\"@id\":\"https:\\\/\\\/www.sfsic.org\\\/en\\\/#organization\",\"name\":\"SFSIC\",\"url\":\"https:\\\/\\\/www.sfsic.org\\\/en\\\/\",\"logo\":{\"@type\":\"ImageObject\",\"inLanguage\":\"en-US\",\"@id\":\"https:\\\/\\\/www.sfsic.org\\\/en\\\/#\\\/schema\\\/logo\\\/image\\\/\",\"url\":\"https:\\\/\\\/www.sfsic.org\\\/wp-inside\\\/uploads\\\/2020\\\/05\\\/logo-sfsic.jpg\",\"contentUrl\":\"https:\\\/\\\/www.sfsic.org\\\/wp-inside\\\/uploads\\\/2020\\\/05\\\/logo-sfsic.jpg\",\"width\":1085,\"height\":1080,\"caption\":\"SFSIC\"},\"image\":{\"@id\":\"https:\\\/\\\/www.sfsic.org\\\/en\\\/#\\\/schema\\\/logo\\\/image\\\/\"}}]}<\/script>\n<!-- \/ Yoast SEO plugin. -->","yoast_head_json":{"title":"Publication information SIC, Information communaut\u00e9 scientifique des SIC","description":"En tant qu'adh\u00e9rent de la SFSIC, vous pouvez vous appuyer sur ce site pour diffuserdes informations relatives \u00e0 vos projets. Partagez des appels \u00e0 communications en vue d'un \u00e9v\u00e9nement, publication, annonces d'\u00e9v\u00e9nements , avis de publication\u00a0ou des offres d'emploi !","robots":{"index":"index","follow":"follow","max-snippet":"max-snippet:-1","max-image-preview":"max-image-preview:large","max-video-preview":"max-video-preview:-1"},"canonical":"https:\/\/www.sfsic.org\/en\/services\/publication-dune-information-sur-le-site\/","og_locale":"en_US","og_type":"article","og_title":"Publication information SIC, Information communaut\u00e9 scientifique des SIC","og_description":"En tant qu'adh\u00e9rent de la SFSIC, vous pouvez vous appuyer sur ce site pour diffuserdes informations relatives \u00e0 vos projets. Partagez des appels \u00e0 communications en vue d'un \u00e9v\u00e9nement, publication, annonces d'\u00e9v\u00e9nements , avis de publication\u00a0ou des offres d'emploi !","og_url":"https:\/\/www.sfsic.org\/en\/services\/publication-dune-information-sur-le-site\/","og_site_name":"SFSIC","article_modified_time":"2021-05-26T07:52:49+00:00","twitter_card":"summary_large_image","schema":{"@context":"https:\/\/schema.org","@graph":[{"@type":"WebPage","@id":"https:\/\/www.sfsic.org\/en\/services\/publication-dune-information-sur-le-site\/","url":"https:\/\/www.sfsic.org\/en\/services\/publication-dune-information-sur-le-site\/","name":"Publication information SIC, Information communaut\u00e9 scientifique des SIC","isPartOf":{"@id":"https:\/\/www.sfsic.org\/en\/#website"},"datePublished":"2020-02-06T16:34:29+00:00","dateModified":"2021-05-26T07:52:49+00:00","description":"En tant qu'adh\u00e9rent de la SFSIC, vous pouvez vous appuyer sur ce site pour diffuserdes informations relatives \u00e0 vos projets. Partagez des appels \u00e0 communications en vue d'un \u00e9v\u00e9nement, publication, annonces d'\u00e9v\u00e9nements , avis de publication\u00a0ou des offres d'emploi !","breadcrumb":{"@id":"https:\/\/www.sfsic.org\/en\/services\/publication-dune-information-sur-le-site\/#breadcrumb"},"inLanguage":"en-US","potentialAction":[{"@type":"ReadAction","target":["https:\/\/www.sfsic.org\/en\/services\/publication-dune-information-sur-le-site\/"]}]},{"@type":"BreadcrumbList","@id":"https:\/\/www.sfsic.org\/en\/services\/publication-dune-information-sur-le-site\/#breadcrumb","itemListElement":[{"@type":"ListItem","position":1,"name":"Accueil","item":"https:\/\/www.sfsic.org\/en\/"},{"@type":"ListItem","position":2,"name":"Services","item":"https:\/\/www.sfsic.org\/en\/services\/"},{"@type":"ListItem","position":3,"name":"Publish your information"}]},{"@type":"WebSite","@id":"https:\/\/www.sfsic.org\/en\/#website","url":"https:\/\/www.sfsic.org\/en\/","name":"SFSIC","description":"Soci\u00e9t\u00e9 Fran\u00e7aise des Sciences de l&#039;Information &amp; de la Communication","publisher":{"@id":"https:\/\/www.sfsic.org\/en\/#organization"},"potentialAction":[{"@type":"SearchAction","target":{"@type":"EntryPoint","urlTemplate":"https:\/\/www.sfsic.org\/en\/?s={search_term_string}"},"query-input":{"@type":"PropertyValueSpecification","valueRequired":true,"valueName":"search_term_string"}}],"inLanguage":"en-US"},{"@type":"Organization","@id":"https:\/\/www.sfsic.org\/en\/#organization","name":"SFSIC","url":"https:\/\/www.sfsic.org\/en\/","logo":{"@type":"ImageObject","inLanguage":"en-US","@id":"https:\/\/www.sfsic.org\/en\/#\/schema\/logo\/image\/","url":"https:\/\/www.sfsic.org\/wp-inside\/uploads\/2020\/05\/logo-sfsic.jpg","contentUrl":"https:\/\/www.sfsic.org\/wp-inside\/uploads\/2020\/05\/logo-sfsic.jpg","width":1085,"height":1080,"caption":"SFSIC"},"image":{"@id":"https:\/\/www.sfsic.org\/en\/#\/schema\/logo\/image\/"}}]}},"_links":{"self":[{"href":"https:\/\/www.sfsic.org\/en\/wp-json\/wp\/v2\/pages\/17880","targetHints":{"allow":["GET"]}}],"collection":[{"href":"https:\/\/www.sfsic.org\/en\/wp-json\/wp\/v2\/pages"}],"about":[{"href":"https:\/\/www.sfsic.org\/en\/wp-json\/wp\/v2\/types\/page"}],"author":[{"embeddable":true,"href":"https:\/\/www.sfsic.org\/en\/wp-json\/wp\/v2\/users\/959"}],"replies":[{"embeddable":true,"href":"https:\/\/www.sfsic.org\/en\/wp-json\/wp\/v2\/comments?post=17880"}],"version-history":[{"count":4,"href":"https:\/\/www.sfsic.org\/en\/wp-json\/wp\/v2\/pages\/17880\/revisions"}],"predecessor-version":[{"id":18163,"href":"https:\/\/www.sfsic.org\/en\/wp-json\/wp\/v2\/pages\/17880\/revisions\/18163"}],"up":[{"embeddable":true,"href":"https:\/\/www.sfsic.org\/en\/wp-json\/wp\/v2\/pages\/17534"}],"wp:attachment":[{"href":"https:\/\/www.sfsic.org\/en\/wp-json\/wp\/v2\/media?parent=17880"}],"curies":[{"name":"wp","href":"https:\/\/api.w.org\/{rel}","templated":true}]}}