{"id":17534,"date":"2020-02-06T17:23:29","date_gmt":"2020-02-06T16:23:29","guid":{"rendered":"https:\/\/www.sfsic.org\/services\/"},"modified":"2021-05-26T09:49:55","modified_gmt":"2021-05-26T07:49:55","slug":"services","status":"publish","type":"page","link":"https:\/\/www.sfsic.org\/en\/services\/","title":{"rendered":"Services"},"content":{"rendered":"<p><strong>Thank you for being a SFSIC member.<\/strong><\/p>\n<p><strong>Along with its commitment to the entire scientific community, the SFSIC provides you with various services.<\/strong><\/p>\n<p><!-- flzn:textblock --><\/p>\n<div class=\"zone zn-textblock with-2-blocs\" id=\"flzn-textblock-1\">\n<div class=\"zone-block zn-textblock-block alignwide va-top\">\n<div class=\"row mw-content-zone\">\n<div class=\"columns large-12\">\n<div class=\"row with-nice-alignment nbloc-2 va-top\">\n<div class=\"columns large-6 zn-textblock-col\">\n<div class=\"columns-inner\">\n<div class=\"wig-content mw-content\">\n<h3>Members area<\/h3>\n<div><span lang=\"EN-US\"><span lang=\"EN-US\">By completing your profile, you can set up the \u00ab\u00a0SFSIC&rsquo;s Watch\u00a0\u00bb service to receive, at an adapted frequency, information concerning the news of the research fields of your choice<\/span><\/span><\/div>\n<div><\/div>\n<p><a class=\"button outline with-arrow\" href=\"https:\/\/www.sfsic.org\/en\/espace-adherent\/\">Learn more<\/a><\/p>\n<h3><span lang=\"EN-US\">Publish your information<\/span><\/h3>\n<p>As a member, you can also benefit from the visibility of your calls for contributions, event announcements (conferences, seminars, defenses&#8230;), publications or positions to the entire scientific community.<\/p>\n<p><a class=\"button outline with-arrow\" href=\"https:\/\/www.sfsic.org\/en\/services\/publication-dune-information-sur-le-site\/\">Learn more<\/a><\/p>\n<h3>Our directory<\/h3>\n<p>The members directory allows you to identify and contact SFSIC members who are working in the fields of research you are interested in.<\/p>\n<p><a class=\"button outline with-arrow\" href=\"https:\/\/www.sfsic.org\/en\/services\/annuaire-adherents\/\">Learn more<\/a><\/p>\n<\/p><\/div>\n<\/p><\/div>\n<\/p><\/div>\n<div class=\"columns large-6 zn-textblock-col\">\n<div class=\"columns-inner\">\n<div class=\"wig-content mw-content\">\n<h3>Label your event<\/h3>\n<p>As an individual or institutional member, you can apply for the SFSIC label for events that you coordinate.<\/p>\n<p><a class=\"button outline with-arrow\" href=\"https:\/\/www.sfsic.org\/en\/services\/labellisation-evenement\/\">Learn more<\/a><\/p>\n<h3>Useful ressources<\/h3>\n<p>The \u00ab\u00a0Useful Resources\u00a0\u00bb section of this site provides you with a set of framework documents, notes and archives that can be used in the daily practice of research in Information and Communication Sciences.<\/p>\n<p><a class=\"button outline with-arrow\" href=\"https:\/\/www.sfsic.org\/en\/services\/ressources-utiles\/\">Learn more<\/a><\/p>\n<\/p><\/div>\n<\/p><\/div>\n<\/p><\/div>\n<\/p><\/div>\n<\/p><\/div>\n<\/p><\/div>\n<\/p><\/div>\n<\/div>\n<p><!-- \/flzn:textblock --><\/p>\n","protected":false},"excerpt":{"rendered":"<p>Thank you for being a SFSIC member. Along with its commitment to the entire scientific community, the SFSIC provides you with various services. Members area By completing your profile, you [&hellip;]<\/p>\n","protected":false},"author":959,"featured_media":0,"parent":0,"menu_order":30,"comment_status":"closed","ping_status":"closed","template":"","meta":{"_acf_changed":false,"footnotes":""},"class_list":["post-17534","page","type-page","status-publish","hentry","wp-sticky"],"acf":[],"yoast_head":"<!-- This site is optimized with the Yoast SEO plugin v27.3 - https:\/\/yoast.com\/product\/yoast-seo-wordpress\/ -->\n<title>Services adh\u00e9rents SFSIC : Labelliser \u00e9v\u00e9nement SIC, Ressources utiles SIC<\/title>\n<meta name=\"description\" content=\"D\u00e9couvrez les diff\u00e9rents services mis \u00e0 disposition des adh\u00e9rents de la SFSIC : espace adh\u00e9rent, publier une information, annuaire de la SFSIC, labelliser un \u00e9v\u00e9nement, ressources utiles...\" \/>\n<meta name=\"robots\" content=\"index, follow, max-snippet:-1, max-image-preview:large, max-video-preview:-1\" \/>\n<link rel=\"canonical\" href=\"https:\/\/www.sfsic.org\/en\/services\/\" \/>\n<meta property=\"og:locale\" content=\"en_US\" \/>\n<meta property=\"og:type\" content=\"article\" \/>\n<meta property=\"og:title\" content=\"Services adh\u00e9rents SFSIC : Labelliser \u00e9v\u00e9nement SIC, Ressources utiles SIC\" \/>\n<meta property=\"og:description\" content=\"D\u00e9couvrez les diff\u00e9rents services mis \u00e0 disposition des adh\u00e9rents de la SFSIC : espace adh\u00e9rent, publier une information, annuaire de la SFSIC, labelliser un \u00e9v\u00e9nement, ressources utiles...\" \/>\n<meta property=\"og:url\" content=\"https:\/\/www.sfsic.org\/en\/services\/\" \/>\n<meta property=\"og:site_name\" content=\"SFSIC\" \/>\n<meta property=\"article:modified_time\" content=\"2021-05-26T07:49:55+00:00\" \/>\n<meta name=\"twitter:card\" content=\"summary_large_image\" \/>\n<script type=\"application\/ld+json\" class=\"yoast-schema-graph\">{\"@context\":\"https:\\\/\\\/schema.org\",\"@graph\":[{\"@type\":\"WebPage\",\"@id\":\"https:\\\/\\\/www.sfsic.org\\\/en\\\/services\\\/\",\"url\":\"https:\\\/\\\/www.sfsic.org\\\/en\\\/services\\\/\",\"name\":\"Services adh\u00e9rents SFSIC : Labelliser \u00e9v\u00e9nement SIC, Ressources utiles SIC\",\"isPartOf\":{\"@id\":\"https:\\\/\\\/www.sfsic.org\\\/en\\\/#website\"},\"datePublished\":\"2020-02-06T16:23:29+00:00\",\"dateModified\":\"2021-05-26T07:49:55+00:00\",\"description\":\"D\u00e9couvrez les diff\u00e9rents services mis \u00e0 disposition des adh\u00e9rents de la SFSIC : espace adh\u00e9rent, publier une information, annuaire de la SFSIC, labelliser un \u00e9v\u00e9nement, ressources utiles...\",\"breadcrumb\":{\"@id\":\"https:\\\/\\\/www.sfsic.org\\\/en\\\/services\\\/#breadcrumb\"},\"inLanguage\":\"en-US\",\"potentialAction\":[{\"@type\":\"ReadAction\",\"target\":[\"https:\\\/\\\/www.sfsic.org\\\/en\\\/services\\\/\"]}]},{\"@type\":\"BreadcrumbList\",\"@id\":\"https:\\\/\\\/www.sfsic.org\\\/en\\\/services\\\/#breadcrumb\",\"itemListElement\":[{\"@type\":\"ListItem\",\"position\":1,\"name\":\"Accueil\",\"item\":\"https:\\\/\\\/www.sfsic.org\\\/en\\\/\"},{\"@type\":\"ListItem\",\"position\":2,\"name\":\"Services\"}]},{\"@type\":\"WebSite\",\"@id\":\"https:\\\/\\\/www.sfsic.org\\\/en\\\/#website\",\"url\":\"https:\\\/\\\/www.sfsic.org\\\/en\\\/\",\"name\":\"SFSIC\",\"description\":\"Soci\u00e9t\u00e9 Fran\u00e7aise des Sciences de l&#039;Information &amp; de la Communication\",\"publisher\":{\"@id\":\"https:\\\/\\\/www.sfsic.org\\\/en\\\/#organization\"},\"potentialAction\":[{\"@type\":\"SearchAction\",\"target\":{\"@type\":\"EntryPoint\",\"urlTemplate\":\"https:\\\/\\\/www.sfsic.org\\\/en\\\/?s={search_term_string}\"},\"query-input\":{\"@type\":\"PropertyValueSpecification\",\"valueRequired\":true,\"valueName\":\"search_term_string\"}}],\"inLanguage\":\"en-US\"},{\"@type\":\"Organization\",\"@id\":\"https:\\\/\\\/www.sfsic.org\\\/en\\\/#organization\",\"name\":\"SFSIC\",\"url\":\"https:\\\/\\\/www.sfsic.org\\\/en\\\/\",\"logo\":{\"@type\":\"ImageObject\",\"inLanguage\":\"en-US\",\"@id\":\"https:\\\/\\\/www.sfsic.org\\\/en\\\/#\\\/schema\\\/logo\\\/image\\\/\",\"url\":\"https:\\\/\\\/www.sfsic.org\\\/wp-inside\\\/uploads\\\/2020\\\/05\\\/logo-sfsic.jpg\",\"contentUrl\":\"https:\\\/\\\/www.sfsic.org\\\/wp-inside\\\/uploads\\\/2020\\\/05\\\/logo-sfsic.jpg\",\"width\":1085,\"height\":1080,\"caption\":\"SFSIC\"},\"image\":{\"@id\":\"https:\\\/\\\/www.sfsic.org\\\/en\\\/#\\\/schema\\\/logo\\\/image\\\/\"}}]}<\/script>\n<!-- \/ Yoast SEO plugin. -->","yoast_head_json":{"title":"Services adh\u00e9rents SFSIC : Labelliser \u00e9v\u00e9nement SIC, Ressources utiles SIC","description":"D\u00e9couvrez les diff\u00e9rents services mis \u00e0 disposition des adh\u00e9rents de la SFSIC : espace adh\u00e9rent, publier une information, annuaire de la SFSIC, labelliser un \u00e9v\u00e9nement, ressources utiles...","robots":{"index":"index","follow":"follow","max-snippet":"max-snippet:-1","max-image-preview":"max-image-preview:large","max-video-preview":"max-video-preview:-1"},"canonical":"https:\/\/www.sfsic.org\/en\/services\/","og_locale":"en_US","og_type":"article","og_title":"Services adh\u00e9rents SFSIC : Labelliser \u00e9v\u00e9nement SIC, Ressources utiles SIC","og_description":"D\u00e9couvrez les diff\u00e9rents services mis \u00e0 disposition des adh\u00e9rents de la SFSIC : espace adh\u00e9rent, publier une information, annuaire de la SFSIC, labelliser un \u00e9v\u00e9nement, ressources utiles...","og_url":"https:\/\/www.sfsic.org\/en\/services\/","og_site_name":"SFSIC","article_modified_time":"2021-05-26T07:49:55+00:00","twitter_card":"summary_large_image","schema":{"@context":"https:\/\/schema.org","@graph":[{"@type":"WebPage","@id":"https:\/\/www.sfsic.org\/en\/services\/","url":"https:\/\/www.sfsic.org\/en\/services\/","name":"Services adh\u00e9rents SFSIC : Labelliser \u00e9v\u00e9nement SIC, Ressources utiles SIC","isPartOf":{"@id":"https:\/\/www.sfsic.org\/en\/#website"},"datePublished":"2020-02-06T16:23:29+00:00","dateModified":"2021-05-26T07:49:55+00:00","description":"D\u00e9couvrez les diff\u00e9rents services mis \u00e0 disposition des adh\u00e9rents de la SFSIC : espace adh\u00e9rent, publier une information, annuaire de la SFSIC, labelliser un \u00e9v\u00e9nement, ressources utiles...","breadcrumb":{"@id":"https:\/\/www.sfsic.org\/en\/services\/#breadcrumb"},"inLanguage":"en-US","potentialAction":[{"@type":"ReadAction","target":["https:\/\/www.sfsic.org\/en\/services\/"]}]},{"@type":"BreadcrumbList","@id":"https:\/\/www.sfsic.org\/en\/services\/#breadcrumb","itemListElement":[{"@type":"ListItem","position":1,"name":"Accueil","item":"https:\/\/www.sfsic.org\/en\/"},{"@type":"ListItem","position":2,"name":"Services"}]},{"@type":"WebSite","@id":"https:\/\/www.sfsic.org\/en\/#website","url":"https:\/\/www.sfsic.org\/en\/","name":"SFSIC","description":"Soci\u00e9t\u00e9 Fran\u00e7aise des Sciences de l&#039;Information &amp; de la Communication","publisher":{"@id":"https:\/\/www.sfsic.org\/en\/#organization"},"potentialAction":[{"@type":"SearchAction","target":{"@type":"EntryPoint","urlTemplate":"https:\/\/www.sfsic.org\/en\/?s={search_term_string}"},"query-input":{"@type":"PropertyValueSpecification","valueRequired":true,"valueName":"search_term_string"}}],"inLanguage":"en-US"},{"@type":"Organization","@id":"https:\/\/www.sfsic.org\/en\/#organization","name":"SFSIC","url":"https:\/\/www.sfsic.org\/en\/","logo":{"@type":"ImageObject","inLanguage":"en-US","@id":"https:\/\/www.sfsic.org\/en\/#\/schema\/logo\/image\/","url":"https:\/\/www.sfsic.org\/wp-inside\/uploads\/2020\/05\/logo-sfsic.jpg","contentUrl":"https:\/\/www.sfsic.org\/wp-inside\/uploads\/2020\/05\/logo-sfsic.jpg","width":1085,"height":1080,"caption":"SFSIC"},"image":{"@id":"https:\/\/www.sfsic.org\/en\/#\/schema\/logo\/image\/"}}]}},"_links":{"self":[{"href":"https:\/\/www.sfsic.org\/en\/wp-json\/wp\/v2\/pages\/17534","targetHints":{"allow":["GET"]}}],"collection":[{"href":"https:\/\/www.sfsic.org\/en\/wp-json\/wp\/v2\/pages"}],"about":[{"href":"https:\/\/www.sfsic.org\/en\/wp-json\/wp\/v2\/types\/page"}],"author":[{"embeddable":true,"href":"https:\/\/www.sfsic.org\/en\/wp-json\/wp\/v2\/users\/959"}],"replies":[{"embeddable":true,"href":"https:\/\/www.sfsic.org\/en\/wp-json\/wp\/v2\/comments?post=17534"}],"version-history":[{"count":5,"href":"https:\/\/www.sfsic.org\/en\/wp-json\/wp\/v2\/pages\/17534\/revisions"}],"predecessor-version":[{"id":18161,"href":"https:\/\/www.sfsic.org\/en\/wp-json\/wp\/v2\/pages\/17534\/revisions\/18161"}],"wp:attachment":[{"href":"https:\/\/www.sfsic.org\/en\/wp-json\/wp\/v2\/media?parent=17534"}],"curies":[{"name":"wp","href":"https:\/\/api.w.org\/{rel}","templated":true}]}}