{"id":17380,"date":"2020-02-06T17:32:35","date_gmt":"2020-02-06T16:32:35","guid":{"rendered":"https:\/\/www.sfsic.org\/sfsic-events\/evenements-labellises-sfsic\/"},"modified":"2022-01-27T15:25:10","modified_gmt":"2022-01-27T14:25:10","slug":"evenements-labellises-sfsic","status":"publish","type":"page","link":"https:\/\/www.sfsic.org\/en\/sfsic-events\/evenements-labellises-sfsic\/","title":{"rendered":"SFSIC labeled events"},"content":{"rendered":"<p><!-- flzn:textblock --><\/p>\n<div class=\"zone zn-textblock\" id=\"flzn-textblock-1\">\n<div class=\"zone-block zn-textblock-block va-top\">\n<div class=\"row mw-content-zone\">\n<div class=\"columns large-12\">\n<div class=\"row large-up-1 with-nice-alignment nbloc-1\">\n<div class=\"column zn-textblock-col\">\n<div class=\"column-inner\">\n<div class=\"wig-content mw-content\">\n<p>The SFSIC supports its members by offering to label scientific events contributing to the debates within the Information and Communication Sciences community. The labeled events use our label in their communication supports and benefit from a strong valorization by the association.<\/p>\n<p>&nbsp;<\/p>\n<\/p><\/div>\n<\/p><\/div>\n<\/p><\/div>\n<\/p><\/div>\n<\/p><\/div>\n<\/p><\/div>\n<\/p><\/div>\n<\/div>\n<p><!-- \/flzn:textblock --><br \/>\n<!-- flzn:textblock --><\/p>\n<div class=\"zone zn-textblock\" id=\"flzn-textblock-2\">\n<div class=\"zone-block zn-textblock-block va-top\">\n<div class=\"row mw-content-zone\">\n<div class=\"columns large-12\">\n<div class=\"zn-textblock-titlebox\">\n<h2 class=\"zone-title zn-textblock-title\">\n\t\t\t\t\tEvents recently labelled by the SFSIC\t\t\t\t<\/h2>\n<\/p><\/div>\n<div class=\"row large-up-1 with-nice-alignment nbloc-1\">\n<div class=\"column zn-textblock-col\">\n<div class=\"column-inner\">\n<div class=\"wig-content mw-content\">\n<p>&nbsp;<\/p>\n<ul>\n<li><em>\u00ab\u00a0Alter-organisation\u00a0\u00bb \u2013 L\u2019alter, providence ou contrainte post-covid19\u00a0?<\/em>, colloque organis\u00e9 le 9 mai 2022 dans le cadre du 89\u00e8me congr\u00e8s de l\u2019ACFAS<\/li>\n<li><em>La presse culturelle aujourd&rsquo;hui &#8211; Un genre m\u00e9diatique en reconfiguration\u00a0?,<\/em>\u00a0colloque organis\u00e9 du 9 au 10 mai 2022 \u00a0par les laboratoires CARISM et GRESEC \u00e0 l&rsquo;Universit\u00e9 Paris II Panth\u00e9on-Sorbonne<\/li>\n<li><em>Les Maisons des Illustres\u00a0: des m\u00e9moires en mouvements<\/em>, Arbois, 8 juin 2022 dans le cadre du bicentenaire de Louis Pasteur<\/li>\n<li><em>Digital Health Communication\u00a0: Issues and Perspectives<\/em>, Pr\u00e9conf\u00e9rence du Congr\u00e8s de l&rsquo;ICA organis\u00e9e par le CIMEOS, Dijon, 31 mai 2022<\/li>\n<li><em>Mondialisation de la culture &#8211; La diversit\u00e9 des cultures en question<\/em> &#8211; XXV\u00e8me Colloque Franco-Roumain en Sciences de l&rsquo;Information et de la Communication organis\u00e9 par le r\u00e9seau Cr\u00e9amed,\u00a0<span style=\"font-size: inherit;\">Iasi, Roumanie, 26-28 mai 2022<\/span><\/li>\n<li><em>Comparative Privacy and the Literacies of a Networked Age\u00a0: A Critical Approach<\/em>, Pr\u00e9conf\u00e9rence du Congr\u00e8s de l&rsquo;ICA, Mulhouse, 25 mai 2022<\/li>\n<li><em>Post-Truth and Affective Publics\u2019 Challenges to Social Ties<\/em>, Pr\u00e9conf\u00e9rence du Congr\u00e8s de l&rsquo;ICA, Metz, 25 mai 2022<\/li>\n<li><em>L\u2019expert.e en sant\u00e9 dans les m\u00e9dias, entre l\u00e9gitimit\u00e9 et controverses<\/em>, colloque organis\u00e9 par les laboratoires CREM et Communication et Soci\u00e9t\u00e9 \u00e0 Nancy les 17 et 18 mai 2022.<\/li>\n<li><em>Un monde de crises au prisme des communications organisationnelles<\/em>, colloque 2022 du GER Org&amp;Co, Louvain, 5 mai 2022<\/li>\n<li><em>Tiers-Lieux Culturels &#8211; Regards crois\u00e9s entre chercheurs, professionnels et artistes<\/em>, Colloque pluridisciplinaire organis\u00e9 par le r\u00e9seau de recherche Cr\u00e9amed. Toulon, les 17-18 mars 2022.<\/li>\n<li><em>Transitions en tension \u2013\u00a0Controverses et tensions autour des transitions \u00e9cologiques<\/em>, colloque international organis\u00e9 par le GER Communication, Environnement, Sciences et Soci\u00e9t\u00e9, l\u2019UCLouvain, l\u2019ULB, l\u2019ORM et le LASCO les 16 et 17 d\u00e9cembre 2021.<\/li>\n<li><em>De l\u2019infod\u00e9mie en temps de crise sanitaire mondiale, <\/em>colloque international organis\u00e9 par la Chaire Unesco \u00ab\u00a0Pratiques journalistiques et m\u00e9diatiques\u00a0\u00bb de l\u2019Universit\u00e9 de Strasbourg, le LISEC et le CERREV les 20 et 21 mai 2021.<\/li>\n<li><em>La soci\u00e9t\u00e9 en r\u00e9seaux\u00a0: r\u00e9\u00e9valuations et applications d\u2019un concept<\/em>, colloque international organis\u00e9 par\u00a0Le Centre de Recherche sur la Communication et les M\u00e9dias de l&rsquo;Institut d&rsquo;\u00c9tudes de la Communication de Lille, du 24 au 26 juin 2021<\/li>\n<li><em>Comment parler d\u2019environnement\u00a0? H\u00e9ros\/H\u00e9raults et communication environnementale. <\/em>Colloque annuel du Groupe d\u2019\u00e9tudes et de recherche \u00ab\u00a0Communication, environnement, science et soci\u00e9t\u00e9\u00a0\u00bb, du 9 au 11 d\u00e9cembre 2020<\/li>\n<li><em>Les titres \u2013 Intituler les \u0153uvres d\u2019art, les biens culturels et les contenus m\u00e9diatiques<\/em>. 2\u00e8me colloque international \u00ab\u00a0Penser les cat\u00e9gories de pens\u00e9e\u00a0\u00bb, Universit\u00e9 Paul Val\u00e9ry \u2013 Montpellier 3, 16-18 juin 2021<\/li>\n<li>Colloque\u00a0: <em>Journalisme et plateforme 2 &#8211; Information, infom\u00e9diation et \u00ab\u00a0fake news\u00a0\u00bb<\/em>, IMSIC, EJCAM, Marseille, janvier 2021<\/li>\n<li>Colloque international <em>\u00ab\u00a0La mode comme mod\u00e8le\u00a0? Ethique, \u00e9tiquette, \u00e9tiquetage\u00a0\u00bb<\/em>, COMSOS (Univ. Clermont-Auvergne) et GRIPIC (CELSA), Maison de la Recherche, Sorbonne Universit\u00e9, 2 et 3 juin 2020<\/li>\n<li>Colloque international\u00a0<em>: \u00c9tats &amp; perspectives de la s\u00e9mio-pragmatique dans les recherches sur le cin\u00e9ma, l\u2019audiovisuel &amp; les nouveaux espaces de communication<\/em>, IMSIC, CIMEOS, IRCAV, 1, 2 et 3 Juillet 2020, Paris<\/li>\n<li>Colloque<em> Pharmaphone- Socioabilit\u00e9s, affects, r\u00e9seaux<\/em>,\u00a0 Laboratoire IMSIC, Universit\u00e9 de Toulon, Observatoire de la Communication Humaine, Villa Tamaris, 15, 16 et 17 janvier 2020<\/li>\n<li>Colloque International\u00a0: <em>TICEMED &#8211; l\u2019\u00e9ducation aux m\u00e9dias tout au long de la vie : des nouveaux enjeux p\u00e9dagogiques \u00e0 l\u2019accompagnement du citoyen<\/em>,<br \/>\nIMSIC, CREM, D\u00e9partement de Communication, M\u00e9dias, Culture &#8211; Universit\u00e9 Panteion, Ath\u00e8nes, Gr\u00e8ce, 7 &#8211; 9 Avril 2020<\/li>\n<li>Colloque international en Sciences de l\u2019Information et de la Communication<em>\u00a0: Mat\u00e9rialit\u00e9(s) et formes sociales : objets, machines, m\u00e9moires<\/em>, PREFICS (Universit\u00e9 Rennes 2) &amp; GERiiCO (Universit\u00e9 de Lille Rennes, 25-27 mars 2020<\/li>\n<li>Journ\u00e9e d\u2019\u00e9tudes DICEN-IDF, <em>La communication \u00e0 l\u2019\u00e9preuve et au secours de la sant\u00e9 au travail\u00a0: Regards acad\u00e9miques sur la pr\u00e9vention des risques professionnels<\/em>, UPEM, IFIS, DICEN IDF, Marne La Vall\u00e9e, 20 juin 2019<\/li>\n<li><em>Intellectuels et m\u00e9dias &#8211; <\/em><em>Impact de la digitalisation des formes d&rsquo;engagement et de d\u00e9bat public, <\/em>XXIV\u00e8me colloque franco-roumain en SIC, Facult\u00e9 de Journalisme et Sciences de la Communication, Universit\u00e9 de Bucarest, 31 octobre-2 novembre 2019<\/li>\n<li><em>Le genre : quels enjeux pour la professionnalisation en communication ?<\/em>, RESIPROC, Montr\u00e9al, 30-31 mai 2019<\/li>\n<li><em>Les enjeux et usages de la temporalit\u00e9 en communication politique<\/em>,<br \/>\nPROTAGORAS IHECS CELSA Sorbonne, IHECS \u2013 Bruxelles, 6 et 7 juin 2019<\/li>\n<li><em>La participation dans une soci\u00e9t\u00e9 de communication<\/em>, LASCO (UCLouvain) &#8211; PReCoM (Saint Louis Bruxelles), UCLouvain Saint-Louis Bruxelles, 12 et 13 septembre 2019<\/li>\n<\/ul>\n<p>&nbsp;<\/p>\n<p>&nbsp;<\/p>\n<\/p><\/div>\n<\/p><\/div>\n<\/p><\/div>\n<\/p><\/div>\n<\/p><\/div>\n<\/p><\/div>\n<\/p><\/div>\n<\/div>\n<p><!-- \/flzn:textblock --><\/p>\n","protected":false},"excerpt":{"rendered":"<p>The SFSIC supports its members by offering to label scientific events contributing to the debates within the Information and Communication Sciences community. The labeled events use our label in their [&hellip;]<\/p>\n","protected":false},"author":959,"featured_media":0,"parent":17302,"menu_order":20,"comment_status":"closed","ping_status":"closed","template":"","meta":{"_acf_changed":false,"footnotes":""},"class_list":["post-17380","page","type-page","status-publish","hentry","wp-sticky"],"acf":[],"yoast_head":"<!-- This site is optimized with the Yoast SEO plugin v27.4 - https:\/\/yoast.com\/product\/yoast-seo-wordpress\/ -->\n<title>Labellisation \u00e9v\u00e9nement scientifique, Ev\u00e9nement labellis\u00e9 SFSIC<\/title>\n<meta name=\"description\" content=\"La SFSIC soutient ses adh\u00e9rents en proposant une labellisation des \u00e9v\u00e9nements scientifiques contribuant \u00e0 nourrir les d\u00e9bats au sein de la communaut\u00e9 des Sciences de l\u2019Information et de la Communication (SIC).\" \/>\n<meta name=\"robots\" content=\"index, follow, max-snippet:-1, max-image-preview:large, max-video-preview:-1\" \/>\n<link rel=\"canonical\" href=\"https:\/\/www.sfsic.org\/en\/sfsic-events\/evenements-labellises-sfsic\/\" \/>\n<meta property=\"og:locale\" content=\"en_US\" \/>\n<meta property=\"og:type\" content=\"article\" \/>\n<meta property=\"og:title\" content=\"Labellisation \u00e9v\u00e9nement scientifique, Ev\u00e9nement labellis\u00e9 SFSIC\" \/>\n<meta property=\"og:description\" content=\"La SFSIC soutient ses adh\u00e9rents en proposant une labellisation des \u00e9v\u00e9nements scientifiques contribuant \u00e0 nourrir les d\u00e9bats au sein de la communaut\u00e9 des Sciences de l\u2019Information et de la Communication (SIC).\" \/>\n<meta property=\"og:url\" content=\"https:\/\/www.sfsic.org\/en\/sfsic-events\/evenements-labellises-sfsic\/\" \/>\n<meta property=\"og:site_name\" content=\"SFSIC\" \/>\n<meta property=\"article:modified_time\" content=\"2022-01-27T14:25:10+00:00\" \/>\n<meta name=\"twitter:card\" content=\"summary_large_image\" \/>\n<script type=\"application\/ld+json\" class=\"yoast-schema-graph\">{\"@context\":\"https:\\\/\\\/schema.org\",\"@graph\":[{\"@type\":\"WebPage\",\"@id\":\"https:\\\/\\\/www.sfsic.org\\\/en\\\/sfsic-events\\\/evenements-labellises-sfsic\\\/\",\"url\":\"https:\\\/\\\/www.sfsic.org\\\/en\\\/sfsic-events\\\/evenements-labellises-sfsic\\\/\",\"name\":\"Labellisation \u00e9v\u00e9nement scientifique, Ev\u00e9nement labellis\u00e9 SFSIC\",\"isPartOf\":{\"@id\":\"https:\\\/\\\/www.sfsic.org\\\/en\\\/#website\"},\"datePublished\":\"2020-02-06T16:32:35+00:00\",\"dateModified\":\"2022-01-27T14:25:10+00:00\",\"description\":\"La SFSIC soutient ses adh\u00e9rents en proposant une labellisation des \u00e9v\u00e9nements scientifiques contribuant \u00e0 nourrir les d\u00e9bats au sein de la communaut\u00e9 des Sciences de l\u2019Information et de la Communication (SIC).\",\"breadcrumb\":{\"@id\":\"https:\\\/\\\/www.sfsic.org\\\/en\\\/sfsic-events\\\/evenements-labellises-sfsic\\\/#breadcrumb\"},\"inLanguage\":\"en-US\",\"potentialAction\":[{\"@type\":\"ReadAction\",\"target\":[\"https:\\\/\\\/www.sfsic.org\\\/en\\\/sfsic-events\\\/evenements-labellises-sfsic\\\/\"]}]},{\"@type\":\"BreadcrumbList\",\"@id\":\"https:\\\/\\\/www.sfsic.org\\\/en\\\/sfsic-events\\\/evenements-labellises-sfsic\\\/#breadcrumb\",\"itemListElement\":[{\"@type\":\"ListItem\",\"position\":1,\"name\":\"Accueil\",\"item\":\"https:\\\/\\\/www.sfsic.org\\\/en\\\/\"},{\"@type\":\"ListItem\",\"position\":2,\"name\":\"SFSIC Events\",\"item\":\"https:\\\/\\\/www.sfsic.org\\\/en\\\/sfsic-events\\\/\"},{\"@type\":\"ListItem\",\"position\":3,\"name\":\"SFSIC labeled events\"}]},{\"@type\":\"WebSite\",\"@id\":\"https:\\\/\\\/www.sfsic.org\\\/en\\\/#website\",\"url\":\"https:\\\/\\\/www.sfsic.org\\\/en\\\/\",\"name\":\"SFSIC\",\"description\":\"Soci\u00e9t\u00e9 Fran\u00e7aise des Sciences de l&#039;Information &amp; de la Communication\",\"publisher\":{\"@id\":\"https:\\\/\\\/www.sfsic.org\\\/en\\\/#organization\"},\"potentialAction\":[{\"@type\":\"SearchAction\",\"target\":{\"@type\":\"EntryPoint\",\"urlTemplate\":\"https:\\\/\\\/www.sfsic.org\\\/en\\\/?s={search_term_string}\"},\"query-input\":{\"@type\":\"PropertyValueSpecification\",\"valueRequired\":true,\"valueName\":\"search_term_string\"}}],\"inLanguage\":\"en-US\"},{\"@type\":\"Organization\",\"@id\":\"https:\\\/\\\/www.sfsic.org\\\/en\\\/#organization\",\"name\":\"SFSIC\",\"url\":\"https:\\\/\\\/www.sfsic.org\\\/en\\\/\",\"logo\":{\"@type\":\"ImageObject\",\"inLanguage\":\"en-US\",\"@id\":\"https:\\\/\\\/www.sfsic.org\\\/en\\\/#\\\/schema\\\/logo\\\/image\\\/\",\"url\":\"https:\\\/\\\/www.sfsic.org\\\/wp-inside\\\/uploads\\\/2020\\\/05\\\/logo-sfsic.jpg\",\"contentUrl\":\"https:\\\/\\\/www.sfsic.org\\\/wp-inside\\\/uploads\\\/2020\\\/05\\\/logo-sfsic.jpg\",\"width\":1085,\"height\":1080,\"caption\":\"SFSIC\"},\"image\":{\"@id\":\"https:\\\/\\\/www.sfsic.org\\\/en\\\/#\\\/schema\\\/logo\\\/image\\\/\"}}]}<\/script>\n<!-- \/ Yoast SEO plugin. -->","yoast_head_json":{"title":"Labellisation \u00e9v\u00e9nement scientifique, Ev\u00e9nement labellis\u00e9 SFSIC","description":"La SFSIC soutient ses adh\u00e9rents en proposant une labellisation des \u00e9v\u00e9nements scientifiques contribuant \u00e0 nourrir les d\u00e9bats au sein de la communaut\u00e9 des Sciences de l\u2019Information et de la Communication (SIC).","robots":{"index":"index","follow":"follow","max-snippet":"max-snippet:-1","max-image-preview":"max-image-preview:large","max-video-preview":"max-video-preview:-1"},"canonical":"https:\/\/www.sfsic.org\/en\/sfsic-events\/evenements-labellises-sfsic\/","og_locale":"en_US","og_type":"article","og_title":"Labellisation \u00e9v\u00e9nement scientifique, Ev\u00e9nement labellis\u00e9 SFSIC","og_description":"La SFSIC soutient ses adh\u00e9rents en proposant une labellisation des \u00e9v\u00e9nements scientifiques contribuant \u00e0 nourrir les d\u00e9bats au sein de la communaut\u00e9 des Sciences de l\u2019Information et de la Communication (SIC).","og_url":"https:\/\/www.sfsic.org\/en\/sfsic-events\/evenements-labellises-sfsic\/","og_site_name":"SFSIC","article_modified_time":"2022-01-27T14:25:10+00:00","twitter_card":"summary_large_image","schema":{"@context":"https:\/\/schema.org","@graph":[{"@type":"WebPage","@id":"https:\/\/www.sfsic.org\/en\/sfsic-events\/evenements-labellises-sfsic\/","url":"https:\/\/www.sfsic.org\/en\/sfsic-events\/evenements-labellises-sfsic\/","name":"Labellisation \u00e9v\u00e9nement scientifique, Ev\u00e9nement labellis\u00e9 SFSIC","isPartOf":{"@id":"https:\/\/www.sfsic.org\/en\/#website"},"datePublished":"2020-02-06T16:32:35+00:00","dateModified":"2022-01-27T14:25:10+00:00","description":"La SFSIC soutient ses adh\u00e9rents en proposant une labellisation des \u00e9v\u00e9nements scientifiques contribuant \u00e0 nourrir les d\u00e9bats au sein de la communaut\u00e9 des Sciences de l\u2019Information et de la Communication (SIC).","breadcrumb":{"@id":"https:\/\/www.sfsic.org\/en\/sfsic-events\/evenements-labellises-sfsic\/#breadcrumb"},"inLanguage":"en-US","potentialAction":[{"@type":"ReadAction","target":["https:\/\/www.sfsic.org\/en\/sfsic-events\/evenements-labellises-sfsic\/"]}]},{"@type":"BreadcrumbList","@id":"https:\/\/www.sfsic.org\/en\/sfsic-events\/evenements-labellises-sfsic\/#breadcrumb","itemListElement":[{"@type":"ListItem","position":1,"name":"Accueil","item":"https:\/\/www.sfsic.org\/en\/"},{"@type":"ListItem","position":2,"name":"SFSIC Events","item":"https:\/\/www.sfsic.org\/en\/sfsic-events\/"},{"@type":"ListItem","position":3,"name":"SFSIC labeled events"}]},{"@type":"WebSite","@id":"https:\/\/www.sfsic.org\/en\/#website","url":"https:\/\/www.sfsic.org\/en\/","name":"SFSIC","description":"Soci\u00e9t\u00e9 Fran\u00e7aise des Sciences de l&#039;Information &amp; de la Communication","publisher":{"@id":"https:\/\/www.sfsic.org\/en\/#organization"},"potentialAction":[{"@type":"SearchAction","target":{"@type":"EntryPoint","urlTemplate":"https:\/\/www.sfsic.org\/en\/?s={search_term_string}"},"query-input":{"@type":"PropertyValueSpecification","valueRequired":true,"valueName":"search_term_string"}}],"inLanguage":"en-US"},{"@type":"Organization","@id":"https:\/\/www.sfsic.org\/en\/#organization","name":"SFSIC","url":"https:\/\/www.sfsic.org\/en\/","logo":{"@type":"ImageObject","inLanguage":"en-US","@id":"https:\/\/www.sfsic.org\/en\/#\/schema\/logo\/image\/","url":"https:\/\/www.sfsic.org\/wp-inside\/uploads\/2020\/05\/logo-sfsic.jpg","contentUrl":"https:\/\/www.sfsic.org\/wp-inside\/uploads\/2020\/05\/logo-sfsic.jpg","width":1085,"height":1080,"caption":"SFSIC"},"image":{"@id":"https:\/\/www.sfsic.org\/en\/#\/schema\/logo\/image\/"}}]}},"_links":{"self":[{"href":"https:\/\/www.sfsic.org\/en\/wp-json\/wp\/v2\/pages\/17380","targetHints":{"allow":["GET"]}}],"collection":[{"href":"https:\/\/www.sfsic.org\/en\/wp-json\/wp\/v2\/pages"}],"about":[{"href":"https:\/\/www.sfsic.org\/en\/wp-json\/wp\/v2\/types\/page"}],"author":[{"embeddable":true,"href":"https:\/\/www.sfsic.org\/en\/wp-json\/wp\/v2\/users\/959"}],"replies":[{"embeddable":true,"href":"https:\/\/www.sfsic.org\/en\/wp-json\/wp\/v2\/comments?post=17380"}],"version-history":[{"count":4,"href":"https:\/\/www.sfsic.org\/en\/wp-json\/wp\/v2\/pages\/17380\/revisions"}],"predecessor-version":[{"id":22457,"href":"https:\/\/www.sfsic.org\/en\/wp-json\/wp\/v2\/pages\/17380\/revisions\/22457"}],"up":[{"embeddable":true,"href":"https:\/\/www.sfsic.org\/en\/wp-json\/wp\/v2\/pages\/17302"}],"wp:attachment":[{"href":"https:\/\/www.sfsic.org\/en\/wp-json\/wp\/v2\/media?parent=17380"}],"curies":[{"name":"wp","href":"https:\/\/api.w.org\/{rel}","templated":true}]}}