{"id":17377,"date":"2020-02-06T17:32:22","date_gmt":"2020-02-06T16:32:22","guid":{"rendered":"https:\/\/www.sfsic.org\/sfsic-events\/journees-detude-sfsic\/"},"modified":"2021-05-26T09:55:23","modified_gmt":"2021-05-26T07:55:23","slug":"journees-detude-sfsic","status":"publish","type":"page","link":"https:\/\/www.sfsic.org\/en\/sfsic-events\/journees-detude-sfsic\/","title":{"rendered":"SFSIC Workshops"},"content":{"rendered":"<p>The SFSIC&rsquo;s commitment towards our scientific community also includes the organization of thematic workshops. This lighter format allows the association to gather actors of education and research in Information and Communication Sciences around specific projects, to either develop new perspectives or to produce a synthesis.<\/p>\n<p><!-- flzn:textblock --><\/p>\n<div class=\"zone zn-textblock with-frame with-2-blocs\" id=\"flzn-textblock-1\">\n<div class=\"zone-block zn-textblock-block alignwide va-top\">\n<div class=\"row mw-content-zone\">\n<div class=\"columns large-12\">\n<div class=\"row with-nice-alignment nbloc-2 blocs-with-frame collapse va-top\">\n<div class=\"columns large-6 zn-textblock-col\">\n<div class=\"columns-inner\" data-aos=\"fade-up\" data-aos-once=\"false\" data-aos-anchor=\"#flzn-textblock-1\" data-aos-anchor-placement=\"top-bottom\" data-aos-delay=\"150\">\n<div class=\"wig-content mw-content\">\n<ul>\n<li>Assises SFSIC \u00ab\u00a0Contribution des chercheurs et chercheuses\n<div title=\"Page 1\">\n<div>\n<div>\n<p>en sciences de l\u2019information et de la communication aux de\u0301bats publics\u00a0\u00bb, 2 avril 2020, Minist\u00e8re de l&rsquo;enseignement sup\u00e9rieur, de la recherche et de l&rsquo;innovation (report\u00e9es)<\/p>\n<\/div>\n<\/div>\n<\/div>\n<\/li>\n<li>3\u00e8me Journ\u00e9e Formation\u00a0 de la SFSIC, \u00ab\u00a0<a href=\"https:\/\/www.sfsic.org\/evenements-sfsic\/journees-detude-sfsic\/journee-formation-une-these-en-cifre-valorisation-et-insertion-des-docteurs-cifre\/\">Une the\u0300se en SIC en CIFRE : valorisation et insertion des jeunes docteurs<\/a>\u00ab\u00a0, 21 novembre 2019, CNAM<\/li>\n<\/ul><\/div>\n<\/p><\/div>\n<\/p><\/div>\n<div class=\"columns large-6 zn-textblock-col\">\n<div class=\"columns-inner\" data-aos=\"fade-up\" data-aos-once=\"false\" data-aos-anchor=\"#flzn-textblock-1\" data-aos-anchor-placement=\"top-bottom\" data-aos-delay=\"300\">\n<div class=\"wig-content mw-content\">\n<ul>\n<li>Symposium CPDirSIC\/SFSIC \u00ab\u00a0Des humanit\u00e9s num\u00e9riques aux Digital Studies &#8211; Questionner les Humanit\u00e9s Num\u00e9riques, positions et propositions des SIC\u00a0\u00bb, 12 avril 2018<\/li>\n<\/ul><\/div>\n<\/p><\/div>\n<\/p><\/div>\n<\/p><\/div>\n<\/p><\/div>\n<\/p><\/div>\n<\/p><\/div>\n<\/div>\n<p><!-- \/flzn:textblock --><\/p>\n","protected":false},"excerpt":{"rendered":"<p>The SFSIC&rsquo;s commitment towards our scientific community also includes the organization of thematic workshops. This lighter format allows the association to gather actors of education and research in Information and [&hellip;]<\/p>\n","protected":false},"author":959,"featured_media":0,"parent":17302,"menu_order":15,"comment_status":"closed","ping_status":"closed","template":"","meta":{"_acf_changed":false,"footnotes":""},"class_list":["post-17377","page","type-page","status-publish","hentry","wp-sticky"],"acf":[],"yoast_head":"<!-- This site is optimized with the Yoast SEO plugin v27.4 - https:\/\/yoast.com\/product\/yoast-seo-wordpress\/ -->\n<title>Journ\u00e9e \u00e9tude SFSIC : Rassemblement SIC enseignement &amp; recherche<\/title>\n<meta name=\"description\" content=\"La journ\u00e9e d&#039;\u00e9tude SFSIC permet \u00e0 l\u2019association de rassembler les acteurs de l\u2019enseignement et de la recherche en SIC autour de projets sp\u00e9cifiques, pour lancer de nouvelles perspectives aussi bien que pour en produire une synth\u00e8se.\" \/>\n<meta name=\"robots\" content=\"index, follow, max-snippet:-1, max-image-preview:large, max-video-preview:-1\" \/>\n<link rel=\"canonical\" href=\"https:\/\/www.sfsic.org\/en\/sfsic-events\/journees-detude-sfsic\/\" \/>\n<meta property=\"og:locale\" content=\"en_US\" \/>\n<meta property=\"og:type\" content=\"article\" \/>\n<meta property=\"og:title\" content=\"Journ\u00e9e \u00e9tude SFSIC : Rassemblement SIC enseignement &amp; recherche\" \/>\n<meta property=\"og:description\" content=\"La journ\u00e9e d&#039;\u00e9tude SFSIC permet \u00e0 l\u2019association de rassembler les acteurs de l\u2019enseignement et de la recherche en SIC autour de projets sp\u00e9cifiques, pour lancer de nouvelles perspectives aussi bien que pour en produire une synth\u00e8se.\" \/>\n<meta property=\"og:url\" content=\"https:\/\/www.sfsic.org\/en\/sfsic-events\/journees-detude-sfsic\/\" \/>\n<meta property=\"og:site_name\" content=\"SFSIC\" \/>\n<meta property=\"article:modified_time\" content=\"2021-05-26T07:55:23+00:00\" \/>\n<meta name=\"twitter:card\" content=\"summary_large_image\" \/>\n<script type=\"application\/ld+json\" class=\"yoast-schema-graph\">{\"@context\":\"https:\\\/\\\/schema.org\",\"@graph\":[{\"@type\":\"WebPage\",\"@id\":\"https:\\\/\\\/www.sfsic.org\\\/en\\\/sfsic-events\\\/journees-detude-sfsic\\\/\",\"url\":\"https:\\\/\\\/www.sfsic.org\\\/en\\\/sfsic-events\\\/journees-detude-sfsic\\\/\",\"name\":\"Journ\u00e9e \u00e9tude SFSIC : Rassemblement SIC enseignement & recherche\",\"isPartOf\":{\"@id\":\"https:\\\/\\\/www.sfsic.org\\\/en\\\/#website\"},\"datePublished\":\"2020-02-06T16:32:22+00:00\",\"dateModified\":\"2021-05-26T07:55:23+00:00\",\"description\":\"La journ\u00e9e d'\u00e9tude SFSIC permet \u00e0 l\u2019association de rassembler les acteurs de l\u2019enseignement et de la recherche en SIC autour de projets sp\u00e9cifiques, pour lancer de nouvelles perspectives aussi bien que pour en produire une synth\u00e8se.\",\"breadcrumb\":{\"@id\":\"https:\\\/\\\/www.sfsic.org\\\/en\\\/sfsic-events\\\/journees-detude-sfsic\\\/#breadcrumb\"},\"inLanguage\":\"en-US\",\"potentialAction\":[{\"@type\":\"ReadAction\",\"target\":[\"https:\\\/\\\/www.sfsic.org\\\/en\\\/sfsic-events\\\/journees-detude-sfsic\\\/\"]}]},{\"@type\":\"BreadcrumbList\",\"@id\":\"https:\\\/\\\/www.sfsic.org\\\/en\\\/sfsic-events\\\/journees-detude-sfsic\\\/#breadcrumb\",\"itemListElement\":[{\"@type\":\"ListItem\",\"position\":1,\"name\":\"Accueil\",\"item\":\"https:\\\/\\\/www.sfsic.org\\\/en\\\/\"},{\"@type\":\"ListItem\",\"position\":2,\"name\":\"SFSIC Events\",\"item\":\"https:\\\/\\\/www.sfsic.org\\\/en\\\/sfsic-events\\\/\"},{\"@type\":\"ListItem\",\"position\":3,\"name\":\"SFSIC Workshops\"}]},{\"@type\":\"WebSite\",\"@id\":\"https:\\\/\\\/www.sfsic.org\\\/en\\\/#website\",\"url\":\"https:\\\/\\\/www.sfsic.org\\\/en\\\/\",\"name\":\"SFSIC\",\"description\":\"Soci\u00e9t\u00e9 Fran\u00e7aise des Sciences de l&#039;Information &amp; de la Communication\",\"publisher\":{\"@id\":\"https:\\\/\\\/www.sfsic.org\\\/en\\\/#organization\"},\"potentialAction\":[{\"@type\":\"SearchAction\",\"target\":{\"@type\":\"EntryPoint\",\"urlTemplate\":\"https:\\\/\\\/www.sfsic.org\\\/en\\\/?s={search_term_string}\"},\"query-input\":{\"@type\":\"PropertyValueSpecification\",\"valueRequired\":true,\"valueName\":\"search_term_string\"}}],\"inLanguage\":\"en-US\"},{\"@type\":\"Organization\",\"@id\":\"https:\\\/\\\/www.sfsic.org\\\/en\\\/#organization\",\"name\":\"SFSIC\",\"url\":\"https:\\\/\\\/www.sfsic.org\\\/en\\\/\",\"logo\":{\"@type\":\"ImageObject\",\"inLanguage\":\"en-US\",\"@id\":\"https:\\\/\\\/www.sfsic.org\\\/en\\\/#\\\/schema\\\/logo\\\/image\\\/\",\"url\":\"https:\\\/\\\/www.sfsic.org\\\/wp-inside\\\/uploads\\\/2020\\\/05\\\/logo-sfsic.jpg\",\"contentUrl\":\"https:\\\/\\\/www.sfsic.org\\\/wp-inside\\\/uploads\\\/2020\\\/05\\\/logo-sfsic.jpg\",\"width\":1085,\"height\":1080,\"caption\":\"SFSIC\"},\"image\":{\"@id\":\"https:\\\/\\\/www.sfsic.org\\\/en\\\/#\\\/schema\\\/logo\\\/image\\\/\"}}]}<\/script>\n<!-- \/ Yoast SEO plugin. -->","yoast_head_json":{"title":"Journ\u00e9e \u00e9tude SFSIC : Rassemblement SIC enseignement & recherche","description":"La journ\u00e9e d'\u00e9tude SFSIC permet \u00e0 l\u2019association de rassembler les acteurs de l\u2019enseignement et de la recherche en SIC autour de projets sp\u00e9cifiques, pour lancer de nouvelles perspectives aussi bien que pour en produire une synth\u00e8se.","robots":{"index":"index","follow":"follow","max-snippet":"max-snippet:-1","max-image-preview":"max-image-preview:large","max-video-preview":"max-video-preview:-1"},"canonical":"https:\/\/www.sfsic.org\/en\/sfsic-events\/journees-detude-sfsic\/","og_locale":"en_US","og_type":"article","og_title":"Journ\u00e9e \u00e9tude SFSIC : Rassemblement SIC enseignement & recherche","og_description":"La journ\u00e9e d'\u00e9tude SFSIC permet \u00e0 l\u2019association de rassembler les acteurs de l\u2019enseignement et de la recherche en SIC autour de projets sp\u00e9cifiques, pour lancer de nouvelles perspectives aussi bien que pour en produire une synth\u00e8se.","og_url":"https:\/\/www.sfsic.org\/en\/sfsic-events\/journees-detude-sfsic\/","og_site_name":"SFSIC","article_modified_time":"2021-05-26T07:55:23+00:00","twitter_card":"summary_large_image","schema":{"@context":"https:\/\/schema.org","@graph":[{"@type":"WebPage","@id":"https:\/\/www.sfsic.org\/en\/sfsic-events\/journees-detude-sfsic\/","url":"https:\/\/www.sfsic.org\/en\/sfsic-events\/journees-detude-sfsic\/","name":"Journ\u00e9e \u00e9tude SFSIC : Rassemblement SIC enseignement & recherche","isPartOf":{"@id":"https:\/\/www.sfsic.org\/en\/#website"},"datePublished":"2020-02-06T16:32:22+00:00","dateModified":"2021-05-26T07:55:23+00:00","description":"La journ\u00e9e d'\u00e9tude SFSIC permet \u00e0 l\u2019association de rassembler les acteurs de l\u2019enseignement et de la recherche en SIC autour de projets sp\u00e9cifiques, pour lancer de nouvelles perspectives aussi bien que pour en produire une synth\u00e8se.","breadcrumb":{"@id":"https:\/\/www.sfsic.org\/en\/sfsic-events\/journees-detude-sfsic\/#breadcrumb"},"inLanguage":"en-US","potentialAction":[{"@type":"ReadAction","target":["https:\/\/www.sfsic.org\/en\/sfsic-events\/journees-detude-sfsic\/"]}]},{"@type":"BreadcrumbList","@id":"https:\/\/www.sfsic.org\/en\/sfsic-events\/journees-detude-sfsic\/#breadcrumb","itemListElement":[{"@type":"ListItem","position":1,"name":"Accueil","item":"https:\/\/www.sfsic.org\/en\/"},{"@type":"ListItem","position":2,"name":"SFSIC Events","item":"https:\/\/www.sfsic.org\/en\/sfsic-events\/"},{"@type":"ListItem","position":3,"name":"SFSIC Workshops"}]},{"@type":"WebSite","@id":"https:\/\/www.sfsic.org\/en\/#website","url":"https:\/\/www.sfsic.org\/en\/","name":"SFSIC","description":"Soci\u00e9t\u00e9 Fran\u00e7aise des Sciences de l&#039;Information &amp; de la Communication","publisher":{"@id":"https:\/\/www.sfsic.org\/en\/#organization"},"potentialAction":[{"@type":"SearchAction","target":{"@type":"EntryPoint","urlTemplate":"https:\/\/www.sfsic.org\/en\/?s={search_term_string}"},"query-input":{"@type":"PropertyValueSpecification","valueRequired":true,"valueName":"search_term_string"}}],"inLanguage":"en-US"},{"@type":"Organization","@id":"https:\/\/www.sfsic.org\/en\/#organization","name":"SFSIC","url":"https:\/\/www.sfsic.org\/en\/","logo":{"@type":"ImageObject","inLanguage":"en-US","@id":"https:\/\/www.sfsic.org\/en\/#\/schema\/logo\/image\/","url":"https:\/\/www.sfsic.org\/wp-inside\/uploads\/2020\/05\/logo-sfsic.jpg","contentUrl":"https:\/\/www.sfsic.org\/wp-inside\/uploads\/2020\/05\/logo-sfsic.jpg","width":1085,"height":1080,"caption":"SFSIC"},"image":{"@id":"https:\/\/www.sfsic.org\/en\/#\/schema\/logo\/image\/"}}]}},"_links":{"self":[{"href":"https:\/\/www.sfsic.org\/en\/wp-json\/wp\/v2\/pages\/17377","targetHints":{"allow":["GET"]}}],"collection":[{"href":"https:\/\/www.sfsic.org\/en\/wp-json\/wp\/v2\/pages"}],"about":[{"href":"https:\/\/www.sfsic.org\/en\/wp-json\/wp\/v2\/types\/page"}],"author":[{"embeddable":true,"href":"https:\/\/www.sfsic.org\/en\/wp-json\/wp\/v2\/users\/959"}],"replies":[{"embeddable":true,"href":"https:\/\/www.sfsic.org\/en\/wp-json\/wp\/v2\/comments?post=17377"}],"version-history":[{"count":2,"href":"https:\/\/www.sfsic.org\/en\/wp-json\/wp\/v2\/pages\/17377\/revisions"}],"predecessor-version":[{"id":18166,"href":"https:\/\/www.sfsic.org\/en\/wp-json\/wp\/v2\/pages\/17377\/revisions\/18166"}],"up":[{"embeddable":true,"href":"https:\/\/www.sfsic.org\/en\/wp-json\/wp\/v2\/pages\/17302"}],"wp:attachment":[{"href":"https:\/\/www.sfsic.org\/en\/wp-json\/wp\/v2\/media?parent=17377"}],"curies":[{"name":"wp","href":"https:\/\/api.w.org\/{rel}","templated":true}]}}