{"id":17374,"date":"2020-02-06T17:32:09","date_gmt":"2020-02-06T16:32:09","guid":{"rendered":"https:\/\/www.sfsic.org\/sfsic-events\/doctorales-sfsic\/"},"modified":"2021-05-04T15:36:22","modified_gmt":"2021-05-04T13:36:22","slug":"doctorales-sfsic","status":"publish","type":"page","link":"https:\/\/www.sfsic.org\/en\/sfsic-events\/doctorales-sfsic\/","title":{"rendered":"SFSIC Doctoral Days"},"content":{"rendered":"<p><!-- flzn:textblock --><\/p>\n<div class=\"zone zn-textblock\" id=\"flzn-textblock-1\">\n<div class=\"zone-block zn-textblock-block va-top\">\n<div class=\"row mw-content-zone\">\n<div class=\"columns large-12\">\n<div class=\"row large-up-1 with-nice-alignment nbloc-1\">\n<div class=\"column zn-textblock-col\">\n<div class=\"column-inner\">\n<div class=\"wig-content mw-content\">\n<p>Every two years (odd-numbered years), the doctoral days are an opportunity for the SFSIC to bring together Ph.D. students in Information and Communication Sciences to allow them to share their work with new or more experienced researchers. The SFSIC provides students a favorable opportunity to discuss and enhance their work in a professional context, encourage encounters with other types of professional organizations and associations of doctoral students, and benefit from methodological workshops that address current issues.<\/p>\n<\/p><\/div>\n<\/p><\/div>\n<\/p><\/div>\n<\/p><\/div>\n<\/p><\/div>\n<\/p><\/div>\n<\/p><\/div>\n<\/div>\n<p><!-- \/flzn:textblock --><br \/>\n<!-- flzn:textblock --><\/p>\n<div class=\"zone zn-textblock with-frame with-2-blocs\" id=\"flzn-textblock-2\">\n<div class=\"zone-block zn-textblock-block alignwide va-top\">\n<div class=\"row mw-content-zone\">\n<div class=\"columns large-12\">\n<div class=\"zn-textblock-titlebox\">\n<h2 class=\"zone-title zn-textblock-title\">\n\t\t\t\t\tSFSIC Doctoral Days since 1993\t\t\t\t<\/h2>\n<\/p><\/div>\n<div class=\"row with-nice-alignment nbloc-2 blocs-with-frame collapse va-top\">\n<div class=\"columns large-6 zn-textblock-col\">\n<div class=\"columns-inner\">\n<div class=\"wig-content mw-content\">\n<ul>\n<li><a href=\"https:\/\/www.sfsic.org\/evenements-sfsic\/doctorales-sfsic\/doctorales-sfsic-mulhouse-2019\/\">2019, Mulhouse<\/a><\/li>\n<li><a href=\"https:\/\/www.sfsic.org\/evenements-sfsic\/doctorales-sfsic\/doctorales-sfsic-lyon-2017\/\">2017, Lyon<\/a><\/li>\n<li><a href=\"https:\/\/www.sfsic.org\/evenements-sfsic\/doctorales-sfsic\/doctorales-sfsic-lille-2015\/\">2015, Lille<\/a><\/li>\n<li>2013, Paris<\/li>\n<li>2011, Bordeaux<\/li>\n<li>2009, Grenoble<\/li>\n<li>2005, Paris<\/li>\n<\/ul><\/div>\n<\/p><\/div>\n<\/p><\/div>\n<div class=\"columns large-6 zn-textblock-col\">\n<div class=\"columns-inner\">\n<div class=\"wig-content mw-content\">\n<ul>\n<li>2003, Paris<\/li>\n<li>2002, Paris<\/li>\n<li>2000, Avignon<\/li>\n<li>1997, Rennes<\/li>\n<li>1995, Poitiers<\/li>\n<li>1993, Lyon<\/li>\n<\/ul><\/div>\n<\/p><\/div>\n<\/p><\/div>\n<\/p><\/div>\n<\/p><\/div>\n<\/p><\/div>\n<\/p><\/div>\n<\/div>\n<p><!-- \/flzn:textblock --><\/p>\n","protected":false},"excerpt":{"rendered":"<p>Every two years (odd-numbered years), the doctoral days are an opportunity for the SFSIC to bring together Ph.D. students in Information and Communication Sciences to allow them to share their [&hellip;]<\/p>\n","protected":false},"author":959,"featured_media":0,"parent":17302,"menu_order":10,"comment_status":"closed","ping_status":"closed","template":"","meta":{"_acf_changed":false,"footnotes":""},"class_list":["post-17374","page","type-page","status-publish","hentry","wp-sticky"],"acf":[],"yoast_head":"<!-- This site is optimized with the Yoast SEO plugin v27.3 - https:\/\/yoast.com\/product\/yoast-seo-wordpress\/ -->\n<title>Journ\u00e9e doctorale SFSIC, Journ\u00e9e SIC doctorant<\/title>\n<meta name=\"description\" content=\"Tous les deux ans, les journ\u00e9es doctorales sont l\u2019occasion pour la SFSIC de r\u00e9unir les doctorant-e-s en Sciences de l\u2019Information et de la Communication (SIC) afin de leur permettre de partager leurs travaux avec des chercheurs d\u00e9butants ou plus exp\u00e9riment\u00e9s.\" \/>\n<meta name=\"robots\" content=\"index, follow, max-snippet:-1, max-image-preview:large, max-video-preview:-1\" \/>\n<link rel=\"canonical\" href=\"https:\/\/www.sfsic.org\/en\/sfsic-events\/doctorales-sfsic\/\" \/>\n<meta property=\"og:locale\" content=\"en_US\" \/>\n<meta property=\"og:type\" content=\"article\" \/>\n<meta property=\"og:title\" content=\"Journ\u00e9e doctorale SFSIC, Journ\u00e9e SIC doctorant\" \/>\n<meta property=\"og:description\" content=\"Tous les deux ans, les journ\u00e9es doctorales sont l\u2019occasion pour la SFSIC de r\u00e9unir les doctorant-e-s en Sciences de l\u2019Information et de la Communication (SIC) afin de leur permettre de partager leurs travaux avec des chercheurs d\u00e9butants ou plus exp\u00e9riment\u00e9s.\" \/>\n<meta property=\"og:url\" content=\"https:\/\/www.sfsic.org\/en\/sfsic-events\/doctorales-sfsic\/\" \/>\n<meta property=\"og:site_name\" content=\"SFSIC\" \/>\n<meta property=\"article:modified_time\" content=\"2021-05-04T13:36:22+00:00\" \/>\n<meta name=\"twitter:card\" content=\"summary_large_image\" \/>\n<script type=\"application\/ld+json\" class=\"yoast-schema-graph\">{\"@context\":\"https:\\\/\\\/schema.org\",\"@graph\":[{\"@type\":\"WebPage\",\"@id\":\"https:\\\/\\\/www.sfsic.org\\\/en\\\/sfsic-events\\\/doctorales-sfsic\\\/\",\"url\":\"https:\\\/\\\/www.sfsic.org\\\/en\\\/sfsic-events\\\/doctorales-sfsic\\\/\",\"name\":\"Journ\u00e9e doctorale SFSIC, Journ\u00e9e SIC doctorant\",\"isPartOf\":{\"@id\":\"https:\\\/\\\/www.sfsic.org\\\/en\\\/#website\"},\"datePublished\":\"2020-02-06T16:32:09+00:00\",\"dateModified\":\"2021-05-04T13:36:22+00:00\",\"description\":\"Tous les deux ans, les journ\u00e9es doctorales sont l\u2019occasion pour la SFSIC de r\u00e9unir les doctorant-e-s en Sciences de l\u2019Information et de la Communication (SIC) afin de leur permettre de partager leurs travaux avec des chercheurs d\u00e9butants ou plus exp\u00e9riment\u00e9s.\",\"breadcrumb\":{\"@id\":\"https:\\\/\\\/www.sfsic.org\\\/en\\\/sfsic-events\\\/doctorales-sfsic\\\/#breadcrumb\"},\"inLanguage\":\"en-US\",\"potentialAction\":[{\"@type\":\"ReadAction\",\"target\":[\"https:\\\/\\\/www.sfsic.org\\\/en\\\/sfsic-events\\\/doctorales-sfsic\\\/\"]}]},{\"@type\":\"BreadcrumbList\",\"@id\":\"https:\\\/\\\/www.sfsic.org\\\/en\\\/sfsic-events\\\/doctorales-sfsic\\\/#breadcrumb\",\"itemListElement\":[{\"@type\":\"ListItem\",\"position\":1,\"name\":\"Accueil\",\"item\":\"https:\\\/\\\/www.sfsic.org\\\/en\\\/\"},{\"@type\":\"ListItem\",\"position\":2,\"name\":\"SFSIC Events\",\"item\":\"https:\\\/\\\/www.sfsic.org\\\/en\\\/sfsic-events\\\/\"},{\"@type\":\"ListItem\",\"position\":3,\"name\":\"SFSIC Doctoral Days\"}]},{\"@type\":\"WebSite\",\"@id\":\"https:\\\/\\\/www.sfsic.org\\\/en\\\/#website\",\"url\":\"https:\\\/\\\/www.sfsic.org\\\/en\\\/\",\"name\":\"SFSIC\",\"description\":\"Soci\u00e9t\u00e9 Fran\u00e7aise des Sciences de l&#039;Information &amp; de la Communication\",\"publisher\":{\"@id\":\"https:\\\/\\\/www.sfsic.org\\\/en\\\/#organization\"},\"potentialAction\":[{\"@type\":\"SearchAction\",\"target\":{\"@type\":\"EntryPoint\",\"urlTemplate\":\"https:\\\/\\\/www.sfsic.org\\\/en\\\/?s={search_term_string}\"},\"query-input\":{\"@type\":\"PropertyValueSpecification\",\"valueRequired\":true,\"valueName\":\"search_term_string\"}}],\"inLanguage\":\"en-US\"},{\"@type\":\"Organization\",\"@id\":\"https:\\\/\\\/www.sfsic.org\\\/en\\\/#organization\",\"name\":\"SFSIC\",\"url\":\"https:\\\/\\\/www.sfsic.org\\\/en\\\/\",\"logo\":{\"@type\":\"ImageObject\",\"inLanguage\":\"en-US\",\"@id\":\"https:\\\/\\\/www.sfsic.org\\\/en\\\/#\\\/schema\\\/logo\\\/image\\\/\",\"url\":\"https:\\\/\\\/www.sfsic.org\\\/wp-inside\\\/uploads\\\/2020\\\/05\\\/logo-sfsic.jpg\",\"contentUrl\":\"https:\\\/\\\/www.sfsic.org\\\/wp-inside\\\/uploads\\\/2020\\\/05\\\/logo-sfsic.jpg\",\"width\":1085,\"height\":1080,\"caption\":\"SFSIC\"},\"image\":{\"@id\":\"https:\\\/\\\/www.sfsic.org\\\/en\\\/#\\\/schema\\\/logo\\\/image\\\/\"}}]}<\/script>\n<!-- \/ Yoast SEO plugin. -->","yoast_head_json":{"title":"Journ\u00e9e doctorale SFSIC, Journ\u00e9e SIC doctorant","description":"Tous les deux ans, les journ\u00e9es doctorales sont l\u2019occasion pour la SFSIC de r\u00e9unir les doctorant-e-s en Sciences de l\u2019Information et de la Communication (SIC) afin de leur permettre de partager leurs travaux avec des chercheurs d\u00e9butants ou plus exp\u00e9riment\u00e9s.","robots":{"index":"index","follow":"follow","max-snippet":"max-snippet:-1","max-image-preview":"max-image-preview:large","max-video-preview":"max-video-preview:-1"},"canonical":"https:\/\/www.sfsic.org\/en\/sfsic-events\/doctorales-sfsic\/","og_locale":"en_US","og_type":"article","og_title":"Journ\u00e9e doctorale SFSIC, Journ\u00e9e SIC doctorant","og_description":"Tous les deux ans, les journ\u00e9es doctorales sont l\u2019occasion pour la SFSIC de r\u00e9unir les doctorant-e-s en Sciences de l\u2019Information et de la Communication (SIC) afin de leur permettre de partager leurs travaux avec des chercheurs d\u00e9butants ou plus exp\u00e9riment\u00e9s.","og_url":"https:\/\/www.sfsic.org\/en\/sfsic-events\/doctorales-sfsic\/","og_site_name":"SFSIC","article_modified_time":"2021-05-04T13:36:22+00:00","twitter_card":"summary_large_image","schema":{"@context":"https:\/\/schema.org","@graph":[{"@type":"WebPage","@id":"https:\/\/www.sfsic.org\/en\/sfsic-events\/doctorales-sfsic\/","url":"https:\/\/www.sfsic.org\/en\/sfsic-events\/doctorales-sfsic\/","name":"Journ\u00e9e doctorale SFSIC, Journ\u00e9e SIC doctorant","isPartOf":{"@id":"https:\/\/www.sfsic.org\/en\/#website"},"datePublished":"2020-02-06T16:32:09+00:00","dateModified":"2021-05-04T13:36:22+00:00","description":"Tous les deux ans, les journ\u00e9es doctorales sont l\u2019occasion pour la SFSIC de r\u00e9unir les doctorant-e-s en Sciences de l\u2019Information et de la Communication (SIC) afin de leur permettre de partager leurs travaux avec des chercheurs d\u00e9butants ou plus exp\u00e9riment\u00e9s.","breadcrumb":{"@id":"https:\/\/www.sfsic.org\/en\/sfsic-events\/doctorales-sfsic\/#breadcrumb"},"inLanguage":"en-US","potentialAction":[{"@type":"ReadAction","target":["https:\/\/www.sfsic.org\/en\/sfsic-events\/doctorales-sfsic\/"]}]},{"@type":"BreadcrumbList","@id":"https:\/\/www.sfsic.org\/en\/sfsic-events\/doctorales-sfsic\/#breadcrumb","itemListElement":[{"@type":"ListItem","position":1,"name":"Accueil","item":"https:\/\/www.sfsic.org\/en\/"},{"@type":"ListItem","position":2,"name":"SFSIC Events","item":"https:\/\/www.sfsic.org\/en\/sfsic-events\/"},{"@type":"ListItem","position":3,"name":"SFSIC Doctoral Days"}]},{"@type":"WebSite","@id":"https:\/\/www.sfsic.org\/en\/#website","url":"https:\/\/www.sfsic.org\/en\/","name":"SFSIC","description":"Soci\u00e9t\u00e9 Fran\u00e7aise des Sciences de l&#039;Information &amp; de la Communication","publisher":{"@id":"https:\/\/www.sfsic.org\/en\/#organization"},"potentialAction":[{"@type":"SearchAction","target":{"@type":"EntryPoint","urlTemplate":"https:\/\/www.sfsic.org\/en\/?s={search_term_string}"},"query-input":{"@type":"PropertyValueSpecification","valueRequired":true,"valueName":"search_term_string"}}],"inLanguage":"en-US"},{"@type":"Organization","@id":"https:\/\/www.sfsic.org\/en\/#organization","name":"SFSIC","url":"https:\/\/www.sfsic.org\/en\/","logo":{"@type":"ImageObject","inLanguage":"en-US","@id":"https:\/\/www.sfsic.org\/en\/#\/schema\/logo\/image\/","url":"https:\/\/www.sfsic.org\/wp-inside\/uploads\/2020\/05\/logo-sfsic.jpg","contentUrl":"https:\/\/www.sfsic.org\/wp-inside\/uploads\/2020\/05\/logo-sfsic.jpg","width":1085,"height":1080,"caption":"SFSIC"},"image":{"@id":"https:\/\/www.sfsic.org\/en\/#\/schema\/logo\/image\/"}}]}},"_links":{"self":[{"href":"https:\/\/www.sfsic.org\/en\/wp-json\/wp\/v2\/pages\/17374","targetHints":{"allow":["GET"]}}],"collection":[{"href":"https:\/\/www.sfsic.org\/en\/wp-json\/wp\/v2\/pages"}],"about":[{"href":"https:\/\/www.sfsic.org\/en\/wp-json\/wp\/v2\/types\/page"}],"author":[{"embeddable":true,"href":"https:\/\/www.sfsic.org\/en\/wp-json\/wp\/v2\/users\/959"}],"replies":[{"embeddable":true,"href":"https:\/\/www.sfsic.org\/en\/wp-json\/wp\/v2\/comments?post=17374"}],"version-history":[{"count":1,"href":"https:\/\/www.sfsic.org\/en\/wp-json\/wp\/v2\/pages\/17374\/revisions"}],"predecessor-version":[{"id":17375,"href":"https:\/\/www.sfsic.org\/en\/wp-json\/wp\/v2\/pages\/17374\/revisions\/17375"}],"up":[{"embeddable":true,"href":"https:\/\/www.sfsic.org\/en\/wp-json\/wp\/v2\/pages\/17302"}],"wp:attachment":[{"href":"https:\/\/www.sfsic.org\/en\/wp-json\/wp\/v2\/media?parent=17374"}],"curies":[{"name":"wp","href":"https:\/\/api.w.org\/{rel}","templated":true}]}}