{"id":17364,"date":"2020-02-06T17:31:32","date_gmt":"2020-02-06T16:31:32","guid":{"rendered":"https:\/\/www.sfsic.org\/sfsic-publications\/ouvrages-actes\/"},"modified":"2021-05-04T15:12:39","modified_gmt":"2021-05-04T13:12:39","slug":"ouvrages-actes","status":"publish","type":"page","link":"https:\/\/www.sfsic.org\/en\/sfsic-publications\/ouvrages-actes\/","title":{"rendered":"Works and Proceedings"},"content":{"rendered":"<p>Le travail d&rsquo;\u00e9dition men\u00e9 par la SFSIC vise \u00e0 publiciser les d\u00e9bats qui font l&rsquo;actualit\u00e9 de notre communaut\u00e9 scientifique.<\/p>\n<p>Les projets men\u00e9s par notre association en faveur de la recherche et de l&rsquo;enseignement en Sciences de l&rsquo;Information et de la Communication (SIC) peuvent prendre diff\u00e9rentes formes, qu&rsquo;il s&rsquo;agisse d&rsquo;\u00e9v\u00e9nements p\u00e9riodiques, comme les congr\u00e8s de la SFSIC, ou d&rsquo;initiatives ponctuelles, comme des journ\u00e9es d&rsquo;\u00e9tude, des symposiums, des ateliers\u2026 Ces rencontres et ces travaux font l&rsquo;objet d&rsquo;une valorisation sous diff\u00e9rents formats, et notamment sous la forme d&rsquo;ouvrages collectifs et d&rsquo;actes.<\/p>\n<p><!-- flzn:textblock --><\/p>\n<div class=\"zone zn-textblock\" id=\"flzn-textblock-1\">\n<div class=\"zone-block zn-textblock-block va-top\">\n<div class=\"row mw-content-zone\">\n<div class=\"columns large-12\">\n<div class=\"row large-up-1 with-nice-alignment nbloc-1\">\n<div class=\"column zn-textblock-col\">\n<div class=\"column-inner\">\n<div class=\"wig-content mw-content\">\n<p>The publishing work carried out by the SFSIC aims to publicize current debates in our scientific community.<\/p>\n<p>Projects carried out by our association in support of research and teaching in Information and Communication Sciences can have various forms, from periodic events, such as SFSIC congresses, to punctual initiatives, like study days, symposiums, workshops&#8230; These meetings and works are valorized under different formats, and particularly in the form of collective works and proceedings.<\/p>\n<\/p><\/div>\n<\/p><\/div>\n<\/p><\/div>\n<\/p><\/div>\n<\/p><\/div>\n<\/p><\/div>\n<\/p><\/div>\n<\/div>\n<p><!-- \/flzn:textblock --><br \/>\n<!-- flzn:textblock --><\/p>\n<div class=\"zone zn-textblock\" id=\"flzn-textblock-2\">\n<div class=\"zone-block zn-textblock-block va-top\">\n<div class=\"row mw-content-zone\">\n<div class=\"columns large-12\">\n<div class=\"zn-textblock-titlebox\">\n<h2 class=\"zone-title zn-textblock-title\">\n\t\t\t\t\tWorks Published by the SFSIC\t\t\t\t<\/h2>\n<\/p><\/div>\n<div class=\"row large-up-1 with-nice-alignment nbloc-1\">\n<div class=\"column zn-textblock-col\">\n<div class=\"column-inner\">\n<div class=\"wig-content mw-content\">\n<ul>\n<li>Lamy, A., Carr\u00e9, D. (\u00c9ds.). (2017). <em>Temps, temporalit\u00e9(s) et dispositifs de m\u00e9diation<\/em> (Vol. 1). l\u2019Harmattan.<\/li>\n<li>L\u00e9pine, V., Le Mo\u00ebnne, C., Alemanno, S. (\u00c9ds.). (2017). <em>Communications &amp; organisations\u202f: Acc\u00e9l\u00e9rations temporelles<\/em> (Vol. 1). l\u2019Harmattan.<\/li>\n<li>Bonaccorsi, J., Collet, L., Raichvarg, D. (\u00c9ds.). (2017). <em>Les temps des arts et des cultures<\/em> (Vol. 1). L\u2019Harmattan.<\/li>\n<li>Domenget, J.-C., Mi\u00e8ge, B., P\u00e9lissier, N. (\u00c9ds.). (2017). <em>Temps et temporalit\u00e9s en information-communication\u202f: Des concepts aux m\u00e9thodes<\/em> (Vol. 1). l\u2019Harmattan.<\/li>\n<li>Masselot, C., Rasse, P. (\u00c9ds.). (2015). <em>Sciences, techniques et soci\u00e9t\u00e9 recherches sur les technologies digitales<\/em> (Vol. 1). L\u2019Harmattan.<\/li>\n<li>P\u00e9lissier, N., Maas, E. (\u00c9ds.). (2015). <em>Vers une culture m\u00e9di@TIC?\u202f: M\u00e9dias, journalisme et espace public \u00e0 l\u2019\u00e9preuve de la num\u00e9risation<\/em> (Vol. 1). L\u2019Harmattan.<\/li>\n<li>Collet, L., Wilhelm, C. (2015). <em>Num\u00e9rique, \u00e9ducation et apprentissage\u202f: Enjeux communicationnels<\/em> (Vol. 1). L\u2019Harmattan.<\/li>\n<li>Gard\u00e8re, E., Le Mo\u00ebnne, C. (\u00c9ds.). (2015). <em>Organisations digitales\u202f: Individus, sant\u00e9, d\u00e9ontologie en contexte num\u00e9rique<\/em> (Vol. 1). l\u2019Harmattan.<\/li>\n<li>Bocquet, M. (2015). <em>Communication des entreprises et des institutions\u202f: Un regard m\u00e9di\u00e9val<\/em> (Vol. 1). L\u2019Harmattan.<\/li>\n<li>Bonaccorsi, J., Bourdaa, M., Raichvarg, D. (\u00c9ds.). (2015). <em>Arts et cr\u00e9ation au prisme des TIC<\/em>. L\u2019Harmattan.<\/li>\n<li>Vacher, B., Le Mo\u00ebnne, C., &amp; Kiyindou, A. (\u00c9ds.). (2013). <em>Communication et d\u00e9bat public, les r\u00e9seaux num\u00e9riques au service de la d\u00e9mocratie\u202f?<\/em> L\u2019Harmattan.<\/li>\n<li>Kiyindou, A., &amp; Amador Bautista, R. (\u00c9ds.). (2011). <em>Nouveaux espaces de partage des savoirs\u202f: Dynamiques des r\u00e9seaux et politiques publiques<\/em> (Vol. 1). L\u2019Harmattan.<\/li>\n<li>Bouzon, A., &amp; Meyer, V. (2008). <em>La communication des organisations\u202f: Entre recherche et action<\/em> (Vol. 1). L\u2019Harmattan.<\/li>\n<li>Congr\u00e8s national des sciences de l\u2019information (15\u202f; 2006\u202f; Bordeaux). (2006). <em>Questionner les pratiques d\u2019information et de communication\u202f: Agir professionnel et agir social\u202f: Actes du XVe Congr\u00e8s des sciences de l\u2019information et de la communication, Universit\u00e9s de Bordeaux, du 10 au 12 mai 2006<\/em> (Vol. 1). SFSIC.<\/li>\n<li>Congr\u00e8s national des sciences de l\u2019information (14\u202f; 2004\u202f; B\u00e9ziers). (2004). <em>Questionner l\u2019internationalisation\u202f: Cultures, acteurs, organisations, machines\u202f: Actes du XIVe Congr\u00e8s national des sciences de l\u2019information et de la communication, Universit\u00e9 de Montpellier III, campus de B\u00e9ziers, du 2 au 4 juin 2004<\/em> (Vol. 1). SFSIC.<\/li>\n<li>Congr\u00e8s national des sciences de l\u2019information (12\u202f; 2001\u202f; Paris). (2001). <em>\u00c9mergences et continuit\u00e9 dans les recherches en information et communication\u202f: Actes du XIIe Congr\u00e8s national des sciences de l\u2019information et de la communication, UNESCO, Paris, du 10 au 13 janvier 2001<\/em> (Vol. 1). SFSIC.<\/li>\n<li>Congr\u00e8s national des sciences de l\u2019information (11\u202f; 1998\u202f; Metz). (1998). <em>M\u00e9diations sociales, syst\u00e8mes d\u2019information et r\u00e9seaux de communication \/ Onzi\u00e8me congr\u00e8s national des sciences de l\u2019information et de la communication, 3-4-5 d\u00e9cembre 1998, universit\u00e9 de Metz<\/em> (Vol. 1). SFSIC.<\/li>\n<li>Boure, R., &amp; Pailliart, I. (\u00c9ds.). (1992). <em>Les Th\u00e9ories de la communication<\/em>. SFSIC\u202f; Corlet\u202f; T\u00e9l\u00e9rama.<\/li>\n<li>Centre de liaison de l\u2019enseignement et des m\u00e9dias d\u2019information, &amp; Soci\u00e9t\u00e9 Fran\u00e7aise des Sciences de l\u2019Information et de la Communication (\u00c9ds.). (1991). <em>Moyens d\u2019information et enjeux \u00e9ducatifs\u202f: Pour une approche critique\u202f: Actes du colloque, La Baume-les-Aix, 25 et 26 mai 1990<\/em> (Vol. 1). CNRS, IRESCO.<\/li>\n<li>Congr\u00e8s national des sciences de l\u2019information (04\u202f; 1984\u202f; Paris). (1984). <em>Les Relations des publics avec les outils de communication\u202f: Recueil des communications \/ Paris, Inforcom 84, 4e Congr\u00e8s national des sciences de l\u2019information et de la communication, 16-21 mars 1984<\/em> (Vol. 1). SFSIC.<\/li>\n<\/ul>\n<div><span lang=\"EN-US\">This list is made available to you as a <\/span><a href=\"https:\/\/www.zotero.org\/groups\/2504715\/sfsic\/items\" target=\"_blank\" rel=\"noopener\">Groupe Zotero SFSIC<\/a>.<\/div>\n<\/p><\/div>\n<\/p><\/div>\n<\/p><\/div>\n<\/p><\/div>\n<\/p><\/div>\n<\/p><\/div>\n<\/p><\/div>\n<\/div>\n<p><!-- \/flzn:textblock --><\/p>\n","protected":false},"excerpt":{"rendered":"<p>Le travail d&rsquo;\u00e9dition men\u00e9 par la SFSIC vise \u00e0 publiciser les d\u00e9bats qui font l&rsquo;actualit\u00e9 de notre communaut\u00e9 scientifique. Les projets men\u00e9s par notre association en faveur de la recherche [&hellip;]<\/p>\n","protected":false},"author":959,"featured_media":0,"parent":17205,"menu_order":15,"comment_status":"closed","ping_status":"closed","template":"","meta":{"_acf_changed":false,"footnotes":""},"class_list":["post-17364","page","type-page","status-publish","hentry","wp-sticky"],"acf":[],"yoast_head":"<!-- This site is optimized with the Yoast SEO plugin v27.4 - https:\/\/yoast.com\/product\/yoast-seo-wordpress\/ -->\n<title>SFSIC Works and Proceedings<\/title>\n<meta name=\"description\" content=\"Projects carried out by our association in support of research and teaching in Information and Communication Sciences can have various forms. These meetings and works are valorized under different formats, and particularly in the form of collective works and proceedings.\" \/>\n<meta name=\"robots\" content=\"index, follow, max-snippet:-1, max-image-preview:large, max-video-preview:-1\" \/>\n<link rel=\"canonical\" href=\"https:\/\/www.sfsic.org\/en\/sfsic-publications\/ouvrages-actes\/\" \/>\n<meta property=\"og:locale\" content=\"en_US\" \/>\n<meta property=\"og:type\" content=\"article\" \/>\n<meta property=\"og:title\" content=\"SFSIC Works and Proceedings\" \/>\n<meta property=\"og:description\" content=\"Projects carried out by our association in support of research and teaching in Information and Communication Sciences can have various forms. These meetings and works are valorized under different formats, and particularly in the form of collective works and proceedings.\" \/>\n<meta property=\"og:url\" content=\"https:\/\/www.sfsic.org\/en\/sfsic-publications\/ouvrages-actes\/\" \/>\n<meta property=\"og:site_name\" content=\"SFSIC\" \/>\n<meta property=\"article:modified_time\" content=\"2021-05-04T13:12:39+00:00\" \/>\n<meta name=\"twitter:card\" content=\"summary_large_image\" \/>\n<script type=\"application\/ld+json\" class=\"yoast-schema-graph\">{\"@context\":\"https:\\\/\\\/schema.org\",\"@graph\":[{\"@type\":\"WebPage\",\"@id\":\"https:\\\/\\\/www.sfsic.org\\\/en\\\/sfsic-publications\\\/ouvrages-actes\\\/\",\"url\":\"https:\\\/\\\/www.sfsic.org\\\/en\\\/sfsic-publications\\\/ouvrages-actes\\\/\",\"name\":\"SFSIC Works and Proceedings\",\"isPartOf\":{\"@id\":\"https:\\\/\\\/www.sfsic.org\\\/en\\\/#website\"},\"datePublished\":\"2020-02-06T16:31:32+00:00\",\"dateModified\":\"2021-05-04T13:12:39+00:00\",\"description\":\"Projects carried out by our association in support of research and teaching in Information and Communication Sciences can have various forms. These meetings and works are valorized under different formats, and particularly in the form of collective works and proceedings.\",\"breadcrumb\":{\"@id\":\"https:\\\/\\\/www.sfsic.org\\\/en\\\/sfsic-publications\\\/ouvrages-actes\\\/#breadcrumb\"},\"inLanguage\":\"en-US\",\"potentialAction\":[{\"@type\":\"ReadAction\",\"target\":[\"https:\\\/\\\/www.sfsic.org\\\/en\\\/sfsic-publications\\\/ouvrages-actes\\\/\"]}]},{\"@type\":\"BreadcrumbList\",\"@id\":\"https:\\\/\\\/www.sfsic.org\\\/en\\\/sfsic-publications\\\/ouvrages-actes\\\/#breadcrumb\",\"itemListElement\":[{\"@type\":\"ListItem\",\"position\":1,\"name\":\"Accueil\",\"item\":\"https:\\\/\\\/www.sfsic.org\\\/en\\\/\"},{\"@type\":\"ListItem\",\"position\":2,\"name\":\"SFSIC publications\",\"item\":\"https:\\\/\\\/www.sfsic.org\\\/en\\\/sfsic-publications\\\/\"},{\"@type\":\"ListItem\",\"position\":3,\"name\":\"Works and Proceedings\"}]},{\"@type\":\"WebSite\",\"@id\":\"https:\\\/\\\/www.sfsic.org\\\/en\\\/#website\",\"url\":\"https:\\\/\\\/www.sfsic.org\\\/en\\\/\",\"name\":\"SFSIC\",\"description\":\"Soci\u00e9t\u00e9 Fran\u00e7aise des Sciences de l&#039;Information &amp; de la Communication\",\"publisher\":{\"@id\":\"https:\\\/\\\/www.sfsic.org\\\/en\\\/#organization\"},\"potentialAction\":[{\"@type\":\"SearchAction\",\"target\":{\"@type\":\"EntryPoint\",\"urlTemplate\":\"https:\\\/\\\/www.sfsic.org\\\/en\\\/?s={search_term_string}\"},\"query-input\":{\"@type\":\"PropertyValueSpecification\",\"valueRequired\":true,\"valueName\":\"search_term_string\"}}],\"inLanguage\":\"en-US\"},{\"@type\":\"Organization\",\"@id\":\"https:\\\/\\\/www.sfsic.org\\\/en\\\/#organization\",\"name\":\"SFSIC\",\"url\":\"https:\\\/\\\/www.sfsic.org\\\/en\\\/\",\"logo\":{\"@type\":\"ImageObject\",\"inLanguage\":\"en-US\",\"@id\":\"https:\\\/\\\/www.sfsic.org\\\/en\\\/#\\\/schema\\\/logo\\\/image\\\/\",\"url\":\"https:\\\/\\\/www.sfsic.org\\\/wp-inside\\\/uploads\\\/2020\\\/05\\\/logo-sfsic.jpg\",\"contentUrl\":\"https:\\\/\\\/www.sfsic.org\\\/wp-inside\\\/uploads\\\/2020\\\/05\\\/logo-sfsic.jpg\",\"width\":1085,\"height\":1080,\"caption\":\"SFSIC\"},\"image\":{\"@id\":\"https:\\\/\\\/www.sfsic.org\\\/en\\\/#\\\/schema\\\/logo\\\/image\\\/\"}}]}<\/script>\n<!-- \/ Yoast SEO plugin. -->","yoast_head_json":{"title":"SFSIC Works and Proceedings","description":"Projects carried out by our association in support of research and teaching in Information and Communication Sciences can have various forms. These meetings and works are valorized under different formats, and particularly in the form of collective works and proceedings.","robots":{"index":"index","follow":"follow","max-snippet":"max-snippet:-1","max-image-preview":"max-image-preview:large","max-video-preview":"max-video-preview:-1"},"canonical":"https:\/\/www.sfsic.org\/en\/sfsic-publications\/ouvrages-actes\/","og_locale":"en_US","og_type":"article","og_title":"SFSIC Works and Proceedings","og_description":"Projects carried out by our association in support of research and teaching in Information and Communication Sciences can have various forms. These meetings and works are valorized under different formats, and particularly in the form of collective works and proceedings.","og_url":"https:\/\/www.sfsic.org\/en\/sfsic-publications\/ouvrages-actes\/","og_site_name":"SFSIC","article_modified_time":"2021-05-04T13:12:39+00:00","twitter_card":"summary_large_image","schema":{"@context":"https:\/\/schema.org","@graph":[{"@type":"WebPage","@id":"https:\/\/www.sfsic.org\/en\/sfsic-publications\/ouvrages-actes\/","url":"https:\/\/www.sfsic.org\/en\/sfsic-publications\/ouvrages-actes\/","name":"SFSIC Works and Proceedings","isPartOf":{"@id":"https:\/\/www.sfsic.org\/en\/#website"},"datePublished":"2020-02-06T16:31:32+00:00","dateModified":"2021-05-04T13:12:39+00:00","description":"Projects carried out by our association in support of research and teaching in Information and Communication Sciences can have various forms. These meetings and works are valorized under different formats, and particularly in the form of collective works and proceedings.","breadcrumb":{"@id":"https:\/\/www.sfsic.org\/en\/sfsic-publications\/ouvrages-actes\/#breadcrumb"},"inLanguage":"en-US","potentialAction":[{"@type":"ReadAction","target":["https:\/\/www.sfsic.org\/en\/sfsic-publications\/ouvrages-actes\/"]}]},{"@type":"BreadcrumbList","@id":"https:\/\/www.sfsic.org\/en\/sfsic-publications\/ouvrages-actes\/#breadcrumb","itemListElement":[{"@type":"ListItem","position":1,"name":"Accueil","item":"https:\/\/www.sfsic.org\/en\/"},{"@type":"ListItem","position":2,"name":"SFSIC publications","item":"https:\/\/www.sfsic.org\/en\/sfsic-publications\/"},{"@type":"ListItem","position":3,"name":"Works and Proceedings"}]},{"@type":"WebSite","@id":"https:\/\/www.sfsic.org\/en\/#website","url":"https:\/\/www.sfsic.org\/en\/","name":"SFSIC","description":"Soci\u00e9t\u00e9 Fran\u00e7aise des Sciences de l&#039;Information &amp; de la Communication","publisher":{"@id":"https:\/\/www.sfsic.org\/en\/#organization"},"potentialAction":[{"@type":"SearchAction","target":{"@type":"EntryPoint","urlTemplate":"https:\/\/www.sfsic.org\/en\/?s={search_term_string}"},"query-input":{"@type":"PropertyValueSpecification","valueRequired":true,"valueName":"search_term_string"}}],"inLanguage":"en-US"},{"@type":"Organization","@id":"https:\/\/www.sfsic.org\/en\/#organization","name":"SFSIC","url":"https:\/\/www.sfsic.org\/en\/","logo":{"@type":"ImageObject","inLanguage":"en-US","@id":"https:\/\/www.sfsic.org\/en\/#\/schema\/logo\/image\/","url":"https:\/\/www.sfsic.org\/wp-inside\/uploads\/2020\/05\/logo-sfsic.jpg","contentUrl":"https:\/\/www.sfsic.org\/wp-inside\/uploads\/2020\/05\/logo-sfsic.jpg","width":1085,"height":1080,"caption":"SFSIC"},"image":{"@id":"https:\/\/www.sfsic.org\/en\/#\/schema\/logo\/image\/"}}]}},"_links":{"self":[{"href":"https:\/\/www.sfsic.org\/en\/wp-json\/wp\/v2\/pages\/17364","targetHints":{"allow":["GET"]}}],"collection":[{"href":"https:\/\/www.sfsic.org\/en\/wp-json\/wp\/v2\/pages"}],"about":[{"href":"https:\/\/www.sfsic.org\/en\/wp-json\/wp\/v2\/types\/page"}],"author":[{"embeddable":true,"href":"https:\/\/www.sfsic.org\/en\/wp-json\/wp\/v2\/users\/959"}],"replies":[{"embeddable":true,"href":"https:\/\/www.sfsic.org\/en\/wp-json\/wp\/v2\/comments?post=17364"}],"version-history":[{"count":2,"href":"https:\/\/www.sfsic.org\/en\/wp-json\/wp\/v2\/pages\/17364\/revisions"}],"predecessor-version":[{"id":17366,"href":"https:\/\/www.sfsic.org\/en\/wp-json\/wp\/v2\/pages\/17364\/revisions\/17366"}],"up":[{"embeddable":true,"href":"https:\/\/www.sfsic.org\/en\/wp-json\/wp\/v2\/pages\/17205"}],"wp:attachment":[{"href":"https:\/\/www.sfsic.org\/en\/wp-json\/wp\/v2\/media?parent=17364"}],"curies":[{"name":"wp","href":"https:\/\/api.w.org\/{rel}","templated":true}]}}