{"id":17302,"date":"2020-02-06T17:22:29","date_gmt":"2020-02-06T16:22:29","guid":{"rendered":"https:\/\/www.sfsic.org\/evenements-sfsic\/"},"modified":"2021-04-30T17:32:53","modified_gmt":"2021-04-30T15:32:53","slug":"sfsic-events","status":"publish","type":"page","link":"https:\/\/www.sfsic.org\/en\/sfsic-events\/","title":{"rendered":"SFSIC Events"},"content":{"rendered":"<p>La SFSIC s&rsquo;engage dans la coordination de diff\u00e9rents types d&rsquo;\u00e9v\u00e9nements scientifiques. Ces derniers sont destin\u00e9s \u00e0 cr\u00e9er autant d&rsquo;occasions d&rsquo;\u00e9change et de d\u00e9veloppement des champs de recherche qui sont les n\u00f4tres. Notre association vient \u00e9galement en appui \u00e0 ses adh\u00e9rents individuels et institutionnels en participant \u00e0 la promotion de leurs propres initiatives.<\/p>\n<p>L&rsquo;organisation, puis la valorisation de tels \u00e9v\u00e9nements a donn\u00e9 lieu \u00e0 la production de divers documents (Appels \u00e0 contributions, programmes, actes) renvoyant \u00e0 l&rsquo;histoire plus ou moins lointaine des recherches men\u00e9es dans le champ des Sciences de l&rsquo;Information et de la Communication (SIC).<br \/>\nDans cette section du site, vous retrouverez aussi bien l&rsquo;histoire que l&rsquo;actualit\u00e9 des \u00e9v\u00e9nements scientifiques coordonn\u00e9s ou soutenus par la SFSIC.<\/p>\n<p><!-- flzn:anchorblock --><\/p>\n<div class=\"zone zn-anchorblock\" id=\"flzn-anchorblock-1\">\n<div class=\"zone-block zn-anchorblock-block va-top\">\n\t<span id=\"presentation\" data-magellan-target=\"presentation\" class=\"zn-anchorblock-target anchor-target cursory-target\"><\/span><\/div>\n<\/div>\n<p><!-- \/flzn:anchorblock --><br \/>\n<!-- flzn:textblock --><\/p>\n<div class=\"zone zn-textblock\" id=\"flzn-textblock-1\">\n<div class=\"zone-block zn-textblock-block pdd-top-off pdd-bottom-off va-top\">\n<div class=\"row mw-content-zone\">\n<div class=\"columns large-12\">\n<div class=\"zn-textblock-titlebox\">\n<h2 class=\"zone-title zn-textblock-title\">\n\t\t\t\t\tLes congr\u00e8s de la SFSIC\t\t\t\t<\/h2>\n<\/p><\/div>\n<div class=\"row large-up-1 with-nice-alignment nbloc-1\">\n<div class=\"column zn-textblock-col\">\n<div class=\"column-inner\">\n<div class=\"wig-content mw-content\">\n<p>Depuis sa cr\u00e9ation, la SFSIC organise un congr\u00e8s tous les deux ans (ann\u00e9es paires). Pens\u00e9s comme des moments forts de production et de partage de connaissance, ces congr\u00e8s permettent de dresser un \u00e9tat des lieux r\u00e9gulier de la recherche et de confronter acquis et avanc\u00e9es au sein de notre communaut\u00e9 scientifique. Les congr\u00e8s de la SFSIC sont l\u2019occasion de parcourir l\u2019ensemble des champs de recherche que les Sciences de l&rsquo;Information et de la Communication (SIC) traversent et qui la d\u00e9finissent. Progressivement, ils construisent la r\u00e9flexion disciplinaire \u00e0 travers les travaux sur les organisations, m\u00e9dias, techniques, m\u00e9diations, signes, situations et processus communicationnels.<\/p>\n<p>Les congr\u00e8s de la SFSIC sont organis\u00e9s par notre association en partenariat avec un laboratoire, diff\u00e9rent pour chaque \u00e9dition. La SFSIC assure la responsabilit\u00e9 scientifique du congr\u00e8s. Le laboratoire assure la coordination et la logistique de l&rsquo;\u00e9v\u00e9nement. Les deux partenaires assurent ensemble la communication et la responsabilit\u00e9 financi\u00e8re de l&rsquo;\u00e9v\u00e9nement.<\/p>\n<p>Les congr\u00e8s de la SFSIC sont organis\u00e9s selon les normes scientifiques internationales&#160;: appel \u00e0 communication, comit\u00e9 scientifique, s\u00e9lection en double aveugle, publication du programme scientifique, congr\u00e8s, publication des actes, etc.<\/p>\n<p>Ces congr\u00e8s permettent la pr\u00e9sentation des travaux des Groupes d&rsquo;Etudes et de Recherche labellis\u00e9s par la SFSIC. Les derni\u00e8res \u00e9ditions ont \u00e9galement accueilli des panels permettant \u00e0 des questions vives de trouver un espace d&rsquo;expression. Le prix \u00ab&#160;jeune chercheur&#160;\u00bb, remis pendant le congr\u00e8s, distingue et r\u00e9compense une th\u00e8se jug\u00e9e excellente dans la discipline.<\/p>\n<\/p><\/div>\n<\/p><\/div>\n<\/p><\/div>\n<\/p><\/div>\n<\/p><\/div>\n<\/p><\/div>\n<\/p><\/div>\n<\/div>\n<p><!-- \/flzn:textblock --><br \/>\n<!-- flzn:accordionblock --><\/p>\n<div class=\"zone zn-accordionblock\" id=\"flzn-accordionblock-1\">\n<div class=\"zone-block zn-accordionblock-block pdd-top pdd-bottom va-top\">\n<div class=\"row mw-content-zone\">\n<div class=\"large-12 columns\">\n<div class=\"row with-nice-alignment va-top\">\n<div class=\"columns large-12 zn-accordionblock-col\">\n<div class=\"columns-inner zn-accordionblock-col-inner\">\n<ul class=\"accordion zn-accordionblock-accordion\" data-accordion data-accordion data-multi-expand=\"true\" data-allow-all-closed=\"true\">\n<li class=\"accordion-item zn-accordionblock-item\" data-accordion-item>\n\t\t\t\t\t\t\t\t\t\t<a href=\"#\" class=\"accordion-title zn-accordionblock-item-title\"><\/p>\n<h3 class=\"zn-accordionblock-item-titletxt\">Th\u00e9matiques et lieux des congr\u00e8s de la SFSIC depuis 1978<\/h3>\n<p>\t\t\t\t\t\t\t\t\t\t<\/a><\/p>\n<div class=\"accordion-content zn-accordionblock-item-content\" data-tab-content>\n<div class=\"zn-accordionblock-item-desc wig-content\">\n<ul>\n<li>2020, Grenoble, Soci\u00e9t\u00e9s et espaces en mouvement<\/li>\n<li>2018, Paris, Cr\u00e9ation, cr\u00e9ativit\u00e9 et m\u00e9diations.<\/li>\n<li>2016, Metz, Temps, temporalit\u00e9s et information \u2013 communication.<\/li>\n<li>2014, Toulon, Penser les techniques et les technologies&#160;: Apports des SIC et perspectives de recherche<\/li>\n<li>2012, Rennes, La contribution des sciences de l\u2019information \u2013 communication aux d\u00e9bats publics<\/li>\n<li>2010, Dijon, Au c\u0153ur et aux lisi\u00e8res des SIC<\/li>\n<li>2008, Compi\u00e8gne, Les sciences de l\u2019information et communication, \u00e9mancipation et pluralit\u00e9<\/li>\n<li>2006, Bordeaux, Questionner les pratiques d\u2019information et de communication. Agir professionnel et agir social<\/li>\n<li>2004, B\u00e9ziers, Questionner l\u2019internationalisation<\/li>\n<li>2002 (octobre), Marseille, Les recherches en information et communication et leurs perspectives&#160;: Histoire, objet, pouvoir<\/li>\n<li>2001 (janvier), Paris, Emergences et continuit\u00e9 dans les recherches en information et communication<\/li>\n<li>1998 (d\u00e9cembre), Metz, M\u00e9diations sociales, syst\u00e8mes d\u2019information et r\u00e9seaux de communication<\/li>\n<li>1996 (novembre), Grenoble (ICM Echirolles), Information, communication et technique, Regards sur la diversit\u00e9 des enjeux<\/li>\n<li>1994, Toulouse, Les sciences de l\u2019information et de la communication&#160;: approches, acteurs, pratiques<\/li>\n<li>1992, Lille (Roubaix), Les nouveaux espaces de l\u2019information et de la communication<\/li>\n<li>1990, Aix La Sainte Baume, La recherche en information &amp; communication, l\u2019avenir<\/li>\n<li>1988, Strasbourg, Babel communication<\/li>\n<li>1986, Rennes, R\u00e9gions et communication<\/li>\n<li>1984, Paris (ex- Ecole Polytechnique)&#160;: Les relations des publics avec les outils de communication<\/li>\n<li>1982, Grenoble (Campus)&#160;: Information, \u00e9conomie et soci\u00e9t\u00e9<\/li>\n<li>1980, Bordeaux&#160;: Les obstacles \u00e0 l\u2019information<\/li>\n<li>1978, Compi\u00e8gne&#160;: Communication, formes et contenus<\/li>\n<\/ul>\n<\/div><\/div>\n<\/li>\n<\/ul><\/div>\n<\/p><\/div>\n<\/p><\/div>\n<\/p><\/div>\n<\/p><\/div>\n<\/p><\/div>\n<\/div>\n<p><!-- \/flzn:accordionblock --><br \/>\n<!-- flzn:textblock --><\/p>\n<div class=\"zone zn-textblock\" id=\"flzn-textblock-2\">\n<div class=\"zone-block zn-textblock-block pdd-top-off pdd-bottom-off va-top\">\n<div class=\"row mw-content-zone\">\n<div class=\"columns large-12\">\n<div class=\"zn-textblock-titlebox\">\n<h2 class=\"zone-title zn-textblock-title\">\n\t\t\t\t\tLes journ\u00e9es doctorales de la SFSIC\t\t\t\t<\/h2>\n<\/p><\/div>\n<div class=\"row large-up-1 with-nice-alignment nbloc-1\">\n<div class=\"column zn-textblock-col\">\n<div class=\"column-inner\">\n<div class=\"wig-content mw-content\">\n<p>Tous les deux ans (ann\u00e9es impaires), les journ\u00e9es doctorales sont l\u2019occasion pour la SFSIC de r\u00e9unir les doctorant-e-s en Sciences de l&rsquo;Information et de la Communication (SIC) afin de leur permettre de partager leurs travaux avec des chercheurs d\u00e9butants ou plus exp\u00e9riment\u00e9s. L&rsquo;association propose ainsi une occasion favorable pour en d\u00e9battre, les enrichir dans un contexte professionnel, favoriser la rencontre avec d\u2019autres formes de professionnalisation et d\u2019associations de doctorants, mais aussi pour b\u00e9n\u00e9ficier d&rsquo;ateliers m\u00e9thodologiques qui rejoignent des probl\u00e9matiques d\u2019actualit\u00e9s.<\/p>\n<\/p><\/div>\n<\/p><\/div>\n<\/p><\/div>\n<\/p><\/div>\n<\/p><\/div>\n<\/p><\/div>\n<\/p><\/div>\n<\/div>\n<p><!-- \/flzn:textblock --><br \/>\n<!-- flzn:accordionblock --><\/p>\n<div class=\"zone zn-accordionblock\" id=\"flzn-accordionblock-2\">\n<div class=\"zone-block zn-accordionblock-block pdd-top pdd-bottom va-top\">\n<div class=\"row mw-content-zone\">\n<div class=\"large-12 columns\">\n<div class=\"row with-nice-alignment va-top\">\n<div class=\"columns large-12 zn-accordionblock-col\">\n<div class=\"columns-inner zn-accordionblock-col-inner\">\n<ul class=\"accordion zn-accordionblock-accordion\" data-accordion data-accordion data-multi-expand=\"true\" data-allow-all-closed=\"true\">\n<li class=\"accordion-item zn-accordionblock-item\" data-accordion-item>\n\t\t\t\t\t\t\t\t\t\t<a href=\"#\" class=\"accordion-title zn-accordionblock-item-title\"><\/p>\n<h3 class=\"zn-accordionblock-item-titletxt\">Editions des doctorales de la SFSIC depuis 1993 <\/h3>\n<p>\t\t\t\t\t\t\t\t\t\t<\/a><\/p>\n<div class=\"accordion-content zn-accordionblock-item-content\" data-tab-content>\n<div class=\"zn-accordionblock-item-desc wig-content\">\n<ul>\n<li>2019, Mulhouse<\/li>\n<li>2017, Lyon<\/li>\n<li>2015, Lille<\/li>\n<li>2013, Paris<\/li>\n<li>2011, Bordeaux<\/li>\n<li>2009, Grenoble<\/li>\n<li>2005, Paris<\/li>\n<li>2003, Paris<\/li>\n<li>2002, Paris<\/li>\n<li>2000, Avignon<\/li>\n<li>1997, Rennes<\/li>\n<li>1995, Poitiers<\/li>\n<li>1993, Lyon<\/li>\n<\/ul>\n<\/div><\/div>\n<\/li>\n<li class=\"accordion-item zn-accordionblock-item\" data-accordion-item>\n\t\t\t\t\t\t\t\t\t\t<a href=\"#\" class=\"accordion-title zn-accordionblock-item-title\"><\/p>\n<h3 class=\"zn-accordionblock-item-titletxt\">Journ\u00e9es  SFSIC<\/h3>\n<p>\t\t\t\t\t\t\t\t\t\t<\/a><\/p>\n<div class=\"accordion-content zn-accordionblock-item-content\" data-tab-content>\n<div class=\"zn-accordionblock-item-desc wig-content\">\n<ul>\n<li>Assises SFSIC 2020<\/li>\n<li>Journ\u00e9e Formation SFSIC 2019<\/li>\n<li>Symposium CPDirSIC\/SFSIC \u00ab&#160;Des humanit\u00e9s num\u00e9riques aux Digital Studies &#8211; Questionner les Humanit\u00e9s Num\u00e9riques, positions et propositions des SIC&#160;\u00bb (12\/10\/2018)<\/li>\n<\/ul>\n<\/div><\/div>\n<\/li>\n<\/ul><\/div>\n<\/p><\/div>\n<\/p><\/div>\n<\/p><\/div>\n<\/p><\/div>\n<\/p><\/div>\n<\/div>\n<p><!-- \/flzn:accordionblock --><br \/>\n<!-- flzn:textblock --><\/p>\n<div class=\"zone zn-textblock\" id=\"flzn-textblock-3\">\n<div class=\"zone-block zn-textblock-block pdd-top-off pdd-bottom va-top\">\n<div class=\"row mw-content-zone\">\n<div class=\"columns large-12\">\n<div class=\"zn-textblock-titlebox\">\n<h2 class=\"zone-title zn-textblock-title\">\n\t\t\t\t\t\u00c9v\u00e9nement labellis\u00e9s SFSIC\t\t\t\t<\/h2>\n<\/p><\/div>\n<div class=\"row large-up-1 with-nice-alignment nbloc-1\">\n<div class=\"column zn-textblock-col\">\n<div class=\"column-inner\">\n<div class=\"wig-content mw-content\">\n<p>La SFSIC soutient ses adh\u00e9rents en proposant une labellisation des \u00e9v\u00e9nements scientifiques contribuant \u00e0 nourrir les d\u00e9bats au sein de la communaut\u00e9 des Sciences de l&rsquo;Information et de la Communication (SIC). Les \u00e9v\u00e9nements ainsi labellis\u00e9s appliquent notre label \u00e0 leurs supports de communication et b\u00e9n\u00e9ficient d&rsquo;une forte valorisation par l&rsquo;association.<\/p>\n<\/p><\/div>\n<\/p><\/div>\n<\/p><\/div>\n<\/p><\/div>\n<\/p><\/div>\n<\/p><\/div>\n<\/p><\/div>\n<\/div>\n<p><!-- \/flzn:textblock --><\/p>\n","protected":false},"excerpt":{"rendered":"<p>La SFSIC s&rsquo;engage dans la coordination de diff\u00e9rents types d&rsquo;\u00e9v\u00e9nements scientifiques. Ces derniers sont destin\u00e9s \u00e0 cr\u00e9er autant d&rsquo;occasions d&rsquo;\u00e9change et de d\u00e9veloppement des champs de recherche qui sont les [&hellip;]<\/p>\n","protected":false},"author":959,"featured_media":0,"parent":0,"menu_order":25,"comment_status":"closed","ping_status":"closed","template":"page-tpl-carrefour.php","meta":{"_acf_changed":false,"footnotes":""},"class_list":["post-17302","page","type-page","status-publish","hentry","wp-sticky"],"acf":[],"yoast_head":"<!-- This site is optimized with the Yoast SEO plugin v27.4 - https:\/\/yoast.com\/product\/yoast-seo-wordpress\/ -->\n<title>Organisation \u00e9v\u00e9nements scientifiques, Ev\u00e9nements scientifiques SFSIC<\/title>\n<meta name=\"description\" content=\"La SFSIC s&#039;engage dans la coordination de diff\u00e9rents types d&#039;\u00e9v\u00e9nements scientifiques. Ces derniers sont destin\u00e9s \u00e0 cr\u00e9er autant d&#039;occasions d&#039;\u00e9change et de d\u00e9veloppement des champs de recherche qui sont les n\u00f4tres.\" \/>\n<meta name=\"robots\" content=\"index, follow, max-snippet:-1, max-image-preview:large, max-video-preview:-1\" \/>\n<link rel=\"canonical\" href=\"https:\/\/www.sfsic.org\/en\/sfsic-events\/\" \/>\n<meta property=\"og:locale\" content=\"en_US\" \/>\n<meta property=\"og:type\" content=\"article\" \/>\n<meta property=\"og:title\" content=\"Organisation \u00e9v\u00e9nements scientifiques, Ev\u00e9nements scientifiques SFSIC\" \/>\n<meta property=\"og:description\" content=\"La SFSIC s&#039;engage dans la coordination de diff\u00e9rents types d&#039;\u00e9v\u00e9nements scientifiques. Ces derniers sont destin\u00e9s \u00e0 cr\u00e9er autant d&#039;occasions d&#039;\u00e9change et de d\u00e9veloppement des champs de recherche qui sont les n\u00f4tres.\" \/>\n<meta property=\"og:url\" content=\"https:\/\/www.sfsic.org\/en\/sfsic-events\/\" \/>\n<meta property=\"og:site_name\" content=\"SFSIC\" \/>\n<meta property=\"article:modified_time\" content=\"2021-04-30T15:32:53+00:00\" \/>\n<meta name=\"twitter:card\" content=\"summary_large_image\" \/>\n<script type=\"application\/ld+json\" class=\"yoast-schema-graph\">{\"@context\":\"https:\\\/\\\/schema.org\",\"@graph\":[{\"@type\":\"WebPage\",\"@id\":\"https:\\\/\\\/www.sfsic.org\\\/en\\\/sfsic-events\\\/\",\"url\":\"https:\\\/\\\/www.sfsic.org\\\/en\\\/sfsic-events\\\/\",\"name\":\"Organisation \u00e9v\u00e9nements scientifiques, Ev\u00e9nements scientifiques SFSIC\",\"isPartOf\":{\"@id\":\"https:\\\/\\\/www.sfsic.org\\\/en\\\/#website\"},\"datePublished\":\"2020-02-06T16:22:29+00:00\",\"dateModified\":\"2021-04-30T15:32:53+00:00\",\"description\":\"La SFSIC s'engage dans la coordination de diff\u00e9rents types d'\u00e9v\u00e9nements scientifiques. Ces derniers sont destin\u00e9s \u00e0 cr\u00e9er autant d'occasions d'\u00e9change et de d\u00e9veloppement des champs de recherche qui sont les n\u00f4tres.\",\"breadcrumb\":{\"@id\":\"https:\\\/\\\/www.sfsic.org\\\/en\\\/sfsic-events\\\/#breadcrumb\"},\"inLanguage\":\"en-US\",\"potentialAction\":[{\"@type\":\"ReadAction\",\"target\":[\"https:\\\/\\\/www.sfsic.org\\\/en\\\/sfsic-events\\\/\"]}]},{\"@type\":\"BreadcrumbList\",\"@id\":\"https:\\\/\\\/www.sfsic.org\\\/en\\\/sfsic-events\\\/#breadcrumb\",\"itemListElement\":[{\"@type\":\"ListItem\",\"position\":1,\"name\":\"Accueil\",\"item\":\"https:\\\/\\\/www.sfsic.org\\\/en\\\/\"},{\"@type\":\"ListItem\",\"position\":2,\"name\":\"SFSIC Events\"}]},{\"@type\":\"WebSite\",\"@id\":\"https:\\\/\\\/www.sfsic.org\\\/en\\\/#website\",\"url\":\"https:\\\/\\\/www.sfsic.org\\\/en\\\/\",\"name\":\"SFSIC\",\"description\":\"Soci\u00e9t\u00e9 Fran\u00e7aise des Sciences de l&#039;Information &amp; de la Communication\",\"publisher\":{\"@id\":\"https:\\\/\\\/www.sfsic.org\\\/en\\\/#organization\"},\"potentialAction\":[{\"@type\":\"SearchAction\",\"target\":{\"@type\":\"EntryPoint\",\"urlTemplate\":\"https:\\\/\\\/www.sfsic.org\\\/en\\\/?s={search_term_string}\"},\"query-input\":{\"@type\":\"PropertyValueSpecification\",\"valueRequired\":true,\"valueName\":\"search_term_string\"}}],\"inLanguage\":\"en-US\"},{\"@type\":\"Organization\",\"@id\":\"https:\\\/\\\/www.sfsic.org\\\/en\\\/#organization\",\"name\":\"SFSIC\",\"url\":\"https:\\\/\\\/www.sfsic.org\\\/en\\\/\",\"logo\":{\"@type\":\"ImageObject\",\"inLanguage\":\"en-US\",\"@id\":\"https:\\\/\\\/www.sfsic.org\\\/en\\\/#\\\/schema\\\/logo\\\/image\\\/\",\"url\":\"https:\\\/\\\/www.sfsic.org\\\/wp-inside\\\/uploads\\\/2020\\\/05\\\/logo-sfsic.jpg\",\"contentUrl\":\"https:\\\/\\\/www.sfsic.org\\\/wp-inside\\\/uploads\\\/2020\\\/05\\\/logo-sfsic.jpg\",\"width\":1085,\"height\":1080,\"caption\":\"SFSIC\"},\"image\":{\"@id\":\"https:\\\/\\\/www.sfsic.org\\\/en\\\/#\\\/schema\\\/logo\\\/image\\\/\"}}]}<\/script>\n<!-- \/ Yoast SEO plugin. -->","yoast_head_json":{"title":"Organisation \u00e9v\u00e9nements scientifiques, Ev\u00e9nements scientifiques SFSIC","description":"La SFSIC s'engage dans la coordination de diff\u00e9rents types d'\u00e9v\u00e9nements scientifiques. Ces derniers sont destin\u00e9s \u00e0 cr\u00e9er autant d'occasions d'\u00e9change et de d\u00e9veloppement des champs de recherche qui sont les n\u00f4tres.","robots":{"index":"index","follow":"follow","max-snippet":"max-snippet:-1","max-image-preview":"max-image-preview:large","max-video-preview":"max-video-preview:-1"},"canonical":"https:\/\/www.sfsic.org\/en\/sfsic-events\/","og_locale":"en_US","og_type":"article","og_title":"Organisation \u00e9v\u00e9nements scientifiques, Ev\u00e9nements scientifiques SFSIC","og_description":"La SFSIC s'engage dans la coordination de diff\u00e9rents types d'\u00e9v\u00e9nements scientifiques. Ces derniers sont destin\u00e9s \u00e0 cr\u00e9er autant d'occasions d'\u00e9change et de d\u00e9veloppement des champs de recherche qui sont les n\u00f4tres.","og_url":"https:\/\/www.sfsic.org\/en\/sfsic-events\/","og_site_name":"SFSIC","article_modified_time":"2021-04-30T15:32:53+00:00","twitter_card":"summary_large_image","schema":{"@context":"https:\/\/schema.org","@graph":[{"@type":"WebPage","@id":"https:\/\/www.sfsic.org\/en\/sfsic-events\/","url":"https:\/\/www.sfsic.org\/en\/sfsic-events\/","name":"Organisation \u00e9v\u00e9nements scientifiques, Ev\u00e9nements scientifiques SFSIC","isPartOf":{"@id":"https:\/\/www.sfsic.org\/en\/#website"},"datePublished":"2020-02-06T16:22:29+00:00","dateModified":"2021-04-30T15:32:53+00:00","description":"La SFSIC s'engage dans la coordination de diff\u00e9rents types d'\u00e9v\u00e9nements scientifiques. Ces derniers sont destin\u00e9s \u00e0 cr\u00e9er autant d'occasions d'\u00e9change et de d\u00e9veloppement des champs de recherche qui sont les n\u00f4tres.","breadcrumb":{"@id":"https:\/\/www.sfsic.org\/en\/sfsic-events\/#breadcrumb"},"inLanguage":"en-US","potentialAction":[{"@type":"ReadAction","target":["https:\/\/www.sfsic.org\/en\/sfsic-events\/"]}]},{"@type":"BreadcrumbList","@id":"https:\/\/www.sfsic.org\/en\/sfsic-events\/#breadcrumb","itemListElement":[{"@type":"ListItem","position":1,"name":"Accueil","item":"https:\/\/www.sfsic.org\/en\/"},{"@type":"ListItem","position":2,"name":"SFSIC Events"}]},{"@type":"WebSite","@id":"https:\/\/www.sfsic.org\/en\/#website","url":"https:\/\/www.sfsic.org\/en\/","name":"SFSIC","description":"Soci\u00e9t\u00e9 Fran\u00e7aise des Sciences de l&#039;Information &amp; de la Communication","publisher":{"@id":"https:\/\/www.sfsic.org\/en\/#organization"},"potentialAction":[{"@type":"SearchAction","target":{"@type":"EntryPoint","urlTemplate":"https:\/\/www.sfsic.org\/en\/?s={search_term_string}"},"query-input":{"@type":"PropertyValueSpecification","valueRequired":true,"valueName":"search_term_string"}}],"inLanguage":"en-US"},{"@type":"Organization","@id":"https:\/\/www.sfsic.org\/en\/#organization","name":"SFSIC","url":"https:\/\/www.sfsic.org\/en\/","logo":{"@type":"ImageObject","inLanguage":"en-US","@id":"https:\/\/www.sfsic.org\/en\/#\/schema\/logo\/image\/","url":"https:\/\/www.sfsic.org\/wp-inside\/uploads\/2020\/05\/logo-sfsic.jpg","contentUrl":"https:\/\/www.sfsic.org\/wp-inside\/uploads\/2020\/05\/logo-sfsic.jpg","width":1085,"height":1080,"caption":"SFSIC"},"image":{"@id":"https:\/\/www.sfsic.org\/en\/#\/schema\/logo\/image\/"}}]}},"_links":{"self":[{"href":"https:\/\/www.sfsic.org\/en\/wp-json\/wp\/v2\/pages\/17302","targetHints":{"allow":["GET"]}}],"collection":[{"href":"https:\/\/www.sfsic.org\/en\/wp-json\/wp\/v2\/pages"}],"about":[{"href":"https:\/\/www.sfsic.org\/en\/wp-json\/wp\/v2\/types\/page"}],"author":[{"embeddable":true,"href":"https:\/\/www.sfsic.org\/en\/wp-json\/wp\/v2\/users\/959"}],"replies":[{"embeddable":true,"href":"https:\/\/www.sfsic.org\/en\/wp-json\/wp\/v2\/comments?post=17302"}],"version-history":[{"count":1,"href":"https:\/\/www.sfsic.org\/en\/wp-json\/wp\/v2\/pages\/17302\/revisions"}],"predecessor-version":[{"id":17303,"href":"https:\/\/www.sfsic.org\/en\/wp-json\/wp\/v2\/pages\/17302\/revisions\/17303"}],"wp:attachment":[{"href":"https:\/\/www.sfsic.org\/en\/wp-json\/wp\/v2\/media?parent=17302"}],"curies":[{"name":"wp","href":"https:\/\/api.w.org\/{rel}","templated":true}]}}