{"id":17230,"date":"2020-02-06T17:26:02","date_gmt":"2020-02-06T16:26:02","guid":{"rendered":"https:\/\/www.sfsic.org\/plan-du-site\/"},"modified":"2021-04-28T15:54:27","modified_gmt":"2021-04-28T13:54:27","slug":"sitemap","status":"publish","type":"page","link":"https:\/\/www.sfsic.org\/en\/sitemap\/","title":{"rendered":"Sitemap"},"content":{"rendered":"<p><!-- flzn:textblock --><\/p>\n<div class=\"zone zn-textblock\" id=\"flzn-textblock-1\">\n<div class=\"zone-block zn-textblock-block va-top\">\n<div class=\"row mw-content-zone\">\n<div class=\"columns large-12\">\n<div class=\"row large-up-1 with-nice-alignment nbloc-1\">\n<div class=\"column zn-textblock-col\">\n<div class=\"column-inner\">\n<div class=\"wig-content mw-content\">\n<div class=\"wsp-container\">\n<h2 class=\"wsp-pages-title\">Pages<\/h2>\n<ul class=\"wsp-pages-list\">\n<li class=\"page_item page-item-16585\"><a href=\"https:\/\/www.sfsic.org\/en\/\">Home<\/a><\/li>\n<li class=\"page_item page-item-16557 page_item_has_children\"><a href=\"https:\/\/www.sfsic.org\/en\/la-sfsic\/\">La SFSIC<\/a>\n<ul class='children'>\n<li class=\"page_item page-item-17218\"><a href=\"https:\/\/www.sfsic.org\/en\/la-sfsic\/adherer\/\">Join the SFSIC<\/a><\/li>\n<li class=\"page_item page-item-17186\"><a href=\"https:\/\/www.sfsic.org\/en\/la-sfsic\/research-commission\/\">Research Commission<\/a><\/li>\n<li class=\"page_item page-item-17199\"><a href=\"https:\/\/www.sfsic.org\/en\/la-sfsic\/education-commission\/\">Education Commission<\/a><\/li>\n<li class=\"page_item page-item-17196\"><a href=\"https:\/\/www.sfsic.org\/en\/la-sfsic\/international-relations-commission\/\">International Relations Commission<\/a><\/li>\n<li class=\"page_item page-item-17202\"><a href=\"https:\/\/www.sfsic.org\/en\/la-sfsic\/professional-relations-commission\/\">Professional Relations Commission<\/a><\/li>\n<li class=\"page_item page-item-17193\"><a href=\"https:\/\/www.sfsic.org\/en\/la-sfsic\/communication-and-valorization-commission\/\">Communication and valorization Commission<\/a><\/li>\n<\/ul>\n<\/li>\n<li class=\"page_item page-item-17032 current_page_parent\"><a href=\"https:\/\/www.sfsic.org\/en\/sfsics-watch\/\">SFSIC\u2019s Watch<\/a><\/li>\n<li class=\"page_item page-item-17205 page_item_has_children\"><a href=\"https:\/\/www.sfsic.org\/en\/sfsic-publications\/\">SFSIC publications<\/a>\n<ul class='children'>\n<li class=\"page_item page-item-3839\"><a href=\"https:\/\/www.sfsic.org\/en\/sfsic-publications\/the-revue-francaise-des-sciences-de-linformation-et-de-la-communication\/\">The Revue Fran\u00e7aise des Sciences de l\u2019Information et de la Communication<\/a><\/li>\n<li class=\"page_item page-item-17221\"><a href=\"https:\/\/www.sfsic.org\/en\/sfsic-publications\/cahiers\/\">Cahiers de la SFSIC<\/a><\/li>\n<\/ul>\n<\/li>\n<li class=\"page_item page-item-5794\"><a href=\"https:\/\/www.sfsic.org\/en\/legale-notice\/\">Legale notice<\/a><\/li>\n<li class=\"page_item page-item-2561\"><a href=\"https:\/\/www.sfsic.org\/en\/espace-adherent\/\">Espace adh\u00e9rent<\/a><\/li>\n<\/ul>\n<h2 class=\"wsp-posts-title\">Articles par cat\u00e9gorie<\/h2>\n<ul class=\"wsp-posts-list\">\n<li><strong class=\"wsp-category-title\">Cat\u00e9gorie : <a href=\"https:\/\/www.sfsic.org\/en\/aac-publication-en\/\">AAC Publication<\/a><\/strong>\n<ul class=\"wsp-posts-list\">\n<li class=\"wsp-post\"><a href=\"https:\/\/www.sfsic.org\/en\/aac-publication-en\/csr-communication-in-the-media-industry\/\">CSR Communication in the Media Industry<\/a><\/li>\n<li><strong class=\"wsp-category-title\">Cat\u00e9gorie : <a href=\"https:\/\/www.sfsic.org\/en\/aac-publication-en\/book-chapter\/\">Book chapter<\/a><\/strong>\n<\/li>\n<\/ul>\n<\/li>\n<\/ul>\n<\/div><\/div>\n<\/p><\/div>\n<\/p><\/div>\n<\/p><\/div>\n<\/p><\/div>\n<\/p><\/div>\n<\/p><\/div>\n<\/div>\n<p><!-- \/flzn:textblock --><\/p>\n","protected":false},"excerpt":{"rendered":"<p>Pages Home La SFSIC Join the SFSIC Research Commission Education Commission International Relations Commission Professional Relations Commission Communication and valorization Commission SFSIC\u2019s Watch SFSIC publications The Revue Fran\u00e7aise des Sciences [&hellip;]<\/p>\n","protected":false},"author":959,"featured_media":0,"parent":0,"menu_order":60,"comment_status":"closed","ping_status":"closed","template":"","meta":{"_acf_changed":false,"footnotes":""},"class_list":["post-17230","page","type-page","status-publish","hentry","wp-sticky"],"acf":[],"yoast_head":"<!-- This site is optimized with the Yoast SEO plugin v27.4 - https:\/\/yoast.com\/product\/yoast-seo-wordpress\/ -->\n<title>Sitemap<\/title>\n<meta name=\"robots\" content=\"index, follow, max-snippet:-1, max-image-preview:large, max-video-preview:-1\" \/>\n<link rel=\"canonical\" href=\"https:\/\/www.sfsic.org\/en\/sitemap\/\" \/>\n<meta property=\"og:locale\" content=\"en_US\" \/>\n<meta property=\"og:type\" content=\"article\" \/>\n<meta property=\"og:title\" content=\"Sitemap\" \/>\n<meta property=\"og:description\" content=\"Pages Home La SFSIC Join the SFSIC Research Commission Education Commission International Relations Commission Professional Relations Commission Communication and valorization Commission SFSIC\u2019s Watch SFSIC publications The Revue Fran\u00e7aise des Sciences [&hellip;]\" \/>\n<meta property=\"og:url\" content=\"https:\/\/www.sfsic.org\/en\/sitemap\/\" \/>\n<meta property=\"og:site_name\" content=\"SFSIC\" \/>\n<meta property=\"article:modified_time\" content=\"2021-04-28T13:54:27+00:00\" \/>\n<meta name=\"twitter:card\" content=\"summary_large_image\" \/>\n<script type=\"application\/ld+json\" class=\"yoast-schema-graph\">{\"@context\":\"https:\\\/\\\/schema.org\",\"@graph\":[{\"@type\":\"WebPage\",\"@id\":\"https:\\\/\\\/www.sfsic.org\\\/en\\\/sitemap\\\/\",\"url\":\"https:\\\/\\\/www.sfsic.org\\\/en\\\/sitemap\\\/\",\"name\":\"Sitemap\",\"isPartOf\":{\"@id\":\"https:\\\/\\\/www.sfsic.org\\\/en\\\/#website\"},\"datePublished\":\"2020-02-06T16:26:02+00:00\",\"dateModified\":\"2021-04-28T13:54:27+00:00\",\"breadcrumb\":{\"@id\":\"https:\\\/\\\/www.sfsic.org\\\/en\\\/sitemap\\\/#breadcrumb\"},\"inLanguage\":\"en-US\",\"potentialAction\":[{\"@type\":\"ReadAction\",\"target\":[\"https:\\\/\\\/www.sfsic.org\\\/en\\\/sitemap\\\/\"]}]},{\"@type\":\"BreadcrumbList\",\"@id\":\"https:\\\/\\\/www.sfsic.org\\\/en\\\/sitemap\\\/#breadcrumb\",\"itemListElement\":[{\"@type\":\"ListItem\",\"position\":1,\"name\":\"Accueil\",\"item\":\"https:\\\/\\\/www.sfsic.org\\\/en\\\/\"},{\"@type\":\"ListItem\",\"position\":2,\"name\":\"Sitemap\"}]},{\"@type\":\"WebSite\",\"@id\":\"https:\\\/\\\/www.sfsic.org\\\/en\\\/#website\",\"url\":\"https:\\\/\\\/www.sfsic.org\\\/en\\\/\",\"name\":\"SFSIC\",\"description\":\"Soci\u00e9t\u00e9 Fran\u00e7aise des Sciences de l&#039;Information &amp; de la Communication\",\"publisher\":{\"@id\":\"https:\\\/\\\/www.sfsic.org\\\/en\\\/#organization\"},\"potentialAction\":[{\"@type\":\"SearchAction\",\"target\":{\"@type\":\"EntryPoint\",\"urlTemplate\":\"https:\\\/\\\/www.sfsic.org\\\/en\\\/?s={search_term_string}\"},\"query-input\":{\"@type\":\"PropertyValueSpecification\",\"valueRequired\":true,\"valueName\":\"search_term_string\"}}],\"inLanguage\":\"en-US\"},{\"@type\":\"Organization\",\"@id\":\"https:\\\/\\\/www.sfsic.org\\\/en\\\/#organization\",\"name\":\"SFSIC\",\"url\":\"https:\\\/\\\/www.sfsic.org\\\/en\\\/\",\"logo\":{\"@type\":\"ImageObject\",\"inLanguage\":\"en-US\",\"@id\":\"https:\\\/\\\/www.sfsic.org\\\/en\\\/#\\\/schema\\\/logo\\\/image\\\/\",\"url\":\"https:\\\/\\\/www.sfsic.org\\\/wp-inside\\\/uploads\\\/2020\\\/05\\\/logo-sfsic.jpg\",\"contentUrl\":\"https:\\\/\\\/www.sfsic.org\\\/wp-inside\\\/uploads\\\/2020\\\/05\\\/logo-sfsic.jpg\",\"width\":1085,\"height\":1080,\"caption\":\"SFSIC\"},\"image\":{\"@id\":\"https:\\\/\\\/www.sfsic.org\\\/en\\\/#\\\/schema\\\/logo\\\/image\\\/\"}}]}<\/script>\n<!-- \/ Yoast SEO plugin. -->","yoast_head_json":{"title":"Sitemap","robots":{"index":"index","follow":"follow","max-snippet":"max-snippet:-1","max-image-preview":"max-image-preview:large","max-video-preview":"max-video-preview:-1"},"canonical":"https:\/\/www.sfsic.org\/en\/sitemap\/","og_locale":"en_US","og_type":"article","og_title":"Sitemap","og_description":"Pages Home La SFSIC Join the SFSIC Research Commission Education Commission International Relations Commission Professional Relations Commission Communication and valorization Commission SFSIC\u2019s Watch SFSIC publications The Revue Fran\u00e7aise des Sciences [&hellip;]","og_url":"https:\/\/www.sfsic.org\/en\/sitemap\/","og_site_name":"SFSIC","article_modified_time":"2021-04-28T13:54:27+00:00","twitter_card":"summary_large_image","schema":{"@context":"https:\/\/schema.org","@graph":[{"@type":"WebPage","@id":"https:\/\/www.sfsic.org\/en\/sitemap\/","url":"https:\/\/www.sfsic.org\/en\/sitemap\/","name":"Sitemap","isPartOf":{"@id":"https:\/\/www.sfsic.org\/en\/#website"},"datePublished":"2020-02-06T16:26:02+00:00","dateModified":"2021-04-28T13:54:27+00:00","breadcrumb":{"@id":"https:\/\/www.sfsic.org\/en\/sitemap\/#breadcrumb"},"inLanguage":"en-US","potentialAction":[{"@type":"ReadAction","target":["https:\/\/www.sfsic.org\/en\/sitemap\/"]}]},{"@type":"BreadcrumbList","@id":"https:\/\/www.sfsic.org\/en\/sitemap\/#breadcrumb","itemListElement":[{"@type":"ListItem","position":1,"name":"Accueil","item":"https:\/\/www.sfsic.org\/en\/"},{"@type":"ListItem","position":2,"name":"Sitemap"}]},{"@type":"WebSite","@id":"https:\/\/www.sfsic.org\/en\/#website","url":"https:\/\/www.sfsic.org\/en\/","name":"SFSIC","description":"Soci\u00e9t\u00e9 Fran\u00e7aise des Sciences de l&#039;Information &amp; de la Communication","publisher":{"@id":"https:\/\/www.sfsic.org\/en\/#organization"},"potentialAction":[{"@type":"SearchAction","target":{"@type":"EntryPoint","urlTemplate":"https:\/\/www.sfsic.org\/en\/?s={search_term_string}"},"query-input":{"@type":"PropertyValueSpecification","valueRequired":true,"valueName":"search_term_string"}}],"inLanguage":"en-US"},{"@type":"Organization","@id":"https:\/\/www.sfsic.org\/en\/#organization","name":"SFSIC","url":"https:\/\/www.sfsic.org\/en\/","logo":{"@type":"ImageObject","inLanguage":"en-US","@id":"https:\/\/www.sfsic.org\/en\/#\/schema\/logo\/image\/","url":"https:\/\/www.sfsic.org\/wp-inside\/uploads\/2020\/05\/logo-sfsic.jpg","contentUrl":"https:\/\/www.sfsic.org\/wp-inside\/uploads\/2020\/05\/logo-sfsic.jpg","width":1085,"height":1080,"caption":"SFSIC"},"image":{"@id":"https:\/\/www.sfsic.org\/en\/#\/schema\/logo\/image\/"}}]}},"_links":{"self":[{"href":"https:\/\/www.sfsic.org\/en\/wp-json\/wp\/v2\/pages\/17230","targetHints":{"allow":["GET"]}}],"collection":[{"href":"https:\/\/www.sfsic.org\/en\/wp-json\/wp\/v2\/pages"}],"about":[{"href":"https:\/\/www.sfsic.org\/en\/wp-json\/wp\/v2\/types\/page"}],"author":[{"embeddable":true,"href":"https:\/\/www.sfsic.org\/en\/wp-json\/wp\/v2\/users\/959"}],"replies":[{"embeddable":true,"href":"https:\/\/www.sfsic.org\/en\/wp-json\/wp\/v2\/comments?post=17230"}],"version-history":[{"count":1,"href":"https:\/\/www.sfsic.org\/en\/wp-json\/wp\/v2\/pages\/17230\/revisions"}],"predecessor-version":[{"id":17231,"href":"https:\/\/www.sfsic.org\/en\/wp-json\/wp\/v2\/pages\/17230\/revisions\/17231"}],"wp:attachment":[{"href":"https:\/\/www.sfsic.org\/en\/wp-json\/wp\/v2\/media?parent=17230"}],"curies":[{"name":"wp","href":"https:\/\/api.w.org\/{rel}","templated":true}]}}