{"id":17221,"date":"2020-02-06T17:31:11","date_gmt":"2020-02-06T16:31:11","guid":{"rendered":"https:\/\/www.sfsic.org\/sfsic-publications\/cahiers\/"},"modified":"2021-05-04T15:58:49","modified_gmt":"2021-05-04T13:58:49","slug":"cahiers","status":"publish","type":"page","link":"https:\/\/www.sfsic.org\/en\/sfsic-publications\/cahiers\/","title":{"rendered":"Cahiers de la SFSIC"},"content":{"rendered":"<p>Les Cahiers de la SFSIC s&rsquo;inscrivent dans une tradition d\u2019\u00e9changes d\u2019informations et de d\u00e9bats scientifiques telle que l\u2019avait initi\u00e9e Jean Meyriat en 1978 en publiant le premier num\u00e9ro de la Lettre d\u2019Inforcom. Cette publication, fond\u00e9e par Brigitte Chapelain et Gino Gramaccia, est actuellement d\u00e9velopp\u00e9e sous la responsabilit\u00e9 \u00e9ditoriale d&rsquo;Aur\u00e9lia Lamy et destin\u00e9e \u00e0 la communaut\u00e9 scientifique des enseignants-chercheurs, doctorants, \u00e9tudiants en Sciences de l&rsquo;Information et de la Communication (SIC). Mais elle s&rsquo;adresse aussi aux coll\u00e8gues d\u2019autres disciplines et aux professionnels.<\/p>\n<p>Les Cahiers de la SFSIC sont consultables gratuitement en ligne sur ce site. Une \u00e9dition imprim\u00e9e est \u00e9galement propos\u00e9e aux adh\u00e9rents de la SFSIC.<\/p>\n<p><span style=\"text-decoration: underline;\">Lodel<\/span><\/p>\n<p><!-- flzn:textblock --><\/p>\n<div class=\"zone zn-textblock\" id=\"flzn-textblock-1\">\n<div class=\"zone-block zn-textblock-block va-top\">\n<div class=\"row mw-content-zone\">\n<div class=\"columns large-12\">\n<div class=\"row large-up-1 with-nice-alignment nbloc-1\">\n<div class=\"column zn-textblock-col\">\n<div class=\"column-inner\">\n<div class=\"wig-content mw-content\">\n<p>The Cahiers de la SFSIC are part of a tradition of scientific information exchange and debate as initiated by Jean Meyriat in 1978 with the publication of the first issue of the Lettre d&rsquo;Inforcom. This publication, founded by Brigitte Chapelain and Gino Gramaccia, is currently being developed under the editorial responsibility of Aur\u00e9lia Lamy. It is aimed at the scientific community of teacher-researchers, doctoral students and students in Information and Communication Sciences. But it is also intended for colleagues from other disciplines and professionals.<\/p>\n<p>SFSIC Papers can be consulted free of charge online on this website. A printed edition is also available to SFSIC members.<\/p>\n<\/p><\/div>\n<\/p><\/div>\n<\/p><\/div>\n<\/p><\/div>\n<\/p><\/div>\n<\/p><\/div>\n<\/p><\/div>\n<\/div>\n<p><!-- \/flzn:textblock --><br \/>\n<!-- flzn:calltoaction --><\/p>\n<div class=\"zone zn-calltoaction with-bg bg-color\" id=\"flzn-calltoaction-1\"><span class=\"zone-bg bg-color bgc-mosaic-gradient alignfull\"><\/span><\/p>\n<div class=\"zone-block zn-calltoaction-block alignwide va-top\">\n<div class=\"zn-calltoaction-bgbox block-alignfull oneblock\">\n<div class=\"zn-calltoaction-bgbox-bg\" ><\/div>\n<\/p><\/div>\n<div class=\"zn-calltoaction-list collapse row small-up-1 medium-up-1 nb-bloc-1  alignwide va-top\" data-equalizer data-equalize-on=\"large\">\n<div class=\"zn-calltoaction-bloc column\" data-equalizer-watch>\n<div class=\"column-inner zn-calltoaction-box\">\n<div class=\"zn-calltoaction-innerbox\">\n<div class=\"zn-calltoaction-bloc-titledesc\">\n<h3 class=\"zn-calltoaction-bloc-title\">\n\t\t\t\t\t\t\t\t\t\tRead the &#8220;Cahiers de la SFSIC&#8221;\t\t\t\t\t\t\t\t\t<\/h3>\n<\/p><\/div>\n<div class=\"zn-calltoaction-buttons-box\">\n<p>\t\t\t\t\t\t\t\t\t\t\t\t\t\t\t\t<a class=\"button outline with-arrow\" href=\"http:\/\/cahiers.sfsic.org\/sfsic\/\" target=\"_blank\" title=\"Cahiers de la SFSIC\" rel=\"noopener\"><br \/>\n\t\t\t\t\t\t\t\t\tConsult the &#8220;cahiers&#8221; on SFSIC.org\t\t\t\t\t\t\t\t<\/a><\/p><\/div>\n<\/p><\/div>\n<\/p><\/div>\n<\/p><\/div>\n<\/p><\/div>\n<\/div>\n<\/div>\n<p><!-- \/flzn:calltoaction --><br \/>\n<!-- flzn:gallerywithlinks --><\/p>\n<div class=\"zone zn-gallerywithlinks\" id=\"flzn-gallerywithlinks-1\">\n<div class=\"zone-block zn-gallerywithlinks-block alignwide va-top\">\n<div class=\"row mw-content-zone\">\n<div class=\"large-12 columns\">\n<div class=\"zn-gallerywithlinks-titlebox\">\n<h2 class=\"zone-title zn-gallerywithlinks-title\">\n\t\t\t\t\tLatest publications\t\t\t\t<\/h2>\n<\/p><\/div>\n<div class=\"zn-gallerywithlinks-list row small-up-2 medium-up-4 large-up-5 blockgrid-center gallery\">\n<div class=\"gallery-item zn-gallerywithlinks-item column\">\n<div class=\"zn-gallerywithlinks-item-inner\" data-aos=\"fade-up\" data-aos-once=\"true\" data-aos-anchor=\"#flzn-gallerywithlinks-1\" data-aos-anchor-placement=\"top-bottom\" data-aos-delay=\"0\">\n\t\t\t\t\t\t\t<a class=\"zn-gallerywithlinks-itemlink\" href=\"http:\/\/cahiers.sfsic.org\/sfsic\/index.php?id=196\" title=\"\" rel=\"galleryzone-flzn-gallerywithlinks-1 noopener\" target=\"_blank\">\t\t\t\t\t\t\t\t<img decoding=\"async\" src=\"https:\/\/www.sfsic.org\/wp-inside\/uploads\/2020\/05\/couv-cahier-sfsic-n14-1.jpg\" alt=\"Couverture Cahiers SFSIC 14\" data-interchange=\"[https:\/\/www.sfsic.org\/wp-inside\/uploads\/2020\/05\/couv-cahier-sfsic-n14-1.jpg, small],[https:\/\/www.sfsic.org\/wp-inside\/uploads\/2020\/05\/couv-cahier-sfsic-n14-1-300x448.jpg, large],\"\/><br \/>\n\t\t\t\t\t\t\t<\/a>\t\t\t\t\t\t<\/div>\n<\/p><\/div>\n<div class=\"gallery-item zn-gallerywithlinks-item column\">\n<div class=\"zn-gallerywithlinks-item-inner\" data-aos=\"fade-up\" data-aos-once=\"true\" data-aos-anchor=\"#flzn-gallerywithlinks-1\" data-aos-anchor-placement=\"top-bottom\" data-aos-delay=\"150\">\n\t\t\t\t\t\t\t<a class=\"zn-gallerywithlinks-itemlink\" href=\"http:\/\/cahiers.sfsic.org\/sfsic\/index.php?id=93\" title=\"\" rel=\"galleryzone-flzn-gallerywithlinks-1 noopener\" target=\"_blank\">\t\t\t\t\t\t\t\t<img decoding=\"async\" src=\"https:\/\/www.sfsic.org\/wp-inside\/uploads\/2020\/05\/couv-cahier-sfsic-n15-1.jpg\" alt=\"Couverture Cahiers SFSIC 15\" data-interchange=\"[https:\/\/www.sfsic.org\/wp-inside\/uploads\/2020\/05\/couv-cahier-sfsic-n15-1.jpg, small],[https:\/\/www.sfsic.org\/wp-inside\/uploads\/2020\/05\/couv-cahier-sfsic-n15-1-300x448.jpg, large],\"\/><br \/>\n\t\t\t\t\t\t\t<\/a>\t\t\t\t\t\t<\/div>\n<\/p><\/div>\n<div class=\"gallery-item zn-gallerywithlinks-item column\">\n<div class=\"zn-gallerywithlinks-item-inner\" data-aos=\"fade-up\" data-aos-once=\"true\" data-aos-anchor=\"#flzn-gallerywithlinks-1\" data-aos-anchor-placement=\"top-bottom\" data-aos-delay=\"300\">\n\t\t\t\t\t\t\t<a class=\"zn-gallerywithlinks-itemlink\" href=\"http:\/\/cahiers.sfsic.org\/sfsic\/index.php?id=795\" title=\"\" rel=\"galleryzone-flzn-gallerywithlinks-1 noopener\" target=\"_blank\">\t\t\t\t\t\t\t\t<img decoding=\"async\" src=\"https:\/\/www.sfsic.org\/wp-inside\/uploads\/2020\/05\/couv-cahier-sfsic-n16-1.jpg\" alt=\"Couverture Cahiers SFSIC 16\" data-interchange=\"[https:\/\/www.sfsic.org\/wp-inside\/uploads\/2020\/05\/couv-cahier-sfsic-n16-1.jpg, small],[https:\/\/www.sfsic.org\/wp-inside\/uploads\/2020\/05\/couv-cahier-sfsic-n16-1-300x448.jpg, large],\"\/><br \/>\n\t\t\t\t\t\t\t<\/a>\t\t\t\t\t\t<\/div>\n<\/p><\/div>\n<\/p><\/div>\n<\/p><\/div>\n<\/p><\/div>\n<\/div>\n<\/div>\n<p><!-- \/flzn:gallerywithlinks --><\/p>\n","protected":false},"excerpt":{"rendered":"<p>Les Cahiers de la SFSIC s&rsquo;inscrivent dans une tradition d\u2019\u00e9changes d\u2019informations et de d\u00e9bats scientifiques telle que l\u2019avait initi\u00e9e Jean Meyriat en 1978 en publiant le premier num\u00e9ro de la [&hellip;]<\/p>\n","protected":false},"author":959,"featured_media":0,"parent":17205,"menu_order":10,"comment_status":"closed","ping_status":"closed","template":"","meta":{"_acf_changed":false,"footnotes":""},"class_list":["post-17221","page","type-page","status-publish","hentry","wp-sticky"],"acf":[],"yoast_head":"<!-- This site is optimized with the Yoast SEO plugin v27.4 - https:\/\/yoast.com\/product\/yoast-seo-wordpress\/ -->\n<title>Cahiers de la SFSIC, Cahiers communaut\u00e9 scientifique en SIC<\/title>\n<meta name=\"description\" content=\"Les Cahiers de la SFSIC sont consultables gratuitement en ligne sur ce site. Une \u00e9dition imprim\u00e9e est \u00e9galement propos\u00e9e aux adh\u00e9rents de la SFSIC.\" \/>\n<meta name=\"robots\" content=\"index, follow, max-snippet:-1, max-image-preview:large, max-video-preview:-1\" \/>\n<link rel=\"canonical\" href=\"https:\/\/www.sfsic.org\/en\/sfsic-publications\/cahiers\/\" \/>\n<meta property=\"og:locale\" content=\"en_US\" \/>\n<meta property=\"og:type\" content=\"article\" \/>\n<meta property=\"og:title\" content=\"Cahiers de la SFSIC, Cahiers communaut\u00e9 scientifique en SIC\" \/>\n<meta property=\"og:description\" content=\"Les Cahiers de la SFSIC sont consultables gratuitement en ligne sur ce site. Une \u00e9dition imprim\u00e9e est \u00e9galement propos\u00e9e aux adh\u00e9rents de la SFSIC.\" \/>\n<meta property=\"og:url\" content=\"https:\/\/www.sfsic.org\/en\/sfsic-publications\/cahiers\/\" \/>\n<meta property=\"og:site_name\" content=\"SFSIC\" \/>\n<meta property=\"article:modified_time\" content=\"2021-05-04T13:58:49+00:00\" \/>\n<meta property=\"og:image\" content=\"https:\/\/www.sfsic.org\/wp-inside\/uploads\/2020\/05\/couv-cahier-sfsic-n14-1-180x269.jpg\" \/>\n<meta name=\"twitter:card\" content=\"summary_large_image\" \/>\n<script type=\"application\/ld+json\" class=\"yoast-schema-graph\">{\"@context\":\"https:\\\/\\\/schema.org\",\"@graph\":[{\"@type\":\"WebPage\",\"@id\":\"https:\\\/\\\/www.sfsic.org\\\/en\\\/sfsic-publications\\\/cahiers\\\/\",\"url\":\"https:\\\/\\\/www.sfsic.org\\\/en\\\/sfsic-publications\\\/cahiers\\\/\",\"name\":\"Cahiers de la SFSIC, Cahiers communaut\u00e9 scientifique en SIC\",\"isPartOf\":{\"@id\":\"https:\\\/\\\/www.sfsic.org\\\/en\\\/#website\"},\"primaryImageOfPage\":{\"@id\":\"https:\\\/\\\/www.sfsic.org\\\/en\\\/sfsic-publications\\\/cahiers\\\/#primaryimage\"},\"image\":{\"@id\":\"https:\\\/\\\/www.sfsic.org\\\/en\\\/sfsic-publications\\\/cahiers\\\/#primaryimage\"},\"thumbnailUrl\":\"https:\\\/\\\/www.sfsic.org\\\/wp-inside\\\/uploads\\\/2020\\\/05\\\/couv-cahier-sfsic-n14-1.jpg\",\"datePublished\":\"2020-02-06T16:31:11+00:00\",\"dateModified\":\"2021-05-04T13:58:49+00:00\",\"description\":\"Les Cahiers de la SFSIC sont consultables gratuitement en ligne sur ce site. Une \u00e9dition imprim\u00e9e est \u00e9galement propos\u00e9e aux adh\u00e9rents de la SFSIC.\",\"breadcrumb\":{\"@id\":\"https:\\\/\\\/www.sfsic.org\\\/en\\\/sfsic-publications\\\/cahiers\\\/#breadcrumb\"},\"inLanguage\":\"en-US\",\"potentialAction\":[{\"@type\":\"ReadAction\",\"target\":[\"https:\\\/\\\/www.sfsic.org\\\/en\\\/sfsic-publications\\\/cahiers\\\/\"]}]},{\"@type\":\"ImageObject\",\"inLanguage\":\"en-US\",\"@id\":\"https:\\\/\\\/www.sfsic.org\\\/en\\\/sfsic-publications\\\/cahiers\\\/#primaryimage\",\"url\":\"https:\\\/\\\/www.sfsic.org\\\/wp-inside\\\/uploads\\\/2020\\\/05\\\/couv-cahier-sfsic-n14-1.jpg\",\"contentUrl\":\"https:\\\/\\\/www.sfsic.org\\\/wp-inside\\\/uploads\\\/2020\\\/05\\\/couv-cahier-sfsic-n14-1.jpg\"},{\"@type\":\"BreadcrumbList\",\"@id\":\"https:\\\/\\\/www.sfsic.org\\\/en\\\/sfsic-publications\\\/cahiers\\\/#breadcrumb\",\"itemListElement\":[{\"@type\":\"ListItem\",\"position\":1,\"name\":\"Accueil\",\"item\":\"https:\\\/\\\/www.sfsic.org\\\/en\\\/\"},{\"@type\":\"ListItem\",\"position\":2,\"name\":\"SFSIC publications\",\"item\":\"https:\\\/\\\/www.sfsic.org\\\/en\\\/sfsic-publications\\\/\"},{\"@type\":\"ListItem\",\"position\":3,\"name\":\"Cahiers de la SFSIC\"}]},{\"@type\":\"WebSite\",\"@id\":\"https:\\\/\\\/www.sfsic.org\\\/en\\\/#website\",\"url\":\"https:\\\/\\\/www.sfsic.org\\\/en\\\/\",\"name\":\"SFSIC\",\"description\":\"Soci\u00e9t\u00e9 Fran\u00e7aise des Sciences de l&#039;Information &amp; de la Communication\",\"publisher\":{\"@id\":\"https:\\\/\\\/www.sfsic.org\\\/en\\\/#organization\"},\"potentialAction\":[{\"@type\":\"SearchAction\",\"target\":{\"@type\":\"EntryPoint\",\"urlTemplate\":\"https:\\\/\\\/www.sfsic.org\\\/en\\\/?s={search_term_string}\"},\"query-input\":{\"@type\":\"PropertyValueSpecification\",\"valueRequired\":true,\"valueName\":\"search_term_string\"}}],\"inLanguage\":\"en-US\"},{\"@type\":\"Organization\",\"@id\":\"https:\\\/\\\/www.sfsic.org\\\/en\\\/#organization\",\"name\":\"SFSIC\",\"url\":\"https:\\\/\\\/www.sfsic.org\\\/en\\\/\",\"logo\":{\"@type\":\"ImageObject\",\"inLanguage\":\"en-US\",\"@id\":\"https:\\\/\\\/www.sfsic.org\\\/en\\\/#\\\/schema\\\/logo\\\/image\\\/\",\"url\":\"https:\\\/\\\/www.sfsic.org\\\/wp-inside\\\/uploads\\\/2020\\\/05\\\/logo-sfsic.jpg\",\"contentUrl\":\"https:\\\/\\\/www.sfsic.org\\\/wp-inside\\\/uploads\\\/2020\\\/05\\\/logo-sfsic.jpg\",\"width\":1085,\"height\":1080,\"caption\":\"SFSIC\"},\"image\":{\"@id\":\"https:\\\/\\\/www.sfsic.org\\\/en\\\/#\\\/schema\\\/logo\\\/image\\\/\"}}]}<\/script>\n<!-- \/ Yoast SEO plugin. -->","yoast_head_json":{"title":"Cahiers de la SFSIC, Cahiers communaut\u00e9 scientifique en SIC","description":"Les Cahiers de la SFSIC sont consultables gratuitement en ligne sur ce site. Une \u00e9dition imprim\u00e9e est \u00e9galement propos\u00e9e aux adh\u00e9rents de la SFSIC.","robots":{"index":"index","follow":"follow","max-snippet":"max-snippet:-1","max-image-preview":"max-image-preview:large","max-video-preview":"max-video-preview:-1"},"canonical":"https:\/\/www.sfsic.org\/en\/sfsic-publications\/cahiers\/","og_locale":"en_US","og_type":"article","og_title":"Cahiers de la SFSIC, Cahiers communaut\u00e9 scientifique en SIC","og_description":"Les Cahiers de la SFSIC sont consultables gratuitement en ligne sur ce site. Une \u00e9dition imprim\u00e9e est \u00e9galement propos\u00e9e aux adh\u00e9rents de la SFSIC.","og_url":"https:\/\/www.sfsic.org\/en\/sfsic-publications\/cahiers\/","og_site_name":"SFSIC","article_modified_time":"2021-05-04T13:58:49+00:00","og_image":[{"url":"https:\/\/www.sfsic.org\/wp-inside\/uploads\/2020\/05\/couv-cahier-sfsic-n14-1-180x269.jpg","type":"","width":"","height":""}],"twitter_card":"summary_large_image","schema":{"@context":"https:\/\/schema.org","@graph":[{"@type":"WebPage","@id":"https:\/\/www.sfsic.org\/en\/sfsic-publications\/cahiers\/","url":"https:\/\/www.sfsic.org\/en\/sfsic-publications\/cahiers\/","name":"Cahiers de la SFSIC, Cahiers communaut\u00e9 scientifique en SIC","isPartOf":{"@id":"https:\/\/www.sfsic.org\/en\/#website"},"primaryImageOfPage":{"@id":"https:\/\/www.sfsic.org\/en\/sfsic-publications\/cahiers\/#primaryimage"},"image":{"@id":"https:\/\/www.sfsic.org\/en\/sfsic-publications\/cahiers\/#primaryimage"},"thumbnailUrl":"https:\/\/www.sfsic.org\/wp-inside\/uploads\/2020\/05\/couv-cahier-sfsic-n14-1.jpg","datePublished":"2020-02-06T16:31:11+00:00","dateModified":"2021-05-04T13:58:49+00:00","description":"Les Cahiers de la SFSIC sont consultables gratuitement en ligne sur ce site. Une \u00e9dition imprim\u00e9e est \u00e9galement propos\u00e9e aux adh\u00e9rents de la SFSIC.","breadcrumb":{"@id":"https:\/\/www.sfsic.org\/en\/sfsic-publications\/cahiers\/#breadcrumb"},"inLanguage":"en-US","potentialAction":[{"@type":"ReadAction","target":["https:\/\/www.sfsic.org\/en\/sfsic-publications\/cahiers\/"]}]},{"@type":"ImageObject","inLanguage":"en-US","@id":"https:\/\/www.sfsic.org\/en\/sfsic-publications\/cahiers\/#primaryimage","url":"https:\/\/www.sfsic.org\/wp-inside\/uploads\/2020\/05\/couv-cahier-sfsic-n14-1.jpg","contentUrl":"https:\/\/www.sfsic.org\/wp-inside\/uploads\/2020\/05\/couv-cahier-sfsic-n14-1.jpg"},{"@type":"BreadcrumbList","@id":"https:\/\/www.sfsic.org\/en\/sfsic-publications\/cahiers\/#breadcrumb","itemListElement":[{"@type":"ListItem","position":1,"name":"Accueil","item":"https:\/\/www.sfsic.org\/en\/"},{"@type":"ListItem","position":2,"name":"SFSIC publications","item":"https:\/\/www.sfsic.org\/en\/sfsic-publications\/"},{"@type":"ListItem","position":3,"name":"Cahiers de la SFSIC"}]},{"@type":"WebSite","@id":"https:\/\/www.sfsic.org\/en\/#website","url":"https:\/\/www.sfsic.org\/en\/","name":"SFSIC","description":"Soci\u00e9t\u00e9 Fran\u00e7aise des Sciences de l&#039;Information &amp; de la Communication","publisher":{"@id":"https:\/\/www.sfsic.org\/en\/#organization"},"potentialAction":[{"@type":"SearchAction","target":{"@type":"EntryPoint","urlTemplate":"https:\/\/www.sfsic.org\/en\/?s={search_term_string}"},"query-input":{"@type":"PropertyValueSpecification","valueRequired":true,"valueName":"search_term_string"}}],"inLanguage":"en-US"},{"@type":"Organization","@id":"https:\/\/www.sfsic.org\/en\/#organization","name":"SFSIC","url":"https:\/\/www.sfsic.org\/en\/","logo":{"@type":"ImageObject","inLanguage":"en-US","@id":"https:\/\/www.sfsic.org\/en\/#\/schema\/logo\/image\/","url":"https:\/\/www.sfsic.org\/wp-inside\/uploads\/2020\/05\/logo-sfsic.jpg","contentUrl":"https:\/\/www.sfsic.org\/wp-inside\/uploads\/2020\/05\/logo-sfsic.jpg","width":1085,"height":1080,"caption":"SFSIC"},"image":{"@id":"https:\/\/www.sfsic.org\/en\/#\/schema\/logo\/image\/"}}]}},"_links":{"self":[{"href":"https:\/\/www.sfsic.org\/en\/wp-json\/wp\/v2\/pages\/17221","targetHints":{"allow":["GET"]}}],"collection":[{"href":"https:\/\/www.sfsic.org\/en\/wp-json\/wp\/v2\/pages"}],"about":[{"href":"https:\/\/www.sfsic.org\/en\/wp-json\/wp\/v2\/types\/page"}],"author":[{"embeddable":true,"href":"https:\/\/www.sfsic.org\/en\/wp-json\/wp\/v2\/users\/959"}],"replies":[{"embeddable":true,"href":"https:\/\/www.sfsic.org\/en\/wp-json\/wp\/v2\/comments?post=17221"}],"version-history":[{"count":2,"href":"https:\/\/www.sfsic.org\/en\/wp-json\/wp\/v2\/pages\/17221\/revisions"}],"predecessor-version":[{"id":17386,"href":"https:\/\/www.sfsic.org\/en\/wp-json\/wp\/v2\/pages\/17221\/revisions\/17386"}],"up":[{"embeddable":true,"href":"https:\/\/www.sfsic.org\/en\/wp-json\/wp\/v2\/pages\/17205"}],"wp:attachment":[{"href":"https:\/\/www.sfsic.org\/en\/wp-json\/wp\/v2\/media?parent=17221"}],"curies":[{"name":"wp","href":"https:\/\/api.w.org\/{rel}","templated":true}]}}