{"id":17218,"date":"2020-02-06T17:27:20","date_gmt":"2020-02-06T16:27:20","guid":{"rendered":"https:\/\/www.sfsic.org\/la-sfsic\/adherer\/"},"modified":"2021-12-08T11:23:41","modified_gmt":"2021-12-08T10:23:41","slug":"adherer","status":"publish","type":"page","link":"https:\/\/www.sfsic.org\/en\/the-sfsic\/adherer\/","title":{"rendered":"Join the SFSIC"},"content":{"rendered":"<p>Pour contribuer activement au d\u00e9veloppement de l\u2019enseignement et de la recherche en Sciences de l\u2019Information et de la Communication (SIC).<br \/>\nPour participer aux travaux et aux d\u00e9cisions de l\u2019association.<br \/>\nPour pouvoir valoriser vos projets, vos \u00e9v\u00e9nements, vos r\u00e9flexions et \u00eatre tenu(e) inform\u00e9(e) des initiatives concernant vos th\u00e8mes de pr\u00e9dilection.<\/p>\n<p><!-- flzn:textblock --><\/p>\n<div class=\"zone zn-textblock\" id=\"flzn-textblock-1\">\n<div class=\"zone-block zn-textblock-block pdd-bottom-off va-top\">\n<div class=\"row mw-content-zone\">\n<div class=\"columns large-12\">\n<div class=\"row large-up-1 with-nice-alignment nbloc-1\">\n<div class=\"column zn-textblock-col\">\n<div class=\"column-inner\">\n<div class=\"wig-content mw-content\">\n<p>On this page you can become a member of the SFSIC<\/p>\n<ul>\n<li>To participate in the activities of the association and to contribute to its development. Your membership entitles you to one vote at general assemblies.<\/li>\n<li>to distribute your calls for contributions, announcements of events or publications to a highly targeted audience of researchers in Information and Communication Sciences who have shown an interest in the themes you are interested in.<\/li>\n<li>to receive when you wish, your personalized newsletter \u00ab\u00a0SFSIC\u2019s Watch\u00a0\u00bb, based on your topics of interest.<\/li>\n<li>to be able to seek the labeling of an event of which you are the organizer and that you wish to promote.<\/li>\n<li>to access the detailed files of the Members&rsquo; directory and display your own profile.<\/li>\n<\/ul>\n<p>&nbsp;<\/p>\n<p style=\"text-align: center;\"><a class=\"button outline with-arrow\" href=\"https:\/\/www.sfsic.org\/espace-adherent\/demande-adhesion\/\">Join-us<\/a><\/p>\n<\/p><\/div>\n<\/p><\/div>\n<\/p><\/div>\n<\/p><\/div>\n<\/p><\/div>\n<\/p><\/div>\n<\/p><\/div>\n<\/div>\n<p><!-- \/flzn:textblock --><\/p>\n","protected":false},"excerpt":{"rendered":"<p>Pour contribuer activement au d\u00e9veloppement de l\u2019enseignement et de la recherche en Sciences de l\u2019Information et de la Communication (SIC). Pour participer aux travaux et aux d\u00e9cisions de l\u2019association. Pour [&hellip;]<\/p>\n","protected":false},"author":959,"featured_media":0,"parent":16557,"menu_order":10,"comment_status":"closed","ping_status":"closed","template":"","meta":{"_acf_changed":false,"footnotes":""},"class_list":["post-17218","page","type-page","status-publish","hentry","wp-sticky"],"acf":[],"yoast_head":"<!-- This site is optimized with the Yoast SEO plugin v27.3 - https:\/\/yoast.com\/product\/yoast-seo-wordpress\/ -->\n<title>Join the SFSIC<\/title>\n<meta name=\"robots\" content=\"index, follow, max-snippet:-1, max-image-preview:large, max-video-preview:-1\" \/>\n<link rel=\"canonical\" href=\"https:\/\/www.sfsic.org\/en\/the-sfsic\/adherer\/\" \/>\n<meta property=\"og:locale\" content=\"en_US\" \/>\n<meta property=\"og:type\" content=\"article\" \/>\n<meta property=\"og:title\" content=\"Join the SFSIC\" \/>\n<meta property=\"og:description\" content=\"Pour contribuer activement au d\u00e9veloppement de l\u2019enseignement et de la recherche en Sciences de l\u2019Information et de la Communication (SIC). Pour participer aux travaux et aux d\u00e9cisions de l\u2019association. Pour [&hellip;]\" \/>\n<meta property=\"og:url\" content=\"https:\/\/www.sfsic.org\/en\/the-sfsic\/adherer\/\" \/>\n<meta property=\"og:site_name\" content=\"SFSIC\" \/>\n<meta property=\"article:modified_time\" content=\"2021-12-08T10:23:41+00:00\" \/>\n<meta name=\"twitter:card\" content=\"summary_large_image\" \/>\n<script type=\"application\/ld+json\" class=\"yoast-schema-graph\">{\"@context\":\"https:\\\/\\\/schema.org\",\"@graph\":[{\"@type\":\"WebPage\",\"@id\":\"https:\\\/\\\/www.sfsic.org\\\/en\\\/the-sfsic\\\/adherer\\\/\",\"url\":\"https:\\\/\\\/www.sfsic.org\\\/en\\\/the-sfsic\\\/adherer\\\/\",\"name\":\"Join the SFSIC\",\"isPartOf\":{\"@id\":\"https:\\\/\\\/www.sfsic.org\\\/en\\\/#website\"},\"datePublished\":\"2020-02-06T16:27:20+00:00\",\"dateModified\":\"2021-12-08T10:23:41+00:00\",\"breadcrumb\":{\"@id\":\"https:\\\/\\\/www.sfsic.org\\\/en\\\/the-sfsic\\\/adherer\\\/#breadcrumb\"},\"inLanguage\":\"en-US\",\"potentialAction\":[{\"@type\":\"ReadAction\",\"target\":[\"https:\\\/\\\/www.sfsic.org\\\/en\\\/the-sfsic\\\/adherer\\\/\"]}]},{\"@type\":\"BreadcrumbList\",\"@id\":\"https:\\\/\\\/www.sfsic.org\\\/en\\\/the-sfsic\\\/adherer\\\/#breadcrumb\",\"itemListElement\":[{\"@type\":\"ListItem\",\"position\":1,\"name\":\"Accueil\",\"item\":\"https:\\\/\\\/www.sfsic.org\\\/en\\\/\"},{\"@type\":\"ListItem\",\"position\":2,\"name\":\"The SFSIC\",\"item\":\"https:\\\/\\\/www.sfsic.org\\\/en\\\/the-sfsic\\\/\"},{\"@type\":\"ListItem\",\"position\":3,\"name\":\"Join the SFSIC\"}]},{\"@type\":\"WebSite\",\"@id\":\"https:\\\/\\\/www.sfsic.org\\\/en\\\/#website\",\"url\":\"https:\\\/\\\/www.sfsic.org\\\/en\\\/\",\"name\":\"SFSIC\",\"description\":\"Soci\u00e9t\u00e9 Fran\u00e7aise des Sciences de l&#039;Information &amp; de la Communication\",\"publisher\":{\"@id\":\"https:\\\/\\\/www.sfsic.org\\\/en\\\/#organization\"},\"potentialAction\":[{\"@type\":\"SearchAction\",\"target\":{\"@type\":\"EntryPoint\",\"urlTemplate\":\"https:\\\/\\\/www.sfsic.org\\\/en\\\/?s={search_term_string}\"},\"query-input\":{\"@type\":\"PropertyValueSpecification\",\"valueRequired\":true,\"valueName\":\"search_term_string\"}}],\"inLanguage\":\"en-US\"},{\"@type\":\"Organization\",\"@id\":\"https:\\\/\\\/www.sfsic.org\\\/en\\\/#organization\",\"name\":\"SFSIC\",\"url\":\"https:\\\/\\\/www.sfsic.org\\\/en\\\/\",\"logo\":{\"@type\":\"ImageObject\",\"inLanguage\":\"en-US\",\"@id\":\"https:\\\/\\\/www.sfsic.org\\\/en\\\/#\\\/schema\\\/logo\\\/image\\\/\",\"url\":\"https:\\\/\\\/www.sfsic.org\\\/wp-inside\\\/uploads\\\/2020\\\/05\\\/logo-sfsic.jpg\",\"contentUrl\":\"https:\\\/\\\/www.sfsic.org\\\/wp-inside\\\/uploads\\\/2020\\\/05\\\/logo-sfsic.jpg\",\"width\":1085,\"height\":1080,\"caption\":\"SFSIC\"},\"image\":{\"@id\":\"https:\\\/\\\/www.sfsic.org\\\/en\\\/#\\\/schema\\\/logo\\\/image\\\/\"}}]}<\/script>\n<!-- \/ Yoast SEO plugin. -->","yoast_head_json":{"title":"Join the SFSIC","robots":{"index":"index","follow":"follow","max-snippet":"max-snippet:-1","max-image-preview":"max-image-preview:large","max-video-preview":"max-video-preview:-1"},"canonical":"https:\/\/www.sfsic.org\/en\/the-sfsic\/adherer\/","og_locale":"en_US","og_type":"article","og_title":"Join the SFSIC","og_description":"Pour contribuer activement au d\u00e9veloppement de l\u2019enseignement et de la recherche en Sciences de l\u2019Information et de la Communication (SIC). Pour participer aux travaux et aux d\u00e9cisions de l\u2019association. Pour [&hellip;]","og_url":"https:\/\/www.sfsic.org\/en\/the-sfsic\/adherer\/","og_site_name":"SFSIC","article_modified_time":"2021-12-08T10:23:41+00:00","twitter_card":"summary_large_image","schema":{"@context":"https:\/\/schema.org","@graph":[{"@type":"WebPage","@id":"https:\/\/www.sfsic.org\/en\/the-sfsic\/adherer\/","url":"https:\/\/www.sfsic.org\/en\/the-sfsic\/adherer\/","name":"Join the SFSIC","isPartOf":{"@id":"https:\/\/www.sfsic.org\/en\/#website"},"datePublished":"2020-02-06T16:27:20+00:00","dateModified":"2021-12-08T10:23:41+00:00","breadcrumb":{"@id":"https:\/\/www.sfsic.org\/en\/the-sfsic\/adherer\/#breadcrumb"},"inLanguage":"en-US","potentialAction":[{"@type":"ReadAction","target":["https:\/\/www.sfsic.org\/en\/the-sfsic\/adherer\/"]}]},{"@type":"BreadcrumbList","@id":"https:\/\/www.sfsic.org\/en\/the-sfsic\/adherer\/#breadcrumb","itemListElement":[{"@type":"ListItem","position":1,"name":"Accueil","item":"https:\/\/www.sfsic.org\/en\/"},{"@type":"ListItem","position":2,"name":"The SFSIC","item":"https:\/\/www.sfsic.org\/en\/the-sfsic\/"},{"@type":"ListItem","position":3,"name":"Join the SFSIC"}]},{"@type":"WebSite","@id":"https:\/\/www.sfsic.org\/en\/#website","url":"https:\/\/www.sfsic.org\/en\/","name":"SFSIC","description":"Soci\u00e9t\u00e9 Fran\u00e7aise des Sciences de l&#039;Information &amp; de la Communication","publisher":{"@id":"https:\/\/www.sfsic.org\/en\/#organization"},"potentialAction":[{"@type":"SearchAction","target":{"@type":"EntryPoint","urlTemplate":"https:\/\/www.sfsic.org\/en\/?s={search_term_string}"},"query-input":{"@type":"PropertyValueSpecification","valueRequired":true,"valueName":"search_term_string"}}],"inLanguage":"en-US"},{"@type":"Organization","@id":"https:\/\/www.sfsic.org\/en\/#organization","name":"SFSIC","url":"https:\/\/www.sfsic.org\/en\/","logo":{"@type":"ImageObject","inLanguage":"en-US","@id":"https:\/\/www.sfsic.org\/en\/#\/schema\/logo\/image\/","url":"https:\/\/www.sfsic.org\/wp-inside\/uploads\/2020\/05\/logo-sfsic.jpg","contentUrl":"https:\/\/www.sfsic.org\/wp-inside\/uploads\/2020\/05\/logo-sfsic.jpg","width":1085,"height":1080,"caption":"SFSIC"},"image":{"@id":"https:\/\/www.sfsic.org\/en\/#\/schema\/logo\/image\/"}}]}},"_links":{"self":[{"href":"https:\/\/www.sfsic.org\/en\/wp-json\/wp\/v2\/pages\/17218","targetHints":{"allow":["GET"]}}],"collection":[{"href":"https:\/\/www.sfsic.org\/en\/wp-json\/wp\/v2\/pages"}],"about":[{"href":"https:\/\/www.sfsic.org\/en\/wp-json\/wp\/v2\/types\/page"}],"author":[{"embeddable":true,"href":"https:\/\/www.sfsic.org\/en\/wp-json\/wp\/v2\/users\/959"}],"replies":[{"embeddable":true,"href":"https:\/\/www.sfsic.org\/en\/wp-json\/wp\/v2\/comments?post=17218"}],"version-history":[{"count":3,"href":"https:\/\/www.sfsic.org\/en\/wp-json\/wp\/v2\/pages\/17218\/revisions"}],"predecessor-version":[{"id":21848,"href":"https:\/\/www.sfsic.org\/en\/wp-json\/wp\/v2\/pages\/17218\/revisions\/21848"}],"up":[{"embeddable":true,"href":"https:\/\/www.sfsic.org\/en\/wp-json\/wp\/v2\/pages\/16557"}],"wp:attachment":[{"href":"https:\/\/www.sfsic.org\/en\/wp-json\/wp\/v2\/media?parent=17218"}],"curies":[{"name":"wp","href":"https:\/\/api.w.org\/{rel}","templated":true}]}}