{"id":17205,"date":"2020-02-06T17:20:32","date_gmt":"2020-02-06T16:20:32","guid":{"rendered":"https:\/\/www.sfsic.org\/publications-sfsic\/"},"modified":"2021-05-04T10:50:11","modified_gmt":"2021-05-04T08:50:11","slug":"sfsic-publications","status":"publish","type":"page","link":"https:\/\/www.sfsic.org\/en\/sfsic-publications\/","title":{"rendered":"SFSIC publications"},"content":{"rendered":"<p>La SFSIC s&rsquo;engage dans l&rsquo;animation de la communaut\u00e9 scientifique des Sciences de l&rsquo;Information et de la Communication (SIC)\u00a0 et, plus largement autour des questions d&rsquo;information communication \u00e0 l&rsquo;\u00e9chelle nationale et internationale.<\/p>\n<p><!-- flzn:textblock --><\/p>\n<div class=\"zone zn-textblock with-2-blocs\" id=\"flzn-textblock-1\">\n<div class=\"zone-block zn-textblock-block pdd-bottom-off alignwide va-top\">\n<div class=\"row mw-content-zone\">\n<div class=\"columns large-12\">\n<div class=\"row with-nice-alignment nbloc-2 va-top\">\n<div class=\"columns large-6 zn-textblock-col\">\n<div class=\"columns-inner\" data-aos=\"fade-up\" data-aos-once=\"false\" data-aos-anchor=\"#flzn-textblock-1\" data-aos-anchor-placement=\"top-bottom\" data-aos-delay=\"150\">\n<div class=\"wig-content mw-content\">\n<p>The SFSIC is involved in the animation of the scientific community of Information and Communication Sciences and, in a larger sense, in matters relating to information and communication at the national and international levels.<\/p>\n<p>In this regard, our association relies on two periodical publications: <em>La Revue Fran\u00e7aise des Sciences de l\u2019Information et de la Communication<\/em> (RFSIC for short) and <em>the Cahiers de la SFSIC<\/em>, which are two essential levers for the mutualization and the visibility of research experiences in Information and Communication Sciences.<\/p>\n<\/p><\/div>\n<\/p><\/div>\n<\/p><\/div>\n<div class=\"columns large-6 zn-textblock-col\">\n<div class=\"columns-inner\" data-aos=\"fade-up\" data-aos-once=\"false\" data-aos-anchor=\"#flzn-textblock-1\" data-aos-anchor-placement=\"top-bottom\" data-aos-delay=\"300\">\n<div class=\"wig-content mw-content\">\n<p>The SFSIC also issues other types of publications highlighting the projects carried out by the association for the benefit of the scientific community. SFSIC Congresses and SFSIC Doctoral Meetings proceedings are published for the benefit of the scientific community, for both young researchers and more experienced project leaders.<\/p>\n<p>Finally, the SFSIC relies on the diversity of possible formats for the valorization of research to diffuse the works that feed the scientific life of our discipline. Our society is thus involved in the publication of proceedings and synthesis documents following events that it organizes, and is also involved in the coordination of collective works.<\/p>\n<\/p><\/div>\n<\/p><\/div>\n<\/p><\/div>\n<\/p><\/div>\n<\/p><\/div>\n<\/p><\/div>\n<\/p><\/div>\n<\/div>\n<p><!-- \/flzn:textblock --><\/p>\n","protected":false},"excerpt":{"rendered":"<p>La SFSIC s&rsquo;engage dans l&rsquo;animation de la communaut\u00e9 scientifique des Sciences de l&rsquo;Information et de la Communication (SIC)\u00a0 et, plus largement autour des questions d&rsquo;information communication \u00e0 l&rsquo;\u00e9chelle nationale et [&hellip;]<\/p>\n","protected":false},"author":959,"featured_media":0,"parent":0,"menu_order":20,"comment_status":"closed","ping_status":"closed","template":"page-tpl-carrefour.php","meta":{"_acf_changed":false,"footnotes":""},"class_list":["post-17205","page","type-page","status-publish","hentry","wp-sticky"],"acf":[],"yoast_head":"<!-- This site is optimized with the Yoast SEO plugin v27.4 - https:\/\/yoast.com\/product\/yoast-seo-wordpress\/ -->\n<title>SFSIC Publications<\/title>\n<meta name=\"description\" content=\"The SFSIC is involved in the animation of the scientific community of Information and Communication Sciences and, in a larger sense, in matters relating to information and communication at the national and international levels. In this regard, our association relies on two periodical publications: La Revue Fran\u00e7aise des Sciences de l\u2019Information et de la Communication (RFSIC for short) and the Cahiers de la SFSIC\" \/>\n<meta name=\"robots\" content=\"index, follow, max-snippet:-1, max-image-preview:large, max-video-preview:-1\" \/>\n<link rel=\"canonical\" href=\"https:\/\/www.sfsic.org\/en\/sfsic-publications\/\" \/>\n<meta property=\"og:locale\" content=\"en_US\" \/>\n<meta property=\"og:type\" content=\"article\" \/>\n<meta property=\"og:title\" content=\"SFSIC Publications\" \/>\n<meta property=\"og:description\" content=\"The SFSIC is involved in the animation of the scientific community of Information and Communication Sciences and, in a larger sense, in matters relating to information and communication at the national and international levels. In this regard, our association relies on two periodical publications: La Revue Fran\u00e7aise des Sciences de l\u2019Information et de la Communication (RFSIC for short) and the Cahiers de la SFSIC\" \/>\n<meta property=\"og:url\" content=\"https:\/\/www.sfsic.org\/en\/sfsic-publications\/\" \/>\n<meta property=\"og:site_name\" content=\"SFSIC\" \/>\n<meta property=\"article:modified_time\" content=\"2021-05-04T08:50:11+00:00\" \/>\n<meta name=\"twitter:card\" content=\"summary_large_image\" \/>\n<script type=\"application\/ld+json\" class=\"yoast-schema-graph\">{\"@context\":\"https:\\\/\\\/schema.org\",\"@graph\":[{\"@type\":\"WebPage\",\"@id\":\"https:\\\/\\\/www.sfsic.org\\\/en\\\/sfsic-publications\\\/\",\"url\":\"https:\\\/\\\/www.sfsic.org\\\/en\\\/sfsic-publications\\\/\",\"name\":\"SFSIC Publications\",\"isPartOf\":{\"@id\":\"https:\\\/\\\/www.sfsic.org\\\/en\\\/#website\"},\"datePublished\":\"2020-02-06T16:20:32+00:00\",\"dateModified\":\"2021-05-04T08:50:11+00:00\",\"description\":\"The SFSIC is involved in the animation of the scientific community of Information and Communication Sciences and, in a larger sense, in matters relating to information and communication at the national and international levels. In this regard, our association relies on two periodical publications: La Revue Fran\u00e7aise des Sciences de l\u2019Information et de la Communication (RFSIC for short) and the Cahiers de la SFSIC\",\"breadcrumb\":{\"@id\":\"https:\\\/\\\/www.sfsic.org\\\/en\\\/sfsic-publications\\\/#breadcrumb\"},\"inLanguage\":\"en-US\",\"potentialAction\":[{\"@type\":\"ReadAction\",\"target\":[\"https:\\\/\\\/www.sfsic.org\\\/en\\\/sfsic-publications\\\/\"]}]},{\"@type\":\"BreadcrumbList\",\"@id\":\"https:\\\/\\\/www.sfsic.org\\\/en\\\/sfsic-publications\\\/#breadcrumb\",\"itemListElement\":[{\"@type\":\"ListItem\",\"position\":1,\"name\":\"Accueil\",\"item\":\"https:\\\/\\\/www.sfsic.org\\\/en\\\/\"},{\"@type\":\"ListItem\",\"position\":2,\"name\":\"SFSIC publications\"}]},{\"@type\":\"WebSite\",\"@id\":\"https:\\\/\\\/www.sfsic.org\\\/en\\\/#website\",\"url\":\"https:\\\/\\\/www.sfsic.org\\\/en\\\/\",\"name\":\"SFSIC\",\"description\":\"Soci\u00e9t\u00e9 Fran\u00e7aise des Sciences de l&#039;Information &amp; de la Communication\",\"publisher\":{\"@id\":\"https:\\\/\\\/www.sfsic.org\\\/en\\\/#organization\"},\"potentialAction\":[{\"@type\":\"SearchAction\",\"target\":{\"@type\":\"EntryPoint\",\"urlTemplate\":\"https:\\\/\\\/www.sfsic.org\\\/en\\\/?s={search_term_string}\"},\"query-input\":{\"@type\":\"PropertyValueSpecification\",\"valueRequired\":true,\"valueName\":\"search_term_string\"}}],\"inLanguage\":\"en-US\"},{\"@type\":\"Organization\",\"@id\":\"https:\\\/\\\/www.sfsic.org\\\/en\\\/#organization\",\"name\":\"SFSIC\",\"url\":\"https:\\\/\\\/www.sfsic.org\\\/en\\\/\",\"logo\":{\"@type\":\"ImageObject\",\"inLanguage\":\"en-US\",\"@id\":\"https:\\\/\\\/www.sfsic.org\\\/en\\\/#\\\/schema\\\/logo\\\/image\\\/\",\"url\":\"https:\\\/\\\/www.sfsic.org\\\/wp-inside\\\/uploads\\\/2020\\\/05\\\/logo-sfsic.jpg\",\"contentUrl\":\"https:\\\/\\\/www.sfsic.org\\\/wp-inside\\\/uploads\\\/2020\\\/05\\\/logo-sfsic.jpg\",\"width\":1085,\"height\":1080,\"caption\":\"SFSIC\"},\"image\":{\"@id\":\"https:\\\/\\\/www.sfsic.org\\\/en\\\/#\\\/schema\\\/logo\\\/image\\\/\"}}]}<\/script>\n<!-- \/ Yoast SEO plugin. -->","yoast_head_json":{"title":"SFSIC Publications","description":"The SFSIC is involved in the animation of the scientific community of Information and Communication Sciences and, in a larger sense, in matters relating to information and communication at the national and international levels. In this regard, our association relies on two periodical publications: La Revue Fran\u00e7aise des Sciences de l\u2019Information et de la Communication (RFSIC for short) and the Cahiers de la SFSIC","robots":{"index":"index","follow":"follow","max-snippet":"max-snippet:-1","max-image-preview":"max-image-preview:large","max-video-preview":"max-video-preview:-1"},"canonical":"https:\/\/www.sfsic.org\/en\/sfsic-publications\/","og_locale":"en_US","og_type":"article","og_title":"SFSIC Publications","og_description":"The SFSIC is involved in the animation of the scientific community of Information and Communication Sciences and, in a larger sense, in matters relating to information and communication at the national and international levels. In this regard, our association relies on two periodical publications: La Revue Fran\u00e7aise des Sciences de l\u2019Information et de la Communication (RFSIC for short) and the Cahiers de la SFSIC","og_url":"https:\/\/www.sfsic.org\/en\/sfsic-publications\/","og_site_name":"SFSIC","article_modified_time":"2021-05-04T08:50:11+00:00","twitter_card":"summary_large_image","schema":{"@context":"https:\/\/schema.org","@graph":[{"@type":"WebPage","@id":"https:\/\/www.sfsic.org\/en\/sfsic-publications\/","url":"https:\/\/www.sfsic.org\/en\/sfsic-publications\/","name":"SFSIC Publications","isPartOf":{"@id":"https:\/\/www.sfsic.org\/en\/#website"},"datePublished":"2020-02-06T16:20:32+00:00","dateModified":"2021-05-04T08:50:11+00:00","description":"The SFSIC is involved in the animation of the scientific community of Information and Communication Sciences and, in a larger sense, in matters relating to information and communication at the national and international levels. In this regard, our association relies on two periodical publications: La Revue Fran\u00e7aise des Sciences de l\u2019Information et de la Communication (RFSIC for short) and the Cahiers de la SFSIC","breadcrumb":{"@id":"https:\/\/www.sfsic.org\/en\/sfsic-publications\/#breadcrumb"},"inLanguage":"en-US","potentialAction":[{"@type":"ReadAction","target":["https:\/\/www.sfsic.org\/en\/sfsic-publications\/"]}]},{"@type":"BreadcrumbList","@id":"https:\/\/www.sfsic.org\/en\/sfsic-publications\/#breadcrumb","itemListElement":[{"@type":"ListItem","position":1,"name":"Accueil","item":"https:\/\/www.sfsic.org\/en\/"},{"@type":"ListItem","position":2,"name":"SFSIC publications"}]},{"@type":"WebSite","@id":"https:\/\/www.sfsic.org\/en\/#website","url":"https:\/\/www.sfsic.org\/en\/","name":"SFSIC","description":"Soci\u00e9t\u00e9 Fran\u00e7aise des Sciences de l&#039;Information &amp; de la Communication","publisher":{"@id":"https:\/\/www.sfsic.org\/en\/#organization"},"potentialAction":[{"@type":"SearchAction","target":{"@type":"EntryPoint","urlTemplate":"https:\/\/www.sfsic.org\/en\/?s={search_term_string}"},"query-input":{"@type":"PropertyValueSpecification","valueRequired":true,"valueName":"search_term_string"}}],"inLanguage":"en-US"},{"@type":"Organization","@id":"https:\/\/www.sfsic.org\/en\/#organization","name":"SFSIC","url":"https:\/\/www.sfsic.org\/en\/","logo":{"@type":"ImageObject","inLanguage":"en-US","@id":"https:\/\/www.sfsic.org\/en\/#\/schema\/logo\/image\/","url":"https:\/\/www.sfsic.org\/wp-inside\/uploads\/2020\/05\/logo-sfsic.jpg","contentUrl":"https:\/\/www.sfsic.org\/wp-inside\/uploads\/2020\/05\/logo-sfsic.jpg","width":1085,"height":1080,"caption":"SFSIC"},"image":{"@id":"https:\/\/www.sfsic.org\/en\/#\/schema\/logo\/image\/"}}]}},"_links":{"self":[{"href":"https:\/\/www.sfsic.org\/en\/wp-json\/wp\/v2\/pages\/17205","targetHints":{"allow":["GET"]}}],"collection":[{"href":"https:\/\/www.sfsic.org\/en\/wp-json\/wp\/v2\/pages"}],"about":[{"href":"https:\/\/www.sfsic.org\/en\/wp-json\/wp\/v2\/types\/page"}],"author":[{"embeddable":true,"href":"https:\/\/www.sfsic.org\/en\/wp-json\/wp\/v2\/users\/959"}],"replies":[{"embeddable":true,"href":"https:\/\/www.sfsic.org\/en\/wp-json\/wp\/v2\/comments?post=17205"}],"version-history":[{"count":2,"href":"https:\/\/www.sfsic.org\/en\/wp-json\/wp\/v2\/pages\/17205\/revisions"}],"predecessor-version":[{"id":17207,"href":"https:\/\/www.sfsic.org\/en\/wp-json\/wp\/v2\/pages\/17205\/revisions\/17207"}],"wp:attachment":[{"href":"https:\/\/www.sfsic.org\/en\/wp-json\/wp\/v2\/media?parent=17205"}],"curies":[{"name":"wp","href":"https:\/\/api.w.org\/{rel}","templated":true}]}}