{"id":17202,"date":"2020-02-06T17:28:45","date_gmt":"2020-02-06T16:28:45","guid":{"rendered":"https:\/\/www.sfsic.org\/la-sfsic\/commission-relations-professionnelles\/"},"modified":"2021-05-04T13:23:37","modified_gmt":"2021-05-04T11:23:37","slug":"professional-relations-commission","status":"publish","type":"page","link":"https:\/\/www.sfsic.org\/en\/the-sfsic\/professional-relations-commission\/","title":{"rendered":"Professional Relations Commission"},"content":{"rendered":"<p><strong>Vice-President (2018-2020 period)<\/strong><br \/>\nBruno Chaudet, MCF, Rennes 2 University, PREFICS<br \/>\nContact : <a href=\"mailto:vp-rp@sfsic.org\">vp-rp@sfsic.org<\/a><\/p>\n<p><!-- flzn:textblock --><\/p>\n<div class=\"zone zn-textblock\" id=\"flzn-textblock-1\">\n<div class=\"zone-block zn-textblock-block pdd-top-off pdd-bottom-big alignwide va-top\">\n<div class=\"row mw-content-zone\">\n<div class=\"columns large-12\">\n<div class=\"row large-up-1 with-nice-alignment nbloc-1\">\n<div class=\"column zn-textblock-col\">\n<div class=\"column-inner\" data-aos=\"fade-up\" data-aos-once=\"false\" data-aos-anchor=\"#flzn-textblock-1\" data-aos-anchor-placement=\"top-bottom\">\n<div class=\"wig-content mw-content\">\n<p>SFSIC\u2019s Professional Relations Commission develops and animates exchange platforms between university research in ICS and professional practices in communication. It therefore maintains relationships with national professional associations of the sector (COM-ENT, SYNAP, SCRP, Cap&rsquo;Com, AFCI, Public Communication&#8230;) in order to organize joint projects.<\/p>\n<\/p><\/div>\n<\/p><\/div>\n<\/p><\/div>\n<\/p><\/div>\n<\/p><\/div>\n<\/p><\/div>\n<\/p><\/div>\n<\/div>\n<p><!-- \/flzn:textblock --><br \/>\n<!-- flzn:textblock --><\/p>\n<div class=\"zone zn-textblock\" id=\"flzn-textblock-2\">\n<div class=\"zone-block zn-textblock-block alignwide va-top\">\n<div class=\"row mw-content-zone\">\n<div class=\"columns large-12\">\n<div class=\"row large-up-1 with-nice-alignment nbloc-1\">\n<div class=\"column zn-textblock-col\">\n<div class=\"column-inner\">\n<div class=\"wig-content mw-content\">\n<h3 style=\"text-align: left;\">Pour la p\u00e9riode 2018-2020, la commission Relations professionnelles s\u2019est donn\u00e9 la mission de d\u00e9velopper et promouvoir le dispositif des Conventions Industrielles de Formation par la Recherche (CIFRE)<\/h3>\n<p>Les CIFRE sont en effet un point de contact tr\u00e8s int\u00e9ressant entre recherche et mondes professionnels extra-universitaires :<\/p>\n<ul>\n<li>elles permettent d\u2019engager la discussion sur ce qui r\u00e9unit les probl\u00e9matiques scientifiques et professionnelles,<\/li>\n<li>elles sont un dispositif concret d\u2019aide \u00e0 l\u2019insertion professionnelle des doctorants,<\/li>\n<li>elles sont un dispositif concret d\u2019aide \u00e0 l\u2019embauche de doctorants dans les organisations.<\/li>\n<\/ul>\n<h3 style=\"text-align: left;\">Le travail de l&rsquo;\u00e9quipe actuelle s\u2019inscrit dans la continuit\u00e9 des r\u00e9alisations men\u00e9es \u00e0 bien lors des pr\u00e9c\u00e9dents mandats<\/h3>\n<ul>\n<li>Rendez-vous scientifique <a href=\"https:\/\/www.com-ent.fr\/rdv-scientifique-3-communautes-influenceur-euse-s-publics-cibles-de-quoi-parle-t-on-vraiment\/\">\u201cCommunaut\u00e9s, influenceur.euse.s, publics, cibles, de quoi parle-t-on vraiment ?\u00a0\u00bb<\/a> en collaboration avec Com-Ent (2018)<\/li>\n<li>Rendez-vous scientifique <a href=\"https:\/\/www.com-ent.fr\/category\/actuponcture\/compte-rendu\/rdv-scientifique\/\">\u201cCe que nous cachent les datas\u201d<\/a> en collaboration avec Com-Ent (2017)<\/li>\n<li>Rendez-vous scientifique <a href=\"https:\/\/www.com-ent.fr\/rdv-scientifique-2-peut-on-apprendre-a-etre-creatif-2\/\">\u201cPeut-on apprendre \u00e0 \u00eatre cr\u00e9atif ?\u201d<\/a> en collaboration avec Com-Ent (2017)<\/li>\n<li>Acad\u00e9mie scientifique <a href=\"https:\/\/www.com-ent.fr\/communication-temporalites-2\/\">\u201cCommunication et Temporalit\u00e9s\u201d<\/a> en collaboration avec Com-Ent (2016)<\/li>\n<\/ul>\n<ul>\n<li>Acad\u00e9mie scientifique<b><a href=\"https:\/\/youtu.be\/4BziAau6k1E\">\u201cCommunication et soci\u00e9t\u00e9s\u201d<\/a><\/b>en collaboration avec Com-Ent (2015)<\/li>\n<\/ul>\n<ul>\n<li>Table-ronde \u201cL\u2019insertion professionnelle des docteurs en SIC\u201d, Doctorales SFSIC 2015<\/li>\n<\/ul><\/div>\n<\/p><\/div>\n<\/p><\/div>\n<\/p><\/div>\n<\/p><\/div>\n<\/p><\/div>\n<\/p><\/div>\n<\/div>\n<p><!-- \/flzn:textblock --><\/p>\n","protected":false},"excerpt":{"rendered":"<p>Vice-President (2018-2020 period) Bruno Chaudet, MCF, Rennes 2 University, PREFICS Contact : vp-rp@sfsic.org SFSIC\u2019s Professional Relations Commission develops and animates exchange platforms between university research in ICS and professional practices [&hellip;]<\/p>\n","protected":false},"author":959,"featured_media":0,"parent":16557,"menu_order":30,"comment_status":"closed","ping_status":"closed","template":"","meta":{"_acf_changed":false,"footnotes":""},"class_list":["post-17202","page","type-page","status-publish","hentry","wp-sticky"],"acf":[],"yoast_head":"<!-- This site is optimized with the Yoast SEO plugin v27.3 - https:\/\/yoast.com\/product\/yoast-seo-wordpress\/ -->\n<title>Relation professionnelles SFSIC : recherche universitaire SIC<\/title>\n<meta name=\"description\" content=\"La commission Relations professionnelles de la SFSIC d\u00e9veloppe et anime des plateformes d\u2019\u00e9change entre recherche universitaire en SIC et pratiques professionnelles en communication afin d&#039;entretenir des relations avec les associations professionnelles nationales du secteur pour organiser des projets conjoints.\" \/>\n<meta name=\"robots\" content=\"index, follow, max-snippet:-1, max-image-preview:large, max-video-preview:-1\" \/>\n<link rel=\"canonical\" href=\"https:\/\/www.sfsic.org\/en\/the-sfsic\/professional-relations-commission\/\" \/>\n<meta property=\"og:locale\" content=\"en_US\" \/>\n<meta property=\"og:type\" content=\"article\" \/>\n<meta property=\"og:title\" content=\"Relation professionnelles SFSIC : recherche universitaire SIC\" \/>\n<meta property=\"og:description\" content=\"La commission Relations professionnelles de la SFSIC d\u00e9veloppe et anime des plateformes d\u2019\u00e9change entre recherche universitaire en SIC et pratiques professionnelles en communication afin d&#039;entretenir des relations avec les associations professionnelles nationales du secteur pour organiser des projets conjoints.\" \/>\n<meta property=\"og:url\" content=\"https:\/\/www.sfsic.org\/en\/the-sfsic\/professional-relations-commission\/\" \/>\n<meta property=\"og:site_name\" content=\"SFSIC\" \/>\n<meta property=\"article:modified_time\" content=\"2021-05-04T11:23:37+00:00\" \/>\n<meta name=\"twitter:card\" content=\"summary_large_image\" \/>\n<script type=\"application\/ld+json\" class=\"yoast-schema-graph\">{\"@context\":\"https:\\\/\\\/schema.org\",\"@graph\":[{\"@type\":\"WebPage\",\"@id\":\"https:\\\/\\\/www.sfsic.org\\\/en\\\/the-sfsic\\\/professional-relations-commission\\\/\",\"url\":\"https:\\\/\\\/www.sfsic.org\\\/en\\\/the-sfsic\\\/professional-relations-commission\\\/\",\"name\":\"Relation professionnelles SFSIC : recherche universitaire SIC\",\"isPartOf\":{\"@id\":\"https:\\\/\\\/www.sfsic.org\\\/en\\\/#website\"},\"datePublished\":\"2020-02-06T16:28:45+00:00\",\"dateModified\":\"2021-05-04T11:23:37+00:00\",\"description\":\"La commission Relations professionnelles de la SFSIC d\u00e9veloppe et anime des plateformes d\u2019\u00e9change entre recherche universitaire en SIC et pratiques professionnelles en communication afin d'entretenir des relations avec les associations professionnelles nationales du secteur pour organiser des projets conjoints.\",\"breadcrumb\":{\"@id\":\"https:\\\/\\\/www.sfsic.org\\\/en\\\/the-sfsic\\\/professional-relations-commission\\\/#breadcrumb\"},\"inLanguage\":\"en-US\",\"potentialAction\":[{\"@type\":\"ReadAction\",\"target\":[\"https:\\\/\\\/www.sfsic.org\\\/en\\\/the-sfsic\\\/professional-relations-commission\\\/\"]}]},{\"@type\":\"BreadcrumbList\",\"@id\":\"https:\\\/\\\/www.sfsic.org\\\/en\\\/the-sfsic\\\/professional-relations-commission\\\/#breadcrumb\",\"itemListElement\":[{\"@type\":\"ListItem\",\"position\":1,\"name\":\"Accueil\",\"item\":\"https:\\\/\\\/www.sfsic.org\\\/en\\\/\"},{\"@type\":\"ListItem\",\"position\":2,\"name\":\"The SFSIC\",\"item\":\"https:\\\/\\\/www.sfsic.org\\\/en\\\/the-sfsic\\\/\"},{\"@type\":\"ListItem\",\"position\":3,\"name\":\"Professional Relations Commission\"}]},{\"@type\":\"WebSite\",\"@id\":\"https:\\\/\\\/www.sfsic.org\\\/en\\\/#website\",\"url\":\"https:\\\/\\\/www.sfsic.org\\\/en\\\/\",\"name\":\"SFSIC\",\"description\":\"Soci\u00e9t\u00e9 Fran\u00e7aise des Sciences de l&#039;Information &amp; de la Communication\",\"publisher\":{\"@id\":\"https:\\\/\\\/www.sfsic.org\\\/en\\\/#organization\"},\"potentialAction\":[{\"@type\":\"SearchAction\",\"target\":{\"@type\":\"EntryPoint\",\"urlTemplate\":\"https:\\\/\\\/www.sfsic.org\\\/en\\\/?s={search_term_string}\"},\"query-input\":{\"@type\":\"PropertyValueSpecification\",\"valueRequired\":true,\"valueName\":\"search_term_string\"}}],\"inLanguage\":\"en-US\"},{\"@type\":\"Organization\",\"@id\":\"https:\\\/\\\/www.sfsic.org\\\/en\\\/#organization\",\"name\":\"SFSIC\",\"url\":\"https:\\\/\\\/www.sfsic.org\\\/en\\\/\",\"logo\":{\"@type\":\"ImageObject\",\"inLanguage\":\"en-US\",\"@id\":\"https:\\\/\\\/www.sfsic.org\\\/en\\\/#\\\/schema\\\/logo\\\/image\\\/\",\"url\":\"https:\\\/\\\/www.sfsic.org\\\/wp-inside\\\/uploads\\\/2020\\\/05\\\/logo-sfsic.jpg\",\"contentUrl\":\"https:\\\/\\\/www.sfsic.org\\\/wp-inside\\\/uploads\\\/2020\\\/05\\\/logo-sfsic.jpg\",\"width\":1085,\"height\":1080,\"caption\":\"SFSIC\"},\"image\":{\"@id\":\"https:\\\/\\\/www.sfsic.org\\\/en\\\/#\\\/schema\\\/logo\\\/image\\\/\"}}]}<\/script>\n<!-- \/ Yoast SEO plugin. -->","yoast_head_json":{"title":"Relation professionnelles SFSIC : recherche universitaire SIC","description":"La commission Relations professionnelles de la SFSIC d\u00e9veloppe et anime des plateformes d\u2019\u00e9change entre recherche universitaire en SIC et pratiques professionnelles en communication afin d'entretenir des relations avec les associations professionnelles nationales du secteur pour organiser des projets conjoints.","robots":{"index":"index","follow":"follow","max-snippet":"max-snippet:-1","max-image-preview":"max-image-preview:large","max-video-preview":"max-video-preview:-1"},"canonical":"https:\/\/www.sfsic.org\/en\/the-sfsic\/professional-relations-commission\/","og_locale":"en_US","og_type":"article","og_title":"Relation professionnelles SFSIC : recherche universitaire SIC","og_description":"La commission Relations professionnelles de la SFSIC d\u00e9veloppe et anime des plateformes d\u2019\u00e9change entre recherche universitaire en SIC et pratiques professionnelles en communication afin d'entretenir des relations avec les associations professionnelles nationales du secteur pour organiser des projets conjoints.","og_url":"https:\/\/www.sfsic.org\/en\/the-sfsic\/professional-relations-commission\/","og_site_name":"SFSIC","article_modified_time":"2021-05-04T11:23:37+00:00","twitter_card":"summary_large_image","schema":{"@context":"https:\/\/schema.org","@graph":[{"@type":"WebPage","@id":"https:\/\/www.sfsic.org\/en\/the-sfsic\/professional-relations-commission\/","url":"https:\/\/www.sfsic.org\/en\/the-sfsic\/professional-relations-commission\/","name":"Relation professionnelles SFSIC : recherche universitaire SIC","isPartOf":{"@id":"https:\/\/www.sfsic.org\/en\/#website"},"datePublished":"2020-02-06T16:28:45+00:00","dateModified":"2021-05-04T11:23:37+00:00","description":"La commission Relations professionnelles de la SFSIC d\u00e9veloppe et anime des plateformes d\u2019\u00e9change entre recherche universitaire en SIC et pratiques professionnelles en communication afin d'entretenir des relations avec les associations professionnelles nationales du secteur pour organiser des projets conjoints.","breadcrumb":{"@id":"https:\/\/www.sfsic.org\/en\/the-sfsic\/professional-relations-commission\/#breadcrumb"},"inLanguage":"en-US","potentialAction":[{"@type":"ReadAction","target":["https:\/\/www.sfsic.org\/en\/the-sfsic\/professional-relations-commission\/"]}]},{"@type":"BreadcrumbList","@id":"https:\/\/www.sfsic.org\/en\/the-sfsic\/professional-relations-commission\/#breadcrumb","itemListElement":[{"@type":"ListItem","position":1,"name":"Accueil","item":"https:\/\/www.sfsic.org\/en\/"},{"@type":"ListItem","position":2,"name":"The SFSIC","item":"https:\/\/www.sfsic.org\/en\/the-sfsic\/"},{"@type":"ListItem","position":3,"name":"Professional Relations Commission"}]},{"@type":"WebSite","@id":"https:\/\/www.sfsic.org\/en\/#website","url":"https:\/\/www.sfsic.org\/en\/","name":"SFSIC","description":"Soci\u00e9t\u00e9 Fran\u00e7aise des Sciences de l&#039;Information &amp; de la Communication","publisher":{"@id":"https:\/\/www.sfsic.org\/en\/#organization"},"potentialAction":[{"@type":"SearchAction","target":{"@type":"EntryPoint","urlTemplate":"https:\/\/www.sfsic.org\/en\/?s={search_term_string}"},"query-input":{"@type":"PropertyValueSpecification","valueRequired":true,"valueName":"search_term_string"}}],"inLanguage":"en-US"},{"@type":"Organization","@id":"https:\/\/www.sfsic.org\/en\/#organization","name":"SFSIC","url":"https:\/\/www.sfsic.org\/en\/","logo":{"@type":"ImageObject","inLanguage":"en-US","@id":"https:\/\/www.sfsic.org\/en\/#\/schema\/logo\/image\/","url":"https:\/\/www.sfsic.org\/wp-inside\/uploads\/2020\/05\/logo-sfsic.jpg","contentUrl":"https:\/\/www.sfsic.org\/wp-inside\/uploads\/2020\/05\/logo-sfsic.jpg","width":1085,"height":1080,"caption":"SFSIC"},"image":{"@id":"https:\/\/www.sfsic.org\/en\/#\/schema\/logo\/image\/"}}]}},"_links":{"self":[{"href":"https:\/\/www.sfsic.org\/en\/wp-json\/wp\/v2\/pages\/17202","targetHints":{"allow":["GET"]}}],"collection":[{"href":"https:\/\/www.sfsic.org\/en\/wp-json\/wp\/v2\/pages"}],"about":[{"href":"https:\/\/www.sfsic.org\/en\/wp-json\/wp\/v2\/types\/page"}],"author":[{"embeddable":true,"href":"https:\/\/www.sfsic.org\/en\/wp-json\/wp\/v2\/users\/959"}],"replies":[{"embeddable":true,"href":"https:\/\/www.sfsic.org\/en\/wp-json\/wp\/v2\/comments?post=17202"}],"version-history":[{"count":3,"href":"https:\/\/www.sfsic.org\/en\/wp-json\/wp\/v2\/pages\/17202\/revisions"}],"predecessor-version":[{"id":17350,"href":"https:\/\/www.sfsic.org\/en\/wp-json\/wp\/v2\/pages\/17202\/revisions\/17350"}],"up":[{"embeddable":true,"href":"https:\/\/www.sfsic.org\/en\/wp-json\/wp\/v2\/pages\/16557"}],"wp:attachment":[{"href":"https:\/\/www.sfsic.org\/en\/wp-json\/wp\/v2\/media?parent=17202"}],"curies":[{"name":"wp","href":"https:\/\/api.w.org\/{rel}","templated":true}]}}