{"id":17199,"date":"2020-02-06T17:27:52","date_gmt":"2020-02-06T16:27:52","guid":{"rendered":"https:\/\/www.sfsic.org\/la-sfsic\/commission-formation\/"},"modified":"2021-05-04T13:19:21","modified_gmt":"2021-05-04T11:19:21","slug":"education-commission","status":"publish","type":"page","link":"https:\/\/www.sfsic.org\/en\/the-sfsic\/education-commission\/","title":{"rendered":"Education Commission"},"content":{"rendered":"<p><strong>Vice Presidents (2018-2020 period)<\/strong><\/p>\n<p>Laurence Corroy, Professor, Universit\u00e9 de Lorraine, CREM<br \/>\nElise Maas, Professor, Institut des Hautes Etudes des Communications Sociales (IHECS), PREFics, Rennes<br \/>\nContact : <a href=\"mailto:vp-formation@sfsic.org\">vp-formation@sfsic.org<\/a><\/p>\n<p><!-- flzn:textblock --><\/p>\n<div class=\"zone zn-textblock with-2-blocs\" id=\"flzn-textblock-1\">\n<div class=\"zone-block zn-textblock-block pdd-top pdd-bottom-off alignwide va-top\">\n<div class=\"row mw-content-zone\">\n<div class=\"columns large-12\">\n<div class=\"row with-nice-alignment nbloc-2 va-top\">\n<div class=\"columns large-6 zn-textblock-col\">\n<div class=\"columns-inner\" data-aos=\"fade-up\" data-aos-once=\"false\" data-aos-anchor=\"#flzn-textblock-1\" data-aos-anchor-placement=\"top-bottom\" data-aos-delay=\"150\">\n<div class=\"wig-content mw-content\">\n<p>The Education Commission initiates and conducts research and promotion projects in Information and Communication Sciences university programs from undergraduate degrees to doctorates.<\/p>\n<p>This commission works in collaboration with the various stakeholders in higher education and research, department heads, directors of laboratories and doctoral schools and the SFSIC&rsquo;s Research and Professional Relations commissions.<\/p>\n<\/p><\/div>\n<\/p><\/div>\n<\/p><\/div>\n<div class=\"columns large-6 zn-textblock-col\">\n<div class=\"columns-inner\" data-aos=\"fade-up\" data-aos-once=\"false\" data-aos-anchor=\"#flzn-textblock-1\" data-aos-anchor-placement=\"top-bottom\" data-aos-delay=\"300\">\n<div class=\"wig-content mw-content\">\n<p>It pays particular attention to changes in the national frameworks of our activities (reforms driven by the Ministry of Higher Education, Research, and Innovation), which have an impact on ICS courses.<\/p>\n<\/p><\/div>\n<\/p><\/div>\n<\/p><\/div>\n<\/p><\/div>\n<\/p><\/div>\n<\/p><\/div>\n<\/p><\/div>\n<\/div>\n<p><!-- \/flzn:textblock --><br \/>\n<!-- flzn:textblock --><\/p>\n<div class=\"zone zn-textblock\" id=\"flzn-textblock-2\">\n<div class=\"zone-block zn-textblock-block alignwide va-top\">\n<div class=\"row mw-content-zone\">\n<div class=\"columns large-12\">\n<div class=\"row large-up-1 with-nice-alignment nbloc-1\">\n<div class=\"column zn-textblock-col\">\n<div class=\"column-inner\">\n<div class=\"wig-content mw-content\">\n<h3 style=\"text-align: center;\">Pour le mandat 2018-2020, la commission Formation porte ses efforts sur deux missions principales.<\/h3>\n<\/p><\/div>\n<\/p><\/div>\n<\/p><\/div>\n<\/p><\/div>\n<\/p><\/div>\n<\/p><\/div>\n<\/p><\/div>\n<\/div>\n<p><!-- \/flzn:textblock --><br \/>\n<!-- flzn:textblock --><\/p>\n<div class=\"zone zn-textblock with-2-blocs\" id=\"flzn-textblock-3\">\n<div class=\"zone-block zn-textblock-block alignwide va-top\">\n<div class=\"row mw-content-zone\">\n<div class=\"columns large-12\">\n<div class=\"row with-nice-alignment nbloc-2 va-top\">\n<div class=\"columns large-6 zn-textblock-col\">\n<div class=\"columns-inner\">\n<div class=\"wig-content mw-content\">\n<h4 style=\"text-align: left;\">Accompagner la professionnalisation des doctorants et faciliter leur insertion professionnelle<\/h4>\n<p>L\u2019insertion professionnelle des doctorants est envisag\u00e9e tant dans le milieu acad\u00e9mique qu\u2019au sein d\u2019entreprises publiques et priv\u00e9es.<\/p>\n<ul>\n<li>Accompagnement des doctorants pendant les journ\u00e9es doctorales 2019 : mise en valeur du CV, identification des connaissances et des comp\u00e9tences des doctorants et jeunes docteurs et valorisation dans le cadre d\u2019un poste dans une entreprise publique ou priv\u00e9e.<\/li>\n<\/ul><\/div>\n<\/p><\/div>\n<\/p><\/div>\n<div class=\"columns large-6 zn-textblock-col\">\n<div class=\"columns-inner\">\n<div class=\"wig-content mw-content\">\n<ul>\n<li><span style=\"font-size: inherit;\">Conception d\u2019un portefeuille de comp\u00e9tences des doctorants et jeunes docteurs \u00e0 destination des entreprises, des associations professionnelles, des minist\u00e8res. Disponible sur le site de la SFSIC (\u00e0 partir de juin 2020).<\/span><\/li>\n<li><span style=\"font-size: inherit;\">Organisation d\u2019une journ\u00e9e d\u2019\u00e9tudes le 21 novembre 2019 concernant la valorisation de la recherche et l\u2019insertion des jeunes docteurs et plus particuli\u00e8rement les Cifre, en partenariat avec la CpDirSic, la commission Recherche et la commission Relations professionnelles de la SFSIC. Un dossier dans les Cahiers de la SFSIC n\u00b0 17 (sortie en juin 2020) reprendra les \u00e9l\u00e9ments principaux \u00e9voqu\u00e9s lors de cette journ\u00e9e.<\/span><\/li>\n<\/ul><\/div>\n<\/p><\/div>\n<\/p><\/div>\n<\/p><\/div>\n<\/p><\/div>\n<\/p><\/div>\n<\/p><\/div>\n<\/div>\n<p><!-- \/flzn:textblock --><br \/>\n<!-- flzn:textblock --><\/p>\n<div class=\"zone zn-textblock with-2-blocs\" id=\"flzn-textblock-4\">\n<div class=\"zone-block zn-textblock-block alignwide va-top\">\n<div class=\"row mw-content-zone\">\n<div class=\"columns large-12\">\n<div class=\"row with-nice-alignment nbloc-2 va-top\">\n<div class=\"columns large-6 zn-textblock-col\">\n<div class=\"columns-inner\">\n<div class=\"wig-content mw-content\">\n<h4 style=\"text-align: left;\">Poursuivre le soutien des coop\u00e9rations \u00e0 l\u2019international<\/h4>\n<ul>\n<li>Implication dans le r\u00e9seau RESIPROC (R\u00e9seau International sur la professionnalisation des Communicateurs), consid\u00e9rant la formation comme un objet de recherche,<\/li>\n<\/ul><\/div>\n<\/p><\/div>\n<\/p><\/div>\n<div class=\"columns large-6 zn-textblock-col\">\n<div class=\"columns-inner\">\n<div class=\"wig-content mw-content\">\n<ul>\n<li>Collaboration avec l\u2019universit\u00e9 d\u2019Hanoi (Vietnam),<\/li>\n<li>Formalisation de liens pr\u00e9existants avec les universit\u00e9s francophones d\u2019Afrique de l\u2019Ouest (UCAO).<\/li>\n<\/ul><\/div>\n<\/p><\/div>\n<\/p><\/div>\n<\/p><\/div>\n<\/p><\/div>\n<\/p><\/div>\n<\/p><\/div>\n<\/div>\n<p><!-- \/flzn:textblock --><br \/>\n<!-- flzn:textblock --><\/p>\n<div class=\"zone zn-textblock\" id=\"flzn-textblock-5\">\n<div class=\"zone-block zn-textblock-block alignwide va-top\">\n<div class=\"row mw-content-zone\">\n<div class=\"columns large-12\">\n<div class=\"row large-up-1 with-nice-alignment nbloc-1\">\n<div class=\"column zn-textblock-col\">\n<div class=\"column-inner\">\n<div class=\"wig-content mw-content\">\n<h3 style=\"text-align: center;\">Le travail de l&rsquo;\u00e9quipe actuelle s\u2019inscrit dans la continuit\u00e9 des r\u00e9alisations men\u00e9es \u00e0 bien lors des pr\u00e9c\u00e9dents mandats<\/h3>\n<ul>\n<li>La pr\u00e9c\u00e9dente mandature avait organis\u00e9 deux journ\u00e9es de r\u00e9flexion concernant la formation en SIC : la premi\u00e8re s\u2019est tenue le 17 novembre 2016 sur le th\u00e8me : Formations en Information-Communication : discipline, mentions, champs, comp\u00e9tences et m\u00e9tiers ; la seconde a eu lieu de le 23 novembre 2017 sur le th\u00e8me : Des data (big, thick\u2026) dans les formations en Information-Communication ? Chacune de ces journ\u00e9es a fait l\u2019objet d\u2019un dossier dans les Cahiers de la SFSIC.<\/li>\n<li>Un travail de recensement des formations en SIC au niveau Master en France s\u2019est mat\u00e9rialis\u00e9 sous la forme d\u2019une cartographie en ligne pour les ann\u00e9es universitaires <a href=\"https:\/\/www.google.com\/maps\/d\/viewer?mid=13szkBlvBAkFFnnSO8NZyPtZQfno&amp;ll=45.856893460559384%2C1.8263457062500779&amp;z=5\" target=\"_blank\" rel=\"noopener\">2016-2017<\/a> et <a href=\"https:\/\/www.google.com\/maps\/d\/viewer?mid=1Us1-XdUwte12xOveKzriFcZLhJ4&amp;ll=45.90030187476237%2C2.213749499999933&amp;z=6\" target=\"_blank\" rel=\"noopener\">2017-2018<\/a>.<\/li>\n<\/ul><\/div>\n<\/p><\/div>\n<\/p><\/div>\n<\/p><\/div>\n<\/p><\/div>\n<\/p><\/div>\n<\/p><\/div>\n<\/div>\n<p><!-- \/flzn:textblock --><\/p>\n","protected":false},"excerpt":{"rendered":"<p>Vice Presidents (2018-2020 period) Laurence Corroy, Professor, Universit\u00e9 de Lorraine, CREM Elise Maas, Professor, Institut des Hautes Etudes des Communications Sociales (IHECS), PREFics, Rennes Contact : vp-formation@sfsic.org The Education Commission [&hellip;]<\/p>\n","protected":false},"author":959,"featured_media":0,"parent":16557,"menu_order":15,"comment_status":"closed","ping_status":"closed","template":"","meta":{"_acf_changed":false,"footnotes":""},"class_list":["post-17199","page","type-page","status-publish","hentry","wp-sticky"],"acf":[],"yoast_head":"<!-- This site is optimized with the Yoast SEO plugin v27.3 - https:\/\/yoast.com\/product\/yoast-seo-wordpress\/ -->\n<title>Commission formation SFSIC, Projets formations SIC<\/title>\n<meta name=\"description\" content=\"La commission Formation de la SFSIC initie et conduit des projets de recherche et de valorisation des formations en Sciences de l&#039;Information et de la Communication de la licence ou doctorat.\" \/>\n<meta name=\"robots\" content=\"index, follow, max-snippet:-1, max-image-preview:large, max-video-preview:-1\" \/>\n<link rel=\"canonical\" href=\"https:\/\/www.sfsic.org\/en\/the-sfsic\/education-commission\/\" \/>\n<meta property=\"og:locale\" content=\"en_US\" \/>\n<meta property=\"og:type\" content=\"article\" \/>\n<meta property=\"og:title\" content=\"Commission formation SFSIC, Projets formations SIC\" \/>\n<meta property=\"og:description\" content=\"La commission Formation de la SFSIC initie et conduit des projets de recherche et de valorisation des formations en Sciences de l&#039;Information et de la Communication de la licence ou doctorat.\" \/>\n<meta property=\"og:url\" content=\"https:\/\/www.sfsic.org\/en\/the-sfsic\/education-commission\/\" \/>\n<meta property=\"og:site_name\" content=\"SFSIC\" \/>\n<meta property=\"article:modified_time\" content=\"2021-05-04T11:19:21+00:00\" \/>\n<meta name=\"twitter:card\" content=\"summary_large_image\" \/>\n<script type=\"application\/ld+json\" class=\"yoast-schema-graph\">{\"@context\":\"https:\\\/\\\/schema.org\",\"@graph\":[{\"@type\":\"WebPage\",\"@id\":\"https:\\\/\\\/www.sfsic.org\\\/en\\\/the-sfsic\\\/education-commission\\\/\",\"url\":\"https:\\\/\\\/www.sfsic.org\\\/en\\\/the-sfsic\\\/education-commission\\\/\",\"name\":\"Commission formation SFSIC, Projets formations SIC\",\"isPartOf\":{\"@id\":\"https:\\\/\\\/www.sfsic.org\\\/en\\\/#website\"},\"datePublished\":\"2020-02-06T16:27:52+00:00\",\"dateModified\":\"2021-05-04T11:19:21+00:00\",\"description\":\"La commission Formation de la SFSIC initie et conduit des projets de recherche et de valorisation des formations en Sciences de l'Information et de la Communication de la licence ou doctorat.\",\"breadcrumb\":{\"@id\":\"https:\\\/\\\/www.sfsic.org\\\/en\\\/the-sfsic\\\/education-commission\\\/#breadcrumb\"},\"inLanguage\":\"en-US\",\"potentialAction\":[{\"@type\":\"ReadAction\",\"target\":[\"https:\\\/\\\/www.sfsic.org\\\/en\\\/the-sfsic\\\/education-commission\\\/\"]}]},{\"@type\":\"BreadcrumbList\",\"@id\":\"https:\\\/\\\/www.sfsic.org\\\/en\\\/the-sfsic\\\/education-commission\\\/#breadcrumb\",\"itemListElement\":[{\"@type\":\"ListItem\",\"position\":1,\"name\":\"Accueil\",\"item\":\"https:\\\/\\\/www.sfsic.org\\\/en\\\/\"},{\"@type\":\"ListItem\",\"position\":2,\"name\":\"The SFSIC\",\"item\":\"https:\\\/\\\/www.sfsic.org\\\/en\\\/the-sfsic\\\/\"},{\"@type\":\"ListItem\",\"position\":3,\"name\":\"Education Commission\"}]},{\"@type\":\"WebSite\",\"@id\":\"https:\\\/\\\/www.sfsic.org\\\/en\\\/#website\",\"url\":\"https:\\\/\\\/www.sfsic.org\\\/en\\\/\",\"name\":\"SFSIC\",\"description\":\"Soci\u00e9t\u00e9 Fran\u00e7aise des Sciences de l&#039;Information &amp; de la Communication\",\"publisher\":{\"@id\":\"https:\\\/\\\/www.sfsic.org\\\/en\\\/#organization\"},\"potentialAction\":[{\"@type\":\"SearchAction\",\"target\":{\"@type\":\"EntryPoint\",\"urlTemplate\":\"https:\\\/\\\/www.sfsic.org\\\/en\\\/?s={search_term_string}\"},\"query-input\":{\"@type\":\"PropertyValueSpecification\",\"valueRequired\":true,\"valueName\":\"search_term_string\"}}],\"inLanguage\":\"en-US\"},{\"@type\":\"Organization\",\"@id\":\"https:\\\/\\\/www.sfsic.org\\\/en\\\/#organization\",\"name\":\"SFSIC\",\"url\":\"https:\\\/\\\/www.sfsic.org\\\/en\\\/\",\"logo\":{\"@type\":\"ImageObject\",\"inLanguage\":\"en-US\",\"@id\":\"https:\\\/\\\/www.sfsic.org\\\/en\\\/#\\\/schema\\\/logo\\\/image\\\/\",\"url\":\"https:\\\/\\\/www.sfsic.org\\\/wp-inside\\\/uploads\\\/2020\\\/05\\\/logo-sfsic.jpg\",\"contentUrl\":\"https:\\\/\\\/www.sfsic.org\\\/wp-inside\\\/uploads\\\/2020\\\/05\\\/logo-sfsic.jpg\",\"width\":1085,\"height\":1080,\"caption\":\"SFSIC\"},\"image\":{\"@id\":\"https:\\\/\\\/www.sfsic.org\\\/en\\\/#\\\/schema\\\/logo\\\/image\\\/\"}}]}<\/script>\n<!-- \/ Yoast SEO plugin. -->","yoast_head_json":{"title":"Commission formation SFSIC, Projets formations SIC","description":"La commission Formation de la SFSIC initie et conduit des projets de recherche et de valorisation des formations en Sciences de l'Information et de la Communication de la licence ou doctorat.","robots":{"index":"index","follow":"follow","max-snippet":"max-snippet:-1","max-image-preview":"max-image-preview:large","max-video-preview":"max-video-preview:-1"},"canonical":"https:\/\/www.sfsic.org\/en\/the-sfsic\/education-commission\/","og_locale":"en_US","og_type":"article","og_title":"Commission formation SFSIC, Projets formations SIC","og_description":"La commission Formation de la SFSIC initie et conduit des projets de recherche et de valorisation des formations en Sciences de l'Information et de la Communication de la licence ou doctorat.","og_url":"https:\/\/www.sfsic.org\/en\/the-sfsic\/education-commission\/","og_site_name":"SFSIC","article_modified_time":"2021-05-04T11:19:21+00:00","twitter_card":"summary_large_image","schema":{"@context":"https:\/\/schema.org","@graph":[{"@type":"WebPage","@id":"https:\/\/www.sfsic.org\/en\/the-sfsic\/education-commission\/","url":"https:\/\/www.sfsic.org\/en\/the-sfsic\/education-commission\/","name":"Commission formation SFSIC, Projets formations SIC","isPartOf":{"@id":"https:\/\/www.sfsic.org\/en\/#website"},"datePublished":"2020-02-06T16:27:52+00:00","dateModified":"2021-05-04T11:19:21+00:00","description":"La commission Formation de la SFSIC initie et conduit des projets de recherche et de valorisation des formations en Sciences de l'Information et de la Communication de la licence ou doctorat.","breadcrumb":{"@id":"https:\/\/www.sfsic.org\/en\/the-sfsic\/education-commission\/#breadcrumb"},"inLanguage":"en-US","potentialAction":[{"@type":"ReadAction","target":["https:\/\/www.sfsic.org\/en\/the-sfsic\/education-commission\/"]}]},{"@type":"BreadcrumbList","@id":"https:\/\/www.sfsic.org\/en\/the-sfsic\/education-commission\/#breadcrumb","itemListElement":[{"@type":"ListItem","position":1,"name":"Accueil","item":"https:\/\/www.sfsic.org\/en\/"},{"@type":"ListItem","position":2,"name":"The SFSIC","item":"https:\/\/www.sfsic.org\/en\/the-sfsic\/"},{"@type":"ListItem","position":3,"name":"Education Commission"}]},{"@type":"WebSite","@id":"https:\/\/www.sfsic.org\/en\/#website","url":"https:\/\/www.sfsic.org\/en\/","name":"SFSIC","description":"Soci\u00e9t\u00e9 Fran\u00e7aise des Sciences de l&#039;Information &amp; de la Communication","publisher":{"@id":"https:\/\/www.sfsic.org\/en\/#organization"},"potentialAction":[{"@type":"SearchAction","target":{"@type":"EntryPoint","urlTemplate":"https:\/\/www.sfsic.org\/en\/?s={search_term_string}"},"query-input":{"@type":"PropertyValueSpecification","valueRequired":true,"valueName":"search_term_string"}}],"inLanguage":"en-US"},{"@type":"Organization","@id":"https:\/\/www.sfsic.org\/en\/#organization","name":"SFSIC","url":"https:\/\/www.sfsic.org\/en\/","logo":{"@type":"ImageObject","inLanguage":"en-US","@id":"https:\/\/www.sfsic.org\/en\/#\/schema\/logo\/image\/","url":"https:\/\/www.sfsic.org\/wp-inside\/uploads\/2020\/05\/logo-sfsic.jpg","contentUrl":"https:\/\/www.sfsic.org\/wp-inside\/uploads\/2020\/05\/logo-sfsic.jpg","width":1085,"height":1080,"caption":"SFSIC"},"image":{"@id":"https:\/\/www.sfsic.org\/en\/#\/schema\/logo\/image\/"}}]}},"_links":{"self":[{"href":"https:\/\/www.sfsic.org\/en\/wp-json\/wp\/v2\/pages\/17199","targetHints":{"allow":["GET"]}}],"collection":[{"href":"https:\/\/www.sfsic.org\/en\/wp-json\/wp\/v2\/pages"}],"about":[{"href":"https:\/\/www.sfsic.org\/en\/wp-json\/wp\/v2\/types\/page"}],"author":[{"embeddable":true,"href":"https:\/\/www.sfsic.org\/en\/wp-json\/wp\/v2\/users\/959"}],"replies":[{"embeddable":true,"href":"https:\/\/www.sfsic.org\/en\/wp-json\/wp\/v2\/comments?post=17199"}],"version-history":[{"count":5,"href":"https:\/\/www.sfsic.org\/en\/wp-json\/wp\/v2\/pages\/17199\/revisions"}],"predecessor-version":[{"id":17346,"href":"https:\/\/www.sfsic.org\/en\/wp-json\/wp\/v2\/pages\/17199\/revisions\/17346"}],"up":[{"embeddable":true,"href":"https:\/\/www.sfsic.org\/en\/wp-json\/wp\/v2\/pages\/16557"}],"wp:attachment":[{"href":"https:\/\/www.sfsic.org\/en\/wp-json\/wp\/v2\/media?parent=17199"}],"curies":[{"name":"wp","href":"https:\/\/api.w.org\/{rel}","templated":true}]}}