{"id":17196,"date":"2020-02-06T17:28:18","date_gmt":"2020-02-06T16:28:18","guid":{"rendered":"https:\/\/www.sfsic.org\/la-sfsic\/commission-relations-internationales\/"},"modified":"2021-05-04T08:36:03","modified_gmt":"2021-05-04T06:36:03","slug":"international-relations-commission","status":"publish","type":"page","link":"https:\/\/www.sfsic.org\/en\/the-sfsic\/international-relations-commission\/","title":{"rendered":"International Relations Commission"},"content":{"rendered":"<p><b>Vice President (2018-2020 period)<\/b><\/p>\n<p>Carsten Wilhelm, MCF, Haute-Alsace University, CRESAT<\/p>\n<p>Contacts : <a href=\"mailto:vp-ri@sfsic.org\">vp-ri@sfsic.org<\/a><\/p>\n<p><!-- flzn:textblock --><\/p>\n<div class=\"zone zn-textblock with-2-blocs\" id=\"flzn-textblock-1\">\n<div class=\"zone-block zn-textblock-block alignwide va-top\">\n<div class=\"row mw-content-zone\">\n<div class=\"columns large-12\">\n<div class=\"row with-nice-alignment nbloc-2 va-top\">\n<div class=\"columns large-6 zn-textblock-col\">\n<div class=\"columns-inner\" data-aos=\"fade-up\" data-aos-once=\"false\" data-aos-anchor=\"#flzn-textblock-1\" data-aos-anchor-placement=\"top-bottom\" data-aos-delay=\"150\">\n<div class=\"wig-content mw-content\">\n<p>SFSIC\u2019s International relations Commission aims to promote our discipline and to develop the interventional skills of ICS researchers internationally.<\/p>\n<\/p><\/div>\n<\/p><\/div>\n<\/p><\/div>\n<div class=\"columns large-6 zn-textblock-col\">\n<div class=\"columns-inner\" data-aos=\"fade-up\" data-aos-once=\"false\" data-aos-anchor=\"#flzn-textblock-1\" data-aos-anchor-placement=\"top-bottom\" data-aos-delay=\"300\">\n<div class=\"wig-content mw-content\">\n<p>The commission remains vigilant regarding the evolution of the national and international context of our activities, which have an impact on ICS research as well as on the educational conditions of students in our field and possible collaborations in this sector.<\/p>\n<\/p><\/div>\n<\/p><\/div>\n<\/p><\/div>\n<\/p><\/div>\n<\/p><\/div>\n<\/p><\/div>\n<\/p><\/div>\n<\/div>\n<p><!-- \/flzn:textblock --><br \/>\n<!-- flzn:textblock --><\/p>\n<div class=\"zone zn-textblock\" id=\"flzn-textblock-2\">\n<div class=\"zone-block zn-textblock-block pdd-bottom-off va-top\">\n<div class=\"row mw-content-zone\">\n<div class=\"columns large-12\">\n<div class=\"row large-up-1 with-nice-alignment nbloc-1\">\n<div class=\"column zn-textblock-col\">\n<div class=\"column-inner\">\n<div class=\"wig-content mw-content\">\n<h3 style=\"text-align: center;\">For the 2018-2020 mandate, the International relations Commission focuses on four main missions.<\/h3>\n<\/p><\/div>\n<\/p><\/div>\n<\/p><\/div>\n<\/p><\/div>\n<\/p><\/div>\n<\/p><\/div>\n<\/p><\/div>\n<\/div>\n<p><!-- \/flzn:textblock --><br \/>\n<!-- flzn:textblock --><\/p>\n<div class=\"zone zn-textblock with-2-blocs\" id=\"flzn-textblock-3\">\n<div class=\"zone-block zn-textblock-block alignwide va-top\">\n<div class=\"row mw-content-zone\">\n<div class=\"columns large-12\">\n<div class=\"row with-nice-alignment nbloc-2 va-top\">\n<div class=\"columns large-6 zn-textblock-col\">\n<div class=\"columns-inner\" data-aos=\"fade-up\" data-aos-once=\"false\" data-aos-anchor=\"#flzn-textblock-3\" data-aos-anchor-placement=\"top-bottom\" data-aos-delay=\"150\">\n<div class=\"wig-content mw-content\">\n<ul>\n<li><strong>Maintaining and strengthening existing relations with our partners and with national scholarly associations in our neighboring countries <\/strong>(<a href=\"https:\/\/sgkm.ch\/fr\/\" target=\"_blank\" rel=\"noopener\">SSCM<\/a>, <a href=\"https:\/\/www.dgpuk.de\" target=\"_blank\" rel=\"noopener\">DGPuK<\/a>, <a href=\"http:\/\/www.ogk.at\" target=\"_blank\" rel=\"noopener\">\u00d6GK<\/a>, <a href=\"https:\/\/www.amsic.ma\" target=\"_blank\" rel=\"noopener\">AMSIC<\/a><strong>, West Africa\u2026).<\/strong><br \/>\nThe SFSIC has long developed bonds with colleagues and their universities internationally.\u00a0Regarding our relations with sister scholarly associations, these bonds have led to exchanges, particularly during the SFSIC congresses, but they have not been formalized.<br \/>\nIn the current mandate, the International Relations Commission is working to ensure that these links go beyond individual contacts and become more stable.<br \/>\nTo that end, a <a href=\"https:\/\/www.sfsic.org\/wp-inside\/uploads\/2020\/06\/mou_dgpuk_sacm_ogk_sfsic.pdf\">memorandum of understanding<\/a> has been established with sister societies to strengthen the extent of collaborations and make them more visible.<br \/>\nAlongside the Communication Commission, the SFSIC <a style=\"font-size: inherit; background-color: #ffffff;\" href=\"https:\/\/sgkm.ch\/fr\/\" target=\"_blank\" rel=\"noopener\">SSCM<\/a> and <a style=\"font-size: inherit; background-color: #ffffff;\" href=\"https:\/\/www.dgpuk.de\" target=\"_blank\" rel=\"noopener\">DGPUK<\/a> societies\u2019 digital presences and reciprocal information will be systematized. Information in multiple languages will be more present on our website and social media, other examples include commented guest publications and thematic issues.<\/li>\n<\/ul><\/div>\n<\/p><\/div>\n<\/p><\/div>\n<div class=\"columns large-6 zn-textblock-col\">\n<div class=\"columns-inner\" data-aos=\"fade-up\" data-aos-once=\"false\" data-aos-anchor=\"#flzn-textblock-3\" data-aos-anchor-placement=\"top-bottom\" data-aos-delay=\"300\">\n<div class=\"wig-content mw-content\">\n<ul>\n<li><strong>Maintaining and strengthening existing relations with international associations <\/strong>(<a href=\"https:\/\/iamcr.org\/\" target=\"_blank\" rel=\"noopener\">IAMCR\/AIECS\/AIERI<\/a>, <a href=\"https:\/\/www.icahdq.org\" target=\"_blank\" rel=\"noopener\">ICA<\/a>, <a href=\"http:\/\/euprera.org\/\" target=\"_blank\" rel=\"noopener\">EUPRERA<\/a>, <a href=\"https:\/\/www.ecrea.eu\/\" target=\"_blank\" rel=\"noopener\">ECREA<\/a>, <a href=\"https:\/\/orbicom.ca\/\" target=\"_blank\" rel=\"noopener\">ORBICOM<\/a>).\u00a0These precious connections with international organizations operating within our disciplines, representing, and promoting all their diversity, will be maintained, and developed.\u00a0Alongside the Research Commission, the work started following the collaboration with the <span style=\"font-size: inherit;\"><a class=\"\" href=\"https:\/\/iamcr.org\/\"><span class=\"\">AIMCR\/AIECS\/AIERI<\/span><\/a><\/span> on cross-publications, particularly within the RFSIC, will represent a stimulating project which will enrich our work with research carried out in other scientific environments.<br \/>\nBeyond a more regular presence under the SFSIC banner at the congresses of these societies and particularly during the labeling of RFSIC as an affiliated journal of the <a href=\"https:\/\/www.icahdq.org\/\">ICA<\/a>, discussions are underway to organize joint actions and pre-conferences during the ICA 2022 conference which will be held in Paris.<\/li>\n<li><strong>Developing the international dimension of the \u201cEthics in digital research\u201d project<\/strong><br \/>\nThis project aims to better probe the representations and digital practices in ICS in an effort to better guide the debate within the SFSIC on this topic. This project is being developed in close collaboration with the Research Commission.<\/li>\n<li><strong>Maintaining SFSIC\u2019s commitment to co-constructing francophone ICS educational programs internationally<\/strong> <i>(Projects Vietnam, China\u2026).<\/i><br \/>\nThis project will be supported by the International Relations Commission and the SFSIC\u2019s president who has been directly involved since the beginning, in relation with the Education Commission.<\/li>\n<\/ul><\/div>\n<\/p><\/div>\n<\/p><\/div>\n<\/p><\/div>\n<\/p><\/div>\n<\/p><\/div>\n<\/p><\/div>\n<\/div>\n<p><!-- \/flzn:textblock --><br \/>\n<!-- flzn:textblock --><\/p>\n<div class=\"zone zn-textblock\" id=\"flzn-textblock-4\">\n<div class=\"zone-block zn-textblock-block pdd-bottom-off va-top\">\n<div class=\"row mw-content-zone\">\n<div class=\"columns large-12\">\n<div class=\"row large-up-1 with-nice-alignment nbloc-1\">\n<div class=\"column zn-textblock-col\">\n<div class=\"column-inner\">\n<div class=\"wig-content mw-content\">\n<h3 style=\"text-align: center;\">The work of the current team is a continuation of the achievements of the previous terms<\/h3>\n<\/p><\/div>\n<\/p><\/div>\n<\/p><\/div>\n<\/p><\/div>\n<\/p><\/div>\n<\/p><\/div>\n<\/p><\/div>\n<\/div>\n<p><!-- \/flzn:textblock --><br \/>\n<!-- flzn:textblock --><\/p>\n<div class=\"zone zn-textblock with-2-blocs\" id=\"flzn-textblock-5\">\n<div class=\"zone-block zn-textblock-block alignwide va-top\">\n<div class=\"row mw-content-zone\">\n<div class=\"columns large-12\">\n<div class=\"row with-nice-alignment nbloc-2 va-top\">\n<div class=\"columns large-6 zn-textblock-col\">\n<div class=\"columns-inner\" data-aos=\"fade-up\" data-aos-once=\"false\" data-aos-anchor=\"#flzn-textblock-5\" data-aos-anchor-placement=\"top-bottom\" data-aos-delay=\"150\">\n<div class=\"wig-content mw-content\">\n<p>Following multiple meetings and exchanges that are increasingly followed since 2013 (Dublin 2013, Montreal July 2015, Paris September 2015, Portland May 2016, Madrid July 2019) the <a href=\"https:\/\/iamcr.org\/\" target=\"_blank\" rel=\"noopener\">IAMCR\/AIECS\/AIERI<\/a> and the SFSIC have decided to jointly organize a series of events to encourage the creation of relations between ICS researchers from different countries and cultures.<\/p>\n<p>Various initiatives to reinforce international relations between the SFSIC and the <a href=\"https:\/\/www.icahdq.org\" target=\"_blank\" rel=\"noopener\">ICA<\/a> also took place (cross-memberships, participation of colleagues in both congresses, affiliation by the <a href=\"https:\/\/www.icahdq.org\" target=\"_blank\" rel=\"noopener\">ICA<\/a> of the French Journal of Information and Communication Sciences). Several French colleagues had the opportunity to represent the SFSIC and various French scientific approaches during panels organized during the <a href=\"https:\/\/www.icahdq.org\" target=\"_blank\" rel=\"noopener\">ICA<\/a> conferences in San Diego in 2017 and in Prague in 2018. The same will happen at the ICA in Washington D.C. in 2019.<\/p>\n<p>During the last ten years, a community of researchers in Information and Communication Sciences has been progressively developing in Vietnam.\u00a0Several theses have been defended, students graduated with a master\u2019s degree in Information and Communication Sciences from universities in the French-speaking world (France, Belgium and Canada).\u00a0Courses are being developed in institutes and universities in Vietnam itself, also in collaboration with French and Belgian universities. Since then, multiple collaboration agreements have been signed and regular exchanges are taking place between the Universities of Paris XIII, Toulon, and Grenoble to assist our Vietnamese colleagues with the creation of a francophone degree in communication.<\/p>\n<\/p><\/div>\n<\/p><\/div>\n<\/p><\/div>\n<div class=\"columns large-6 zn-textblock-col\">\n<div class=\"columns-inner\" data-aos=\"fade-up\" data-aos-once=\"false\" data-aos-anchor=\"#flzn-textblock-5\" data-aos-anchor-placement=\"top-bottom\" data-aos-delay=\"300\">\n<div class=\"wig-content mw-content\">\n<p>Concerning <strong>Germany<\/strong>, the SFSIC was present at the seminar of the international and intercultural group of the <a href=\"https:\/\/www.dgpuk.de\" target=\"_blank\" rel=\"noopener\">DGPuK<\/a>, the German sister company of the SFSIC, which took place in Dortmund 15-16 January 2015. These exchanges have strengthened our relations with our German colleagues. The participation of several of them during the SFSIC\u2019s XXth Congress held in Metz in 2016, and the attendance of SFSIC\u2019s president alongside several other French colleagues at the <a href=\"https:\/\/www.dgpuk.de\" target=\"_blank\" rel=\"noopener\">DGPuK<\/a> congress in Mannheim in 2017 are proving that.<\/p>\n<p>A part of SFSIC\u2019s Board had the opportunity to participate in the direction meeting of the learned societies <a href=\"https:\/\/www.dgpuk.de\" target=\"_blank\" rel=\"noopener\">DGPuK<\/a>, <a href=\"https:\/\/sgkm.ch\/fr\/\" target=\"_blank\" rel=\"noopener\">SSCM<\/a>, <a href=\"http:\/\/www.ogk.at\" target=\"_blank\" rel=\"noopener\">\u00d6GK<\/a>, and SFSIC to concretize the concerted projects between the national associations. This resulted in the participation of the <a href=\"https:\/\/sgkm.ch\/fr\/\" target=\"_blank\" rel=\"noopener\">SSCM<\/a> in the Paris congress in 2018. It was then followed by the SFSIC attendance at the <a href=\"https:\/\/sgkm.ch\/fr\/\" target=\"_blank\" rel=\"noopener\">SSCM<\/a>\u2019s congress in St. Gall in 2019. The organization of the firsts SFSIC\u2019s tri-national Doctoral days in 2019, is the first official and concrete realization between the three societies <a href=\"https:\/\/www.dgpuk.de\" target=\"_blank\" rel=\"noopener\">DGPuK<\/a>, <a href=\"https:\/\/sgkm.ch\/fr\/\" target=\"_blank\" rel=\"noopener\">SSCM<\/a>, and the SFSIC.<\/p>\n<p>In 2020 a joint event during <a href=\"https:\/\/sgkm.ch\/fr\/\" target=\"_blank\" rel=\"noopener\">SSCM<\/a>\u2019s and SFSIC\u2019s congresses (round table, panel) extended this dynamic.<\/p>\n<\/p><\/div>\n<\/p><\/div>\n<\/p><\/div>\n<\/p><\/div>\n<\/p><\/div>\n<\/p><\/div>\n<\/p><\/div>\n<\/div>\n<p><!-- \/flzn:textblock --><\/p>\n","protected":false},"excerpt":{"rendered":"<p>Vice President (2018-2020 period) Carsten Wilhelm, MCF, Haute-Alsace University, CRESAT Contacts : vp-ri@sfsic.org SFSIC\u2019s International relations Commission aims to promote our discipline and to develop the interventional skills of ICS [&hellip;]<\/p>\n","protected":false},"author":959,"featured_media":0,"parent":16557,"menu_order":25,"comment_status":"closed","ping_status":"closed","template":"","meta":{"_acf_changed":false,"footnotes":""},"class_list":["post-17196","page","type-page","status-publish","hentry","wp-sticky"],"acf":[],"yoast_head":"<!-- This site is optimized with the Yoast SEO plugin v27.3 - https:\/\/yoast.com\/product\/yoast-seo-wordpress\/ -->\n<title>Commission relations internationales SFSIC, D\u00e9veloppement SIC international<\/title>\n<meta name=\"description\" content=\"La commission Relations Internationales de la SFSIC a pour objectif de d\u00e9velopper et valoriser les SIC au niveau international. Elle participe \u00e0 l&#039;animation des \u00e9changes entre la SFSIC et un r\u00e9seau d&#039;associations internationales et nationales de pays partenaires.\" \/>\n<meta name=\"robots\" content=\"index, follow, max-snippet:-1, max-image-preview:large, max-video-preview:-1\" \/>\n<link rel=\"canonical\" href=\"https:\/\/www.sfsic.org\/en\/the-sfsic\/international-relations-commission\/\" \/>\n<meta property=\"og:locale\" content=\"en_US\" \/>\n<meta property=\"og:type\" content=\"article\" \/>\n<meta property=\"og:title\" content=\"Commission relations internationales SFSIC, D\u00e9veloppement SIC international\" \/>\n<meta property=\"og:description\" content=\"La commission Relations Internationales de la SFSIC a pour objectif de d\u00e9velopper et valoriser les SIC au niveau international. Elle participe \u00e0 l&#039;animation des \u00e9changes entre la SFSIC et un r\u00e9seau d&#039;associations internationales et nationales de pays partenaires.\" \/>\n<meta property=\"og:url\" content=\"https:\/\/www.sfsic.org\/en\/the-sfsic\/international-relations-commission\/\" \/>\n<meta property=\"og:site_name\" content=\"SFSIC\" \/>\n<meta property=\"article:modified_time\" content=\"2021-05-04T06:36:03+00:00\" \/>\n<meta name=\"twitter:card\" content=\"summary_large_image\" \/>\n<script type=\"application\/ld+json\" class=\"yoast-schema-graph\">{\"@context\":\"https:\\\/\\\/schema.org\",\"@graph\":[{\"@type\":\"WebPage\",\"@id\":\"https:\\\/\\\/www.sfsic.org\\\/en\\\/the-sfsic\\\/international-relations-commission\\\/\",\"url\":\"https:\\\/\\\/www.sfsic.org\\\/en\\\/the-sfsic\\\/international-relations-commission\\\/\",\"name\":\"Commission relations internationales SFSIC, D\u00e9veloppement SIC international\",\"isPartOf\":{\"@id\":\"https:\\\/\\\/www.sfsic.org\\\/en\\\/#website\"},\"datePublished\":\"2020-02-06T16:28:18+00:00\",\"dateModified\":\"2021-05-04T06:36:03+00:00\",\"description\":\"La commission Relations Internationales de la SFSIC a pour objectif de d\u00e9velopper et valoriser les SIC au niveau international. Elle participe \u00e0 l'animation des \u00e9changes entre la SFSIC et un r\u00e9seau d'associations internationales et nationales de pays partenaires.\",\"breadcrumb\":{\"@id\":\"https:\\\/\\\/www.sfsic.org\\\/en\\\/the-sfsic\\\/international-relations-commission\\\/#breadcrumb\"},\"inLanguage\":\"en-US\",\"potentialAction\":[{\"@type\":\"ReadAction\",\"target\":[\"https:\\\/\\\/www.sfsic.org\\\/en\\\/the-sfsic\\\/international-relations-commission\\\/\"]}]},{\"@type\":\"BreadcrumbList\",\"@id\":\"https:\\\/\\\/www.sfsic.org\\\/en\\\/the-sfsic\\\/international-relations-commission\\\/#breadcrumb\",\"itemListElement\":[{\"@type\":\"ListItem\",\"position\":1,\"name\":\"Accueil\",\"item\":\"https:\\\/\\\/www.sfsic.org\\\/en\\\/\"},{\"@type\":\"ListItem\",\"position\":2,\"name\":\"The SFSIC\",\"item\":\"https:\\\/\\\/www.sfsic.org\\\/en\\\/the-sfsic\\\/\"},{\"@type\":\"ListItem\",\"position\":3,\"name\":\"International Relations Commission\"}]},{\"@type\":\"WebSite\",\"@id\":\"https:\\\/\\\/www.sfsic.org\\\/en\\\/#website\",\"url\":\"https:\\\/\\\/www.sfsic.org\\\/en\\\/\",\"name\":\"SFSIC\",\"description\":\"Soci\u00e9t\u00e9 Fran\u00e7aise des Sciences de l&#039;Information &amp; de la Communication\",\"publisher\":{\"@id\":\"https:\\\/\\\/www.sfsic.org\\\/en\\\/#organization\"},\"potentialAction\":[{\"@type\":\"SearchAction\",\"target\":{\"@type\":\"EntryPoint\",\"urlTemplate\":\"https:\\\/\\\/www.sfsic.org\\\/en\\\/?s={search_term_string}\"},\"query-input\":{\"@type\":\"PropertyValueSpecification\",\"valueRequired\":true,\"valueName\":\"search_term_string\"}}],\"inLanguage\":\"en-US\"},{\"@type\":\"Organization\",\"@id\":\"https:\\\/\\\/www.sfsic.org\\\/en\\\/#organization\",\"name\":\"SFSIC\",\"url\":\"https:\\\/\\\/www.sfsic.org\\\/en\\\/\",\"logo\":{\"@type\":\"ImageObject\",\"inLanguage\":\"en-US\",\"@id\":\"https:\\\/\\\/www.sfsic.org\\\/en\\\/#\\\/schema\\\/logo\\\/image\\\/\",\"url\":\"https:\\\/\\\/www.sfsic.org\\\/wp-inside\\\/uploads\\\/2020\\\/05\\\/logo-sfsic.jpg\",\"contentUrl\":\"https:\\\/\\\/www.sfsic.org\\\/wp-inside\\\/uploads\\\/2020\\\/05\\\/logo-sfsic.jpg\",\"width\":1085,\"height\":1080,\"caption\":\"SFSIC\"},\"image\":{\"@id\":\"https:\\\/\\\/www.sfsic.org\\\/en\\\/#\\\/schema\\\/logo\\\/image\\\/\"}}]}<\/script>\n<!-- \/ Yoast SEO plugin. -->","yoast_head_json":{"title":"Commission relations internationales SFSIC, D\u00e9veloppement SIC international","description":"La commission Relations Internationales de la SFSIC a pour objectif de d\u00e9velopper et valoriser les SIC au niveau international. Elle participe \u00e0 l'animation des \u00e9changes entre la SFSIC et un r\u00e9seau d'associations internationales et nationales de pays partenaires.","robots":{"index":"index","follow":"follow","max-snippet":"max-snippet:-1","max-image-preview":"max-image-preview:large","max-video-preview":"max-video-preview:-1"},"canonical":"https:\/\/www.sfsic.org\/en\/the-sfsic\/international-relations-commission\/","og_locale":"en_US","og_type":"article","og_title":"Commission relations internationales SFSIC, D\u00e9veloppement SIC international","og_description":"La commission Relations Internationales de la SFSIC a pour objectif de d\u00e9velopper et valoriser les SIC au niveau international. Elle participe \u00e0 l'animation des \u00e9changes entre la SFSIC et un r\u00e9seau d'associations internationales et nationales de pays partenaires.","og_url":"https:\/\/www.sfsic.org\/en\/the-sfsic\/international-relations-commission\/","og_site_name":"SFSIC","article_modified_time":"2021-05-04T06:36:03+00:00","twitter_card":"summary_large_image","schema":{"@context":"https:\/\/schema.org","@graph":[{"@type":"WebPage","@id":"https:\/\/www.sfsic.org\/en\/the-sfsic\/international-relations-commission\/","url":"https:\/\/www.sfsic.org\/en\/the-sfsic\/international-relations-commission\/","name":"Commission relations internationales SFSIC, D\u00e9veloppement SIC international","isPartOf":{"@id":"https:\/\/www.sfsic.org\/en\/#website"},"datePublished":"2020-02-06T16:28:18+00:00","dateModified":"2021-05-04T06:36:03+00:00","description":"La commission Relations Internationales de la SFSIC a pour objectif de d\u00e9velopper et valoriser les SIC au niveau international. Elle participe \u00e0 l'animation des \u00e9changes entre la SFSIC et un r\u00e9seau d'associations internationales et nationales de pays partenaires.","breadcrumb":{"@id":"https:\/\/www.sfsic.org\/en\/the-sfsic\/international-relations-commission\/#breadcrumb"},"inLanguage":"en-US","potentialAction":[{"@type":"ReadAction","target":["https:\/\/www.sfsic.org\/en\/the-sfsic\/international-relations-commission\/"]}]},{"@type":"BreadcrumbList","@id":"https:\/\/www.sfsic.org\/en\/the-sfsic\/international-relations-commission\/#breadcrumb","itemListElement":[{"@type":"ListItem","position":1,"name":"Accueil","item":"https:\/\/www.sfsic.org\/en\/"},{"@type":"ListItem","position":2,"name":"The SFSIC","item":"https:\/\/www.sfsic.org\/en\/the-sfsic\/"},{"@type":"ListItem","position":3,"name":"International Relations Commission"}]},{"@type":"WebSite","@id":"https:\/\/www.sfsic.org\/en\/#website","url":"https:\/\/www.sfsic.org\/en\/","name":"SFSIC","description":"Soci\u00e9t\u00e9 Fran\u00e7aise des Sciences de l&#039;Information &amp; de la Communication","publisher":{"@id":"https:\/\/www.sfsic.org\/en\/#organization"},"potentialAction":[{"@type":"SearchAction","target":{"@type":"EntryPoint","urlTemplate":"https:\/\/www.sfsic.org\/en\/?s={search_term_string}"},"query-input":{"@type":"PropertyValueSpecification","valueRequired":true,"valueName":"search_term_string"}}],"inLanguage":"en-US"},{"@type":"Organization","@id":"https:\/\/www.sfsic.org\/en\/#organization","name":"SFSIC","url":"https:\/\/www.sfsic.org\/en\/","logo":{"@type":"ImageObject","inLanguage":"en-US","@id":"https:\/\/www.sfsic.org\/en\/#\/schema\/logo\/image\/","url":"https:\/\/www.sfsic.org\/wp-inside\/uploads\/2020\/05\/logo-sfsic.jpg","contentUrl":"https:\/\/www.sfsic.org\/wp-inside\/uploads\/2020\/05\/logo-sfsic.jpg","width":1085,"height":1080,"caption":"SFSIC"},"image":{"@id":"https:\/\/www.sfsic.org\/en\/#\/schema\/logo\/image\/"}}]}},"_links":{"self":[{"href":"https:\/\/www.sfsic.org\/en\/wp-json\/wp\/v2\/pages\/17196","targetHints":{"allow":["GET"]}}],"collection":[{"href":"https:\/\/www.sfsic.org\/en\/wp-json\/wp\/v2\/pages"}],"about":[{"href":"https:\/\/www.sfsic.org\/en\/wp-json\/wp\/v2\/types\/page"}],"author":[{"embeddable":true,"href":"https:\/\/www.sfsic.org\/en\/wp-json\/wp\/v2\/users\/959"}],"replies":[{"embeddable":true,"href":"https:\/\/www.sfsic.org\/en\/wp-json\/wp\/v2\/comments?post=17196"}],"version-history":[{"count":3,"href":"https:\/\/www.sfsic.org\/en\/wp-json\/wp\/v2\/pages\/17196\/revisions"}],"predecessor-version":[{"id":17331,"href":"https:\/\/www.sfsic.org\/en\/wp-json\/wp\/v2\/pages\/17196\/revisions\/17331"}],"up":[{"embeddable":true,"href":"https:\/\/www.sfsic.org\/en\/wp-json\/wp\/v2\/pages\/16557"}],"wp:attachment":[{"href":"https:\/\/www.sfsic.org\/en\/wp-json\/wp\/v2\/media?parent=17196"}],"curies":[{"name":"wp","href":"https:\/\/api.w.org\/{rel}","templated":true}]}}