{"id":17193,"date":"2020-02-06T17:28:34","date_gmt":"2020-02-06T16:28:34","guid":{"rendered":"https:\/\/www.sfsic.org\/la-sfsic\/commission-communication-et-valorisation\/"},"modified":"2021-05-04T13:24:34","modified_gmt":"2021-05-04T11:24:34","slug":"communication-and-valorization-commission","status":"publish","type":"page","link":"https:\/\/www.sfsic.org\/en\/the-sfsic\/communication-and-valorization-commission\/","title":{"rendered":"Communication Commission"},"content":{"rendered":"<p><strong>Vice President (2018-2020 period)<\/strong><\/p>\n<p>Fabien Bonnet, CRESAT EA 3436, Haute-Alsace University (UHA), Mulhouse<\/p>\n<p>Contact : <a href=\"mailto:vp-communication@sfsic.org\">vp-communication@sfsic.org<\/a><\/p>\n<p><!-- flzn:textblock --><\/p>\n<div class=\"zone zn-textblock\" id=\"flzn-textblock-1\">\n<div class=\"zone-block zn-textblock-block pdd-top-off pdd-bottom-big va-top\">\n<div class=\"row mw-content-zone\">\n<div class=\"columns large-12\">\n<div class=\"row large-up-1 with-nice-alignment nbloc-1\">\n<div class=\"column zn-textblock-col\">\n<div class=\"column-inner\" data-aos=\"fade-up\" data-aos-once=\"false\" data-aos-anchor=\"#flzn-textblock-1\" data-aos-anchor-placement=\"top-bottom\">\n<div class=\"wig-content mw-content\">\n<p><span style=\"font-weight: 400;\">The Communication and valorization commission is dedicated to increase the visibility and <\/span><span style=\"font-weight: 400;\">to promot<\/span><span style=\"font-weight: 400;\"> the activities of our association and its members. It supervises and animates the essential communication channels that are the website and social media1. Furthermore, it also contributes to the conception and promotion of SFSIC\u2019s events and publications.<\/span><\/p>\n<p>&nbsp;<\/p>\n<\/p><\/div>\n<\/p><\/div>\n<\/p><\/div>\n<\/p><\/div>\n<\/p><\/div>\n<\/p><\/div>\n<\/p><\/div>\n<\/div>\n<p><!-- \/flzn:textblock --><br \/>\n<!-- flzn:textblock --><\/p>\n<div class=\"zone zn-textblock\" id=\"flzn-textblock-2\">\n<div class=\"zone-block zn-textblock-block va-top\">\n<div class=\"row mw-content-zone\">\n<div class=\"columns large-12\">\n<div class=\"row large-up-1 with-nice-alignment nbloc-1\">\n<div class=\"column zn-textblock-col\">\n<div class=\"column-inner\">\n<div class=\"wig-content mw-content\">\n<h3 style=\"text-align: left;\">Pour le mandat 2018-2020, la commission Communication et Valorisation concentre ses activit\u00e9s sur un projet majeur, celui de la refonte du site internet de la SFSIC<\/h3>\n<p>Mis en service en 2007, l&rsquo;ancien site n&rsquo;\u00e9tait, malgr\u00e9 la qualit\u00e9 de sa conception initiale, plus en mesure de servir notre projet de mise en visibilit\u00e9 des initiatives d\u00e9velopp\u00e9es dans le champ des SIC. Un cahier des charges d\u00e9taill\u00e9 a donc \u00e9t\u00e9 produit collectivement, de mani\u00e8re \u00e0 identifier les contenus et fonctionnalit\u00e9s susceptibles de repr\u00e9senter une v\u00e9ritable plus-value pour les chercheurs et apprentis-chercheurs adh\u00e9rents de la SFSIC. La phase suivante du projet a inclus la s\u00e9lection d&rsquo;un prestataire et la coordination de la mise en production du site avec ce dernier.<\/p>\n<p>La commission Communication et Valorisation est \u00e9galement impliqu\u00e9e dans la pr\u00e9paration, la m\u00e9diatisation puis la valorisation des \u00e9v\u00e9nements organis\u00e9s par la SFSIC, qu&rsquo;il s&rsquo;agisse des Doctorales 2019 de Mulhouse, de la Journ\u00e9e Formation du 21 novembre 2019, des Assises SIC du 2 avril 2020 ou du Congr\u00e8s de la SFSIC 2020.<\/p>\n<p>La refonte des outils de communication de l&rsquo;association lui permettra \u00e9galement de valoriser davantage les initiatives de ses adh\u00e9rents dans le cadre de la labellisation SFSIC.<\/p>\n<h3 style=\"text-align: left;\">Le travail de l&rsquo;\u00e9quipe actuelle s\u2019inscrit dans la continuit\u00e9 des r\u00e9alisations men\u00e9es \u00e0 bien lors des pr\u00e9c\u00e9dents mandats<\/h3>\n<p>Nous poursuivons et d\u00e9veloppons les initiatives destin\u00e9es \u00e0 faire de la SFSIC un relai essentiel des informations concernant les projets d\u00e9velopp\u00e9s au sein de notre discipline. Cette pr\u00e9occupation am\u00e8ne les membres de la commission \u00e0 d\u00e9velopper et affiner la ligne \u00e9ditoriale de nos diff\u00e9rents supports de diffusion (site internet, Facebook et Twitter notamment) tout en d\u00e9veloppant la couverture de l&rsquo;actualit\u00e9 au plan national et international.<\/p>\n<\/p><\/div>\n<\/p><\/div>\n<\/p><\/div>\n<\/p><\/div>\n<\/p><\/div>\n<\/p><\/div>\n<\/p><\/div>\n<\/div>\n<p><!-- \/flzn:textblock --><\/p>\n","protected":false},"excerpt":{"rendered":"<p>Vice President (2018-2020 period) Fabien Bonnet, CRESAT EA 3436, Haute-Alsace University (UHA), Mulhouse Contact : vp-communication@sfsic.org The Communication and valorization commission is dedicated to increase the visibility and to promot [&hellip;]<\/p>\n","protected":false},"author":959,"featured_media":0,"parent":16557,"menu_order":35,"comment_status":"closed","ping_status":"closed","template":"","meta":{"_acf_changed":false,"footnotes":""},"class_list":["post-17193","page","type-page","status-publish","hentry","wp-sticky"],"acf":[],"yoast_head":"<!-- This site is optimized with the Yoast SEO plugin v27.3 - https:\/\/yoast.com\/product\/yoast-seo-wordpress\/ -->\n<title>Communication \u00e9v\u00e9nements &amp; publication SFSIC : commission Communication et Valorisation<\/title>\n<meta name=\"description\" content=\"La commission Communication et Valorisation est d\u00e9di\u00e9e \u00e0 la mise en visibilit\u00e9 et \u00e0 la valorisation des activit\u00e9s de notre association et de ses adh\u00e9rents. Elle supervise et anime les canaux de communication essentiels : site internet, r\u00e9seaux sociaux, conception et diffusion des \u00e9v\u00e9nements et des publications de la SFSIC.\" \/>\n<meta name=\"robots\" content=\"index, follow, max-snippet:-1, max-image-preview:large, max-video-preview:-1\" \/>\n<link rel=\"canonical\" href=\"https:\/\/www.sfsic.org\/en\/the-sfsic\/communication-and-valorization-commission\/\" \/>\n<meta property=\"og:locale\" content=\"en_US\" \/>\n<meta property=\"og:type\" content=\"article\" \/>\n<meta property=\"og:title\" content=\"Communication \u00e9v\u00e9nements &amp; publication SFSIC : commission Communication et Valorisation\" \/>\n<meta property=\"og:description\" content=\"La commission Communication et Valorisation est d\u00e9di\u00e9e \u00e0 la mise en visibilit\u00e9 et \u00e0 la valorisation des activit\u00e9s de notre association et de ses adh\u00e9rents. Elle supervise et anime les canaux de communication essentiels : site internet, r\u00e9seaux sociaux, conception et diffusion des \u00e9v\u00e9nements et des publications de la SFSIC.\" \/>\n<meta property=\"og:url\" content=\"https:\/\/www.sfsic.org\/en\/the-sfsic\/communication-and-valorization-commission\/\" \/>\n<meta property=\"og:site_name\" content=\"SFSIC\" \/>\n<meta property=\"article:modified_time\" content=\"2021-05-04T11:24:34+00:00\" \/>\n<meta name=\"twitter:card\" content=\"summary_large_image\" \/>\n<script type=\"application\/ld+json\" class=\"yoast-schema-graph\">{\"@context\":\"https:\\\/\\\/schema.org\",\"@graph\":[{\"@type\":\"WebPage\",\"@id\":\"https:\\\/\\\/www.sfsic.org\\\/en\\\/the-sfsic\\\/communication-and-valorization-commission\\\/\",\"url\":\"https:\\\/\\\/www.sfsic.org\\\/en\\\/the-sfsic\\\/communication-and-valorization-commission\\\/\",\"name\":\"Communication \u00e9v\u00e9nements & publication SFSIC : commission Communication et Valorisation\",\"isPartOf\":{\"@id\":\"https:\\\/\\\/www.sfsic.org\\\/en\\\/#website\"},\"datePublished\":\"2020-02-06T16:28:34+00:00\",\"dateModified\":\"2021-05-04T11:24:34+00:00\",\"description\":\"La commission Communication et Valorisation est d\u00e9di\u00e9e \u00e0 la mise en visibilit\u00e9 et \u00e0 la valorisation des activit\u00e9s de notre association et de ses adh\u00e9rents. Elle supervise et anime les canaux de communication essentiels : site internet, r\u00e9seaux sociaux, conception et diffusion des \u00e9v\u00e9nements et des publications de la SFSIC.\",\"breadcrumb\":{\"@id\":\"https:\\\/\\\/www.sfsic.org\\\/en\\\/the-sfsic\\\/communication-and-valorization-commission\\\/#breadcrumb\"},\"inLanguage\":\"en-US\",\"potentialAction\":[{\"@type\":\"ReadAction\",\"target\":[\"https:\\\/\\\/www.sfsic.org\\\/en\\\/the-sfsic\\\/communication-and-valorization-commission\\\/\"]}]},{\"@type\":\"BreadcrumbList\",\"@id\":\"https:\\\/\\\/www.sfsic.org\\\/en\\\/the-sfsic\\\/communication-and-valorization-commission\\\/#breadcrumb\",\"itemListElement\":[{\"@type\":\"ListItem\",\"position\":1,\"name\":\"Accueil\",\"item\":\"https:\\\/\\\/www.sfsic.org\\\/en\\\/\"},{\"@type\":\"ListItem\",\"position\":2,\"name\":\"The SFSIC\",\"item\":\"https:\\\/\\\/www.sfsic.org\\\/en\\\/the-sfsic\\\/\"},{\"@type\":\"ListItem\",\"position\":3,\"name\":\"Communication Commission\"}]},{\"@type\":\"WebSite\",\"@id\":\"https:\\\/\\\/www.sfsic.org\\\/en\\\/#website\",\"url\":\"https:\\\/\\\/www.sfsic.org\\\/en\\\/\",\"name\":\"SFSIC\",\"description\":\"Soci\u00e9t\u00e9 Fran\u00e7aise des Sciences de l&#039;Information &amp; de la Communication\",\"publisher\":{\"@id\":\"https:\\\/\\\/www.sfsic.org\\\/en\\\/#organization\"},\"potentialAction\":[{\"@type\":\"SearchAction\",\"target\":{\"@type\":\"EntryPoint\",\"urlTemplate\":\"https:\\\/\\\/www.sfsic.org\\\/en\\\/?s={search_term_string}\"},\"query-input\":{\"@type\":\"PropertyValueSpecification\",\"valueRequired\":true,\"valueName\":\"search_term_string\"}}],\"inLanguage\":\"en-US\"},{\"@type\":\"Organization\",\"@id\":\"https:\\\/\\\/www.sfsic.org\\\/en\\\/#organization\",\"name\":\"SFSIC\",\"url\":\"https:\\\/\\\/www.sfsic.org\\\/en\\\/\",\"logo\":{\"@type\":\"ImageObject\",\"inLanguage\":\"en-US\",\"@id\":\"https:\\\/\\\/www.sfsic.org\\\/en\\\/#\\\/schema\\\/logo\\\/image\\\/\",\"url\":\"https:\\\/\\\/www.sfsic.org\\\/wp-inside\\\/uploads\\\/2020\\\/05\\\/logo-sfsic.jpg\",\"contentUrl\":\"https:\\\/\\\/www.sfsic.org\\\/wp-inside\\\/uploads\\\/2020\\\/05\\\/logo-sfsic.jpg\",\"width\":1085,\"height\":1080,\"caption\":\"SFSIC\"},\"image\":{\"@id\":\"https:\\\/\\\/www.sfsic.org\\\/en\\\/#\\\/schema\\\/logo\\\/image\\\/\"}}]}<\/script>\n<!-- \/ Yoast SEO plugin. -->","yoast_head_json":{"title":"Communication \u00e9v\u00e9nements & publication SFSIC : commission Communication et Valorisation","description":"La commission Communication et Valorisation est d\u00e9di\u00e9e \u00e0 la mise en visibilit\u00e9 et \u00e0 la valorisation des activit\u00e9s de notre association et de ses adh\u00e9rents. Elle supervise et anime les canaux de communication essentiels : site internet, r\u00e9seaux sociaux, conception et diffusion des \u00e9v\u00e9nements et des publications de la SFSIC.","robots":{"index":"index","follow":"follow","max-snippet":"max-snippet:-1","max-image-preview":"max-image-preview:large","max-video-preview":"max-video-preview:-1"},"canonical":"https:\/\/www.sfsic.org\/en\/the-sfsic\/communication-and-valorization-commission\/","og_locale":"en_US","og_type":"article","og_title":"Communication \u00e9v\u00e9nements & publication SFSIC : commission Communication et Valorisation","og_description":"La commission Communication et Valorisation est d\u00e9di\u00e9e \u00e0 la mise en visibilit\u00e9 et \u00e0 la valorisation des activit\u00e9s de notre association et de ses adh\u00e9rents. Elle supervise et anime les canaux de communication essentiels : site internet, r\u00e9seaux sociaux, conception et diffusion des \u00e9v\u00e9nements et des publications de la SFSIC.","og_url":"https:\/\/www.sfsic.org\/en\/the-sfsic\/communication-and-valorization-commission\/","og_site_name":"SFSIC","article_modified_time":"2021-05-04T11:24:34+00:00","twitter_card":"summary_large_image","schema":{"@context":"https:\/\/schema.org","@graph":[{"@type":"WebPage","@id":"https:\/\/www.sfsic.org\/en\/the-sfsic\/communication-and-valorization-commission\/","url":"https:\/\/www.sfsic.org\/en\/the-sfsic\/communication-and-valorization-commission\/","name":"Communication \u00e9v\u00e9nements & publication SFSIC : commission Communication et Valorisation","isPartOf":{"@id":"https:\/\/www.sfsic.org\/en\/#website"},"datePublished":"2020-02-06T16:28:34+00:00","dateModified":"2021-05-04T11:24:34+00:00","description":"La commission Communication et Valorisation est d\u00e9di\u00e9e \u00e0 la mise en visibilit\u00e9 et \u00e0 la valorisation des activit\u00e9s de notre association et de ses adh\u00e9rents. Elle supervise et anime les canaux de communication essentiels : site internet, r\u00e9seaux sociaux, conception et diffusion des \u00e9v\u00e9nements et des publications de la SFSIC.","breadcrumb":{"@id":"https:\/\/www.sfsic.org\/en\/the-sfsic\/communication-and-valorization-commission\/#breadcrumb"},"inLanguage":"en-US","potentialAction":[{"@type":"ReadAction","target":["https:\/\/www.sfsic.org\/en\/the-sfsic\/communication-and-valorization-commission\/"]}]},{"@type":"BreadcrumbList","@id":"https:\/\/www.sfsic.org\/en\/the-sfsic\/communication-and-valorization-commission\/#breadcrumb","itemListElement":[{"@type":"ListItem","position":1,"name":"Accueil","item":"https:\/\/www.sfsic.org\/en\/"},{"@type":"ListItem","position":2,"name":"The SFSIC","item":"https:\/\/www.sfsic.org\/en\/the-sfsic\/"},{"@type":"ListItem","position":3,"name":"Communication Commission"}]},{"@type":"WebSite","@id":"https:\/\/www.sfsic.org\/en\/#website","url":"https:\/\/www.sfsic.org\/en\/","name":"SFSIC","description":"Soci\u00e9t\u00e9 Fran\u00e7aise des Sciences de l&#039;Information &amp; de la Communication","publisher":{"@id":"https:\/\/www.sfsic.org\/en\/#organization"},"potentialAction":[{"@type":"SearchAction","target":{"@type":"EntryPoint","urlTemplate":"https:\/\/www.sfsic.org\/en\/?s={search_term_string}"},"query-input":{"@type":"PropertyValueSpecification","valueRequired":true,"valueName":"search_term_string"}}],"inLanguage":"en-US"},{"@type":"Organization","@id":"https:\/\/www.sfsic.org\/en\/#organization","name":"SFSIC","url":"https:\/\/www.sfsic.org\/en\/","logo":{"@type":"ImageObject","inLanguage":"en-US","@id":"https:\/\/www.sfsic.org\/en\/#\/schema\/logo\/image\/","url":"https:\/\/www.sfsic.org\/wp-inside\/uploads\/2020\/05\/logo-sfsic.jpg","contentUrl":"https:\/\/www.sfsic.org\/wp-inside\/uploads\/2020\/05\/logo-sfsic.jpg","width":1085,"height":1080,"caption":"SFSIC"},"image":{"@id":"https:\/\/www.sfsic.org\/en\/#\/schema\/logo\/image\/"}}]}},"_links":{"self":[{"href":"https:\/\/www.sfsic.org\/en\/wp-json\/wp\/v2\/pages\/17193","targetHints":{"allow":["GET"]}}],"collection":[{"href":"https:\/\/www.sfsic.org\/en\/wp-json\/wp\/v2\/pages"}],"about":[{"href":"https:\/\/www.sfsic.org\/en\/wp-json\/wp\/v2\/types\/page"}],"author":[{"embeddable":true,"href":"https:\/\/www.sfsic.org\/en\/wp-json\/wp\/v2\/users\/959"}],"replies":[{"embeddable":true,"href":"https:\/\/www.sfsic.org\/en\/wp-json\/wp\/v2\/comments?post=17193"}],"version-history":[{"count":5,"href":"https:\/\/www.sfsic.org\/en\/wp-json\/wp\/v2\/pages\/17193\/revisions"}],"predecessor-version":[{"id":17351,"href":"https:\/\/www.sfsic.org\/en\/wp-json\/wp\/v2\/pages\/17193\/revisions\/17351"}],"up":[{"embeddable":true,"href":"https:\/\/www.sfsic.org\/en\/wp-json\/wp\/v2\/pages\/16557"}],"wp:attachment":[{"href":"https:\/\/www.sfsic.org\/en\/wp-json\/wp\/v2\/media?parent=17193"}],"curies":[{"name":"wp","href":"https:\/\/api.w.org\/{rel}","templated":true}]}}