{"id":17186,"date":"2020-02-02T17:00:05","date_gmt":"2020-02-02T16:00:05","guid":{"rendered":"https:\/\/www.sfsic.org\/la-sfsic\/commission-recherche\/"},"modified":"2022-01-27T15:34:33","modified_gmt":"2022-01-27T14:34:33","slug":"research-commission","status":"publish","type":"page","link":"https:\/\/www.sfsic.org\/en\/the-sfsic\/research-commission\/","title":{"rendered":"Research Commission"},"content":{"rendered":"<p><b>Vice Presidents (2018\u20132020 period)<\/b><\/p>\n<p>Sylvie Alemanno (PR, CNAM, DICEN)<\/p>\n<p>Dominique Bessi\u00e8res (MCF HC, Rennes 2 University, PREFICS)<\/p>\n<p>Jean-Claude Domenget (MCF HDR, University of Franche-Compt\u00e9, Elliadd).<\/p>\n<p>Contact : <a href=\"mailto:vp-recherche@sfsic.org\">vp-recherche@sfsic.org<\/a><\/p>\n<p><!-- flzn:textblock --><\/p>\n<div class=\"zone zn-textblock with-2-blocs\" id=\"flzn-textblock-1\">\n<div class=\"zone-block zn-textblock-block pdd-top-off pdd-bottom-off alignwide va-top\">\n<div class=\"row mw-content-zone\">\n<div class=\"columns large-12\">\n<div class=\"row with-nice-alignment nbloc-2 va-top\">\n<div class=\"columns large-6 zn-textblock-col\">\n<div class=\"columns-inner\" data-aos=\"fade-up\" data-aos-once=\"true\" data-aos-anchor=\"#flzn-textblock-1\" data-aos-anchor-placement=\"top-bottom\" data-aos-delay=\"150\">\n<div class=\"wig-content mw-content\">\n<p>The mission of the Research Commission is to highlight research axes and structuring themes of our discipline. It aims to represent the diversity of research fields and areas carried out by laboratories, researchers, and PhD students in ICS.<\/p>\n<p>It contributes to the animation of the Information and Communication Studies scientific community.<\/p>\n<p>Its action is developed around several domains of activity which have as a common denominator to propose frameworks for exchange, to coordinate collective reflection and, to make ICS research visible.<\/p>\n<\/p><\/div>\n<\/p><\/div>\n<\/p><\/div>\n<div class=\"columns large-6 zn-textblock-col\">\n<div class=\"columns-inner\" data-aos=\"fade-up\" data-aos-once=\"true\" data-aos-anchor=\"#flzn-textblock-1\" data-aos-anchor-placement=\"top-bottom\" data-aos-delay=\"300\">\n<div class=\"wig-content mw-content\">\n<p>The Research Commission thus assumes the scientific coordination of the SFSIC\u2019s Congresses, Doctoral Days, and thematic study days. It oversees the <a href=\"https:\/\/www.sfsic.org\/en\/sfsic-events\/evenements-labellises-sfsic\/\">labeling of scientific events<\/a>. The commission highlights the <a href=\"https:\/\/www.sfsic.org\/en\/the-sfsic\/groupes-detudes-et-de-recherche\/\">Study and Research Group\u2019s<\/a> (Groupes d\u2019\u00e9tudes et de Recherche, GER) activities, and administers the GER\u2019s accreditation.<br \/>\nIt represents its members before other national authorities of the discipline (<a href=\"https:\/\/www.conseil-national-des-universites.fr\" target=\"_blank\" rel=\"noopener\"><i>CNU 71e section<\/i><\/a> and the <a href=\"http:\/\/cpdirsic.fr\/\" target=\"_blank\" rel=\"noopener\"><i>CPDirSIC<\/i><\/a>), particularly during the update of the list of qualifying journals (<i>liste des revues qualifiantes<\/i>).<\/p>\n<\/p><\/div>\n<\/p><\/div>\n<\/p><\/div>\n<\/p><\/div>\n<\/p><\/div>\n<\/p><\/div>\n<\/p><\/div>\n<\/div>\n<p><!-- \/flzn:textblock --><br \/>\n<!-- flzn:textblock --><\/p>\n<div class=\"zone zn-textblock\" id=\"flzn-textblock-2\">\n<div class=\"zone-block zn-textblock-block alignwide va-top\">\n<div class=\"row mw-content-zone\">\n<div class=\"columns large-12\">\n<div class=\"row large-up-1 with-nice-alignment nbloc-1\">\n<div class=\"column zn-textblock-col\">\n<div class=\"column-inner\" data-aos=\"fade-up\" data-aos-once=\"true\" data-aos-anchor=\"#flzn-textblock-2\" data-aos-anchor-placement=\"top-bottom\">\n<div class=\"wig-content mw-content\">\n<h3 style=\"text-align: center;\">Pour le mandat 2018-2020, la commission Recherche d\u00e9veloppe trois chantiers transversaux<\/h3>\n<\/p><\/div>\n<\/p><\/div>\n<\/p><\/div>\n<\/p><\/div>\n<\/p><\/div>\n<\/p><\/div>\n<\/p><\/div>\n<\/div>\n<p><!-- \/flzn:textblock --><br \/>\n<!-- flzn:textblock --><\/p>\n<div class=\"zone zn-textblock with-2-blocs\" id=\"flzn-textblock-3\">\n<div class=\"zone-block zn-textblock-block alignwide va-top\">\n<div class=\"row mw-content-zone\">\n<div class=\"columns large-12\">\n<div class=\"row with-nice-alignment nbloc-2 va-top\">\n<div class=\"columns large-6 zn-textblock-col\">\n<div class=\"columns-inner\" data-aos=\"fade-up\" data-aos-once=\"true\" data-aos-anchor=\"#flzn-textblock-3\" data-aos-anchor-placement=\"top-bottom\" data-aos-delay=\"150\">\n<div class=\"wig-content mw-content\">\n<ul>\n<li><strong>Enqu\u00eate sur l\u2019\u00e9thique de la recherche li\u00e9e au num\u00e9rique :<\/strong><\/li>\n<\/ul>\n<p>Une enqu\u00eate, initi\u00e9e par Jean-Claude Domenget et Carsten Wilhelm, a \u00e9t\u00e9 conduite aupr\u00e8s des membres de la SFSIC \u00e0 propos de l\u2019\u00e9thique de la recherche li\u00e9e au num\u00e9rique. Un groupe de r\u00e9flexion a \u00e9t\u00e9 cr\u00e9\u00e9 afin d\u2019accompagner la communaut\u00e9 sur les enjeux \u00e9thiques rencontr\u00e9s dans ses pratiques de recherche li\u00e9es au num\u00e9rique. Sont notamment interrog\u00e9s : les types de projet conduisant particuli\u00e8rement \u00e0 un questionnement \u00e9thique, l\u2019int\u00e9grit\u00e9 scientifique et les principes \u00e9thiques, les enjeux \u00e9thiques du traitement des donn\u00e9es num\u00e9riques, les pratiques de validation d\u2019un projet par des commissions \u00e9thiques, la formation \u00e0 l\u2019\u00e9thique de la recherche en ligne, etc. Dans un contexte d&rsquo;encadrement grandissant des pratiques de recherche en ligne, le potentiel r\u00f4le d&rsquo;une instance comme la SFSIC est interrog\u00e9e, avec une ambition de comparaison transculturelle.<\/p>\n<\/p><\/div>\n<\/p><\/div>\n<\/p><\/div>\n<div class=\"columns large-6 zn-textblock-col\">\n<div class=\"columns-inner\" data-aos=\"fade-up\" data-aos-once=\"true\" data-aos-anchor=\"#flzn-textblock-3\" data-aos-anchor-placement=\"top-bottom\" data-aos-delay=\"300\">\n<div class=\"wig-content mw-content\">\n<ul>\n<li><strong>Promouvoir les th\u00e8ses CIFRE en SIC<\/strong><\/li>\n<\/ul>\n<p>Enqu\u00eate CIFRE aupr\u00e8s des laboratoires sur les proc\u00e9dures, la place du directeur de recherche, du garant en entreprise, les types d\u2019entreprises, les espaces de recrutement (linkedin, Viade\u0301o, les services des universit\u00e9s, les relations personnelles, etc.) et production d\u2019un livret SIC-CIFRE en ligne sur le site de la SFSIC en lien avec la <a href=\"https:\/\/www.sfsic.org\/en\/the-sfsic\/professional-relations-commission\/\">commission Relations professionnelles<\/a>.<\/p>\n<ul>\n<li><strong>Etude des structurations des soci\u00e9t\u00e9s savantes SHS<\/strong><\/li>\n<\/ul>\n<p>Afin de mieux comprendre leur fonctionnement et leurs diff\u00e9rentes modalit\u00e9s d&rsquo;organisation, une \u00e9tude est men\u00e9e pour proposer a\u0300 terme une meilleure inscription des SIC dans le paysage des soci\u00e9t\u00e9s savantes, introduire et d\u00e9velopper des relations avec elles pour plus d&rsquo;interconnaissance et de visibilit\u00e9\u0301 d&rsquo;une part, pour proposer en concertation avec certains membres du CA des r\u00e9flexions, des actions, voire une strat\u00e9gie de relations institutionnelles pour conforter les SIC d&rsquo;autre part.<\/p>\n<\/p><\/div>\n<\/p><\/div>\n<\/p><\/div>\n<\/p><\/div>\n<\/p><\/div>\n<\/p><\/div>\n<\/p><\/div>\n<\/div>\n<p><!-- \/flzn:textblock --><br \/>\n<!-- flzn:textblock --><\/p>\n<div class=\"zone zn-textblock\" id=\"flzn-textblock-4\">\n<div class=\"zone-block zn-textblock-block alignwide va-top\">\n<div class=\"row mw-content-zone\">\n<div class=\"columns large-12\">\n<div class=\"row large-up-1 with-nice-alignment nbloc-1\">\n<div class=\"column zn-textblock-col\">\n<div class=\"column-inner\" data-aos=\"fade-up\" data-aos-once=\"true\" data-aos-anchor=\"#flzn-textblock-4\" data-aos-anchor-placement=\"top-bottom\">\n<div class=\"wig-content mw-content\">\n<h3 style=\"text-align: center;\">Le travail de l&rsquo;\u00e9quipe actuelle s\u2019inscrit dans la continuit\u00e9 des r\u00e9alisations men\u00e9es \u00e0 bien lors de pr\u00e9c\u00e9dents mandats<\/h3>\n<\/p><\/div>\n<\/p><\/div>\n<\/p><\/div>\n<\/p><\/div>\n<\/p><\/div>\n<\/p><\/div>\n<\/p><\/div>\n<\/div>\n<p><!-- \/flzn:textblock --><br \/>\n<!-- flzn:textblock --><\/p>\n<div class=\"zone zn-textblock with-2-blocs\" id=\"flzn-textblock-5\">\n<div class=\"zone-block zn-textblock-block alignwide va-top\">\n<div class=\"row mw-content-zone\">\n<div class=\"columns large-12\">\n<div class=\"row with-nice-alignment nbloc-2 va-top\">\n<div class=\"columns large-6 zn-textblock-col\">\n<div class=\"columns-inner\">\n<div class=\"wig-content mw-content\">\n<ul>\n<li>Les journ\u00e9es \u00ab humanit\u00e9s num\u00e9riques \u00bb, coordonn\u00e9es par Fran\u00e7oise Paquiens\u00e9guy et Nicolas P\u00e9lissier, ont ouvert une r\u00e9flexion en profondeur sur la dimension structurante de cette notion transverse pour la discipline. Le d\u00e9veloppement de cette action de mise en visibilit\u00e9 et reconnaissance du champ de recherche novateur a \u00e9t\u00e9 initi\u00e9 \u00e0 compter des doctorales de Lille de 2015.<\/li>\n<li>Le th\u00e8me des th\u00e8ses CIFRE SIC est d\u00e9velopp\u00e9 depuis 2016. Ce travail a d\u00e9but\u00e9 avec une enqu\u00eate aupr\u00e8s des laboratoires sur : la proc\u00e9dure, les places du directeur de recherche et du garant en entreprise, les types d\u2019entreprises et d\u2019organisation, les espaces de recrutement\u2026 Il a \u00e9t\u00e9 d\u00e9velopp\u00e9 ensuite en compl\u00e9mentarit\u00e9 avec la <a href=\"https:\/\/www.sfsic.org\/en\/the-sfsic\/professional-relations-commission\/\">commission Relations professionnelles<\/a>, puis, en 2019-2020, avec la <a href=\"https:\/\/www.sfsic.org\/en\/the-sfsic\/education-commission\/\">commission Formation<\/a><\/li>\n<\/ul><\/div>\n<\/p><\/div>\n<\/p><\/div>\n<div class=\"columns large-6 zn-textblock-col\">\n<div class=\"columns-inner\">\n<div class=\"wig-content mw-content\">\n<ul>\n<li>La cartographie des revues de la discipline \u00e9tablie par Jean-Claude Domenget et Nicolas P\u00e9lissier sur la mandature 2014-2016, au-del\u00e0 des revues qualifiantes, comprend les revues de la discipline, leur classement, ainsi que les collections consacr\u00e9es \u00e0 notre discipline. Ce recensement a permis une meilleure lecture de l\u2019ensemble des lieux possibles de publications et d\u2019\u00e9toffer substantiellement la liste des revues qualifiantes.<\/li>\n<\/ul><\/div>\n<\/p><\/div>\n<\/p><\/div>\n<\/p><\/div>\n<\/p><\/div>\n<\/p><\/div>\n<\/p><\/div>\n<\/div>\n<p><!-- \/flzn:textblock --><\/p>\n","protected":false},"excerpt":{"rendered":"<p>Vice Presidents (2018\u20132020 period) Sylvie Alemanno (PR, CNAM, DICEN) Dominique Bessi\u00e8res (MCF HC, Rennes 2 University, PREFICS) Jean-Claude Domenget (MCF HDR, University of Franche-Compt\u00e9, Elliadd). Contact : vp-recherche@sfsic.org The mission [&hellip;]<\/p>\n","protected":false},"author":959,"featured_media":0,"parent":16557,"menu_order":10,"comment_status":"closed","ping_status":"closed","template":"","meta":{"_acf_changed":false,"footnotes":""},"class_list":["post-17186","page","type-page","status-publish","hentry","wp-sticky"],"acf":[],"yoast_head":"<!-- This site is optimized with the Yoast SEO plugin v27.4 - https:\/\/yoast.com\/product\/yoast-seo-wordpress\/ -->\n<title>Commission recherche SFSIC, Recherches SIC laboratoires &amp; doctorants<\/title>\n<meta name=\"description\" content=\"La commission Recherche a pour mission de mettre en lumi\u00e8re des axes de recherche et des th\u00e9matiques structurantes pour notre discipline. Elle s\u2019attache \u00e0 repr\u00e9senter la pluralit\u00e9\u0301 des champs et terrains de recherche port\u00e9s par les laboratoires, les chercheurs et les doctorants en SIC.\" \/>\n<meta name=\"robots\" content=\"index, follow, max-snippet:-1, max-image-preview:large, max-video-preview:-1\" \/>\n<link rel=\"canonical\" href=\"https:\/\/www.sfsic.org\/en\/the-sfsic\/research-commission\/\" \/>\n<meta property=\"og:locale\" content=\"en_US\" \/>\n<meta property=\"og:type\" content=\"article\" \/>\n<meta property=\"og:title\" content=\"Commission recherche SFSIC, Recherches SIC laboratoires &amp; doctorants\" \/>\n<meta property=\"og:description\" content=\"La commission Recherche a pour mission de mettre en lumi\u00e8re des axes de recherche et des th\u00e9matiques structurantes pour notre discipline. Elle s\u2019attache \u00e0 repr\u00e9senter la pluralit\u00e9\u0301 des champs et terrains de recherche port\u00e9s par les laboratoires, les chercheurs et les doctorants en SIC.\" \/>\n<meta property=\"og:url\" content=\"https:\/\/www.sfsic.org\/en\/the-sfsic\/research-commission\/\" \/>\n<meta property=\"og:site_name\" content=\"SFSIC\" \/>\n<meta property=\"article:modified_time\" content=\"2022-01-27T14:34:33+00:00\" \/>\n<meta name=\"twitter:card\" content=\"summary_large_image\" \/>\n<script type=\"application\/ld+json\" class=\"yoast-schema-graph\">{\"@context\":\"https:\\\/\\\/schema.org\",\"@graph\":[{\"@type\":\"WebPage\",\"@id\":\"https:\\\/\\\/www.sfsic.org\\\/en\\\/the-sfsic\\\/research-commission\\\/\",\"url\":\"https:\\\/\\\/www.sfsic.org\\\/en\\\/the-sfsic\\\/research-commission\\\/\",\"name\":\"Commission recherche SFSIC, Recherches SIC laboratoires & doctorants\",\"isPartOf\":{\"@id\":\"https:\\\/\\\/www.sfsic.org\\\/en\\\/#website\"},\"datePublished\":\"2020-02-02T16:00:05+00:00\",\"dateModified\":\"2022-01-27T14:34:33+00:00\",\"description\":\"La commission Recherche a pour mission de mettre en lumi\u00e8re des axes de recherche et des th\u00e9matiques structurantes pour notre discipline. Elle s\u2019attache \u00e0 repr\u00e9senter la pluralit\u00e9\u0301 des champs et terrains de recherche port\u00e9s par les laboratoires, les chercheurs et les doctorants en SIC.\",\"breadcrumb\":{\"@id\":\"https:\\\/\\\/www.sfsic.org\\\/en\\\/the-sfsic\\\/research-commission\\\/#breadcrumb\"},\"inLanguage\":\"en-US\",\"potentialAction\":[{\"@type\":\"ReadAction\",\"target\":[\"https:\\\/\\\/www.sfsic.org\\\/en\\\/the-sfsic\\\/research-commission\\\/\"]}]},{\"@type\":\"BreadcrumbList\",\"@id\":\"https:\\\/\\\/www.sfsic.org\\\/en\\\/the-sfsic\\\/research-commission\\\/#breadcrumb\",\"itemListElement\":[{\"@type\":\"ListItem\",\"position\":1,\"name\":\"Accueil\",\"item\":\"https:\\\/\\\/www.sfsic.org\\\/en\\\/\"},{\"@type\":\"ListItem\",\"position\":2,\"name\":\"The SFSIC\",\"item\":\"https:\\\/\\\/www.sfsic.org\\\/en\\\/the-sfsic\\\/\"},{\"@type\":\"ListItem\",\"position\":3,\"name\":\"Research Commission\"}]},{\"@type\":\"WebSite\",\"@id\":\"https:\\\/\\\/www.sfsic.org\\\/en\\\/#website\",\"url\":\"https:\\\/\\\/www.sfsic.org\\\/en\\\/\",\"name\":\"SFSIC\",\"description\":\"Soci\u00e9t\u00e9 Fran\u00e7aise des Sciences de l&#039;Information &amp; de la Communication\",\"publisher\":{\"@id\":\"https:\\\/\\\/www.sfsic.org\\\/en\\\/#organization\"},\"potentialAction\":[{\"@type\":\"SearchAction\",\"target\":{\"@type\":\"EntryPoint\",\"urlTemplate\":\"https:\\\/\\\/www.sfsic.org\\\/en\\\/?s={search_term_string}\"},\"query-input\":{\"@type\":\"PropertyValueSpecification\",\"valueRequired\":true,\"valueName\":\"search_term_string\"}}],\"inLanguage\":\"en-US\"},{\"@type\":\"Organization\",\"@id\":\"https:\\\/\\\/www.sfsic.org\\\/en\\\/#organization\",\"name\":\"SFSIC\",\"url\":\"https:\\\/\\\/www.sfsic.org\\\/en\\\/\",\"logo\":{\"@type\":\"ImageObject\",\"inLanguage\":\"en-US\",\"@id\":\"https:\\\/\\\/www.sfsic.org\\\/en\\\/#\\\/schema\\\/logo\\\/image\\\/\",\"url\":\"https:\\\/\\\/www.sfsic.org\\\/wp-inside\\\/uploads\\\/2020\\\/05\\\/logo-sfsic.jpg\",\"contentUrl\":\"https:\\\/\\\/www.sfsic.org\\\/wp-inside\\\/uploads\\\/2020\\\/05\\\/logo-sfsic.jpg\",\"width\":1085,\"height\":1080,\"caption\":\"SFSIC\"},\"image\":{\"@id\":\"https:\\\/\\\/www.sfsic.org\\\/en\\\/#\\\/schema\\\/logo\\\/image\\\/\"}}]}<\/script>\n<!-- \/ Yoast SEO plugin. -->","yoast_head_json":{"title":"Commission recherche SFSIC, Recherches SIC laboratoires & doctorants","description":"La commission Recherche a pour mission de mettre en lumi\u00e8re des axes de recherche et des th\u00e9matiques structurantes pour notre discipline. Elle s\u2019attache \u00e0 repr\u00e9senter la pluralit\u00e9\u0301 des champs et terrains de recherche port\u00e9s par les laboratoires, les chercheurs et les doctorants en SIC.","robots":{"index":"index","follow":"follow","max-snippet":"max-snippet:-1","max-image-preview":"max-image-preview:large","max-video-preview":"max-video-preview:-1"},"canonical":"https:\/\/www.sfsic.org\/en\/the-sfsic\/research-commission\/","og_locale":"en_US","og_type":"article","og_title":"Commission recherche SFSIC, Recherches SIC laboratoires & doctorants","og_description":"La commission Recherche a pour mission de mettre en lumi\u00e8re des axes de recherche et des th\u00e9matiques structurantes pour notre discipline. Elle s\u2019attache \u00e0 repr\u00e9senter la pluralit\u00e9\u0301 des champs et terrains de recherche port\u00e9s par les laboratoires, les chercheurs et les doctorants en SIC.","og_url":"https:\/\/www.sfsic.org\/en\/the-sfsic\/research-commission\/","og_site_name":"SFSIC","article_modified_time":"2022-01-27T14:34:33+00:00","twitter_card":"summary_large_image","schema":{"@context":"https:\/\/schema.org","@graph":[{"@type":"WebPage","@id":"https:\/\/www.sfsic.org\/en\/the-sfsic\/research-commission\/","url":"https:\/\/www.sfsic.org\/en\/the-sfsic\/research-commission\/","name":"Commission recherche SFSIC, Recherches SIC laboratoires & doctorants","isPartOf":{"@id":"https:\/\/www.sfsic.org\/en\/#website"},"datePublished":"2020-02-02T16:00:05+00:00","dateModified":"2022-01-27T14:34:33+00:00","description":"La commission Recherche a pour mission de mettre en lumi\u00e8re des axes de recherche et des th\u00e9matiques structurantes pour notre discipline. Elle s\u2019attache \u00e0 repr\u00e9senter la pluralit\u00e9\u0301 des champs et terrains de recherche port\u00e9s par les laboratoires, les chercheurs et les doctorants en SIC.","breadcrumb":{"@id":"https:\/\/www.sfsic.org\/en\/the-sfsic\/research-commission\/#breadcrumb"},"inLanguage":"en-US","potentialAction":[{"@type":"ReadAction","target":["https:\/\/www.sfsic.org\/en\/the-sfsic\/research-commission\/"]}]},{"@type":"BreadcrumbList","@id":"https:\/\/www.sfsic.org\/en\/the-sfsic\/research-commission\/#breadcrumb","itemListElement":[{"@type":"ListItem","position":1,"name":"Accueil","item":"https:\/\/www.sfsic.org\/en\/"},{"@type":"ListItem","position":2,"name":"The SFSIC","item":"https:\/\/www.sfsic.org\/en\/the-sfsic\/"},{"@type":"ListItem","position":3,"name":"Research Commission"}]},{"@type":"WebSite","@id":"https:\/\/www.sfsic.org\/en\/#website","url":"https:\/\/www.sfsic.org\/en\/","name":"SFSIC","description":"Soci\u00e9t\u00e9 Fran\u00e7aise des Sciences de l&#039;Information &amp; de la Communication","publisher":{"@id":"https:\/\/www.sfsic.org\/en\/#organization"},"potentialAction":[{"@type":"SearchAction","target":{"@type":"EntryPoint","urlTemplate":"https:\/\/www.sfsic.org\/en\/?s={search_term_string}"},"query-input":{"@type":"PropertyValueSpecification","valueRequired":true,"valueName":"search_term_string"}}],"inLanguage":"en-US"},{"@type":"Organization","@id":"https:\/\/www.sfsic.org\/en\/#organization","name":"SFSIC","url":"https:\/\/www.sfsic.org\/en\/","logo":{"@type":"ImageObject","inLanguage":"en-US","@id":"https:\/\/www.sfsic.org\/en\/#\/schema\/logo\/image\/","url":"https:\/\/www.sfsic.org\/wp-inside\/uploads\/2020\/05\/logo-sfsic.jpg","contentUrl":"https:\/\/www.sfsic.org\/wp-inside\/uploads\/2020\/05\/logo-sfsic.jpg","width":1085,"height":1080,"caption":"SFSIC"},"image":{"@id":"https:\/\/www.sfsic.org\/en\/#\/schema\/logo\/image\/"}}]}},"_links":{"self":[{"href":"https:\/\/www.sfsic.org\/en\/wp-json\/wp\/v2\/pages\/17186","targetHints":{"allow":["GET"]}}],"collection":[{"href":"https:\/\/www.sfsic.org\/en\/wp-json\/wp\/v2\/pages"}],"about":[{"href":"https:\/\/www.sfsic.org\/en\/wp-json\/wp\/v2\/types\/page"}],"author":[{"embeddable":true,"href":"https:\/\/www.sfsic.org\/en\/wp-json\/wp\/v2\/users\/959"}],"replies":[{"embeddable":true,"href":"https:\/\/www.sfsic.org\/en\/wp-json\/wp\/v2\/comments?post=17186"}],"version-history":[{"count":5,"href":"https:\/\/www.sfsic.org\/en\/wp-json\/wp\/v2\/pages\/17186\/revisions"}],"predecessor-version":[{"id":22459,"href":"https:\/\/www.sfsic.org\/en\/wp-json\/wp\/v2\/pages\/17186\/revisions\/22459"}],"up":[{"embeddable":true,"href":"https:\/\/www.sfsic.org\/en\/wp-json\/wp\/v2\/pages\/16557"}],"wp:attachment":[{"href":"https:\/\/www.sfsic.org\/en\/wp-json\/wp\/v2\/media?parent=17186"}],"curies":[{"name":"wp","href":"https:\/\/api.w.org\/{rel}","templated":true}]}}